{"id":5138,"date":"2021-07-21T15:45:45","date_gmt":"2021-07-21T12:45:45","guid":{"rendered":"https:\/\/cyberlevins.com\/?page_id=5138"},"modified":"2021-10-06T08:16:47","modified_gmt":"2021-10-06T05:16:47","slug":"insurance-products","status":"publish","type":"page","link":"https:\/\/cyberlevins.com\/ro\/insurance-products","title":{"rendered":"Insurance Products"},"content":{"rendered":"\t\t<div data-elementor-type=\"wp-post\" data-elementor-id=\"5138\" class=\"elementor elementor-5138 elementor-309\" data-elementor-post-type=\"page\">\n\t\t\t\t\t\t<section class=\"elementor-section elementor-top-section elementor-element elementor-element-df83d1b elementor-section-boxed elementor-section-height-default elementor-section-height-default\" data-id=\"df83d1b\" data-element_type=\"section\">\n\t\t\t\t\t\t<div class=\"elementor-container elementor-column-gap-default\">\n\t\t\t\t\t<div class=\"elementor-column elementor-col-100 elementor-top-column elementor-element elementor-element-c7a12ec\" data-id=\"c7a12ec\" data-element_type=\"column\">\n\t\t\t<div class=\"elementor-widget-wrap elementor-element-populated\">\n\t\t\t\t\t\t<section class=\"elementor-section elementor-inner-section elementor-element elementor-element-9cae0d9 elementor-section-boxed elementor-section-height-default elementor-section-height-default\" data-id=\"9cae0d9\" data-element_type=\"section\">\n\t\t\t\t\t\t<div class=\"elementor-container elementor-column-gap-no\">\n\t\t\t\t\t<div class=\"elementor-column elementor-col-50 elementor-inner-column elementor-element elementor-element-d87b051\" data-id=\"d87b051\" data-element_type=\"column\" data-settings=\"{&quot;background_background&quot;:&quot;classic&quot;}\">\n\t\t\t<div class=\"elementor-widget-wrap elementor-element-populated\">\n\t\t\t\t\t\t<div class=\"elementor-element elementor-element-9a32ec8 elementor-widget elementor-widget-image\" data-id=\"9a32ec8\" data-element_type=\"widget\" data-widget_type=\"image.default\">\n\t\t\t\t<div class=\"elementor-widget-container\">\n\t\t\t\t\t\t\t\t\t\t\t\t\t\t\t<img fetchpriority=\"high\" decoding=\"async\" width=\"300\" height=\"185\" src=\"https:\/\/cyberlevins.com\/wp-content\/uploads\/2021\/06\/corpo_ins-300x185.jpg\" class=\"attachment-medium size-medium wp-image-3714\" alt=\"\" srcset=\"https:\/\/cyberlevins.com\/wp-content\/uploads\/2021\/06\/corpo_ins-300x185.jpg 300w, https:\/\/cyberlevins.com\/wp-content\/uploads\/2021\/06\/corpo_ins-1024x631.jpg 1024w, https:\/\/cyberlevins.com\/wp-content\/uploads\/2021\/06\/corpo_ins-768x473.jpg 768w, https:\/\/cyberlevins.com\/wp-content\/uploads\/2021\/06\/corpo_ins.jpg 1802w\" sizes=\"(max-width: 300px) 100vw, 300px\" \/>\t\t\t\t\t\t\t\t\t\t\t\t\t\t\t<\/div>\n\t\t\t\t<\/div>\n\t\t\t\t\t<\/div>\n\t\t<\/div>\n\t\t\t\t<div class=\"elementor-column elementor-col-50 elementor-inner-column elementor-element elementor-element-62294be\" data-id=\"62294be\" data-element_type=\"column\">\n\t\t\t<div class=\"elementor-widget-wrap elementor-element-populated\">\n\t\t\t\t\t\t<div class=\"elementor-element elementor-element-658d8e1 elementor-widget elementor-widget-heading\" data-id=\"658d8e1\" data-element_type=\"widget\" data-widget_type=\"heading.default\">\n\t\t\t\t<div class=\"elementor-widget-container\">\n\t\t\t\t\t<h2 class=\"elementor-heading-title elementor-size-default\">Asigurarea Cyber One<\/h2>\t\t\t\t<\/div>\n\t\t\t\t<\/div>\n\t\t\t\t<div class=\"elementor-element elementor-element-aa03340 elementor-widget elementor-widget-heading\" data-id=\"aa03340\" data-element_type=\"widget\" data-widget_type=\"heading.default\">\n\t\t\t\t<div class=\"elementor-widget-container\">\n\t\t\t\t\t<h4 class=\"elementor-heading-title elementor-size-default\">Ce este aceast\u0103 asigurare?<\/h4>\t\t\t\t<\/div>\n\t\t\t\t<\/div>\n\t\t\t\t<div class=\"elementor-element elementor-element-973df35 elementor-widget elementor-widget-text-editor\" data-id=\"973df35\" data-element_type=\"widget\" data-widget_type=\"text-editor.default\">\n\t\t\t\t<div class=\"elementor-widget-container\">\n\t\t\t\t\t\t\t\t\t<p style=\"text-align: left;\"><span data-sheets-value=\"{\" data-sheets-userformat=\"{\">Asigurarea CyberOne ofer\u0103 protec\u021bie financiar\u0103 \u00eempotriva pierderilor companiei cauzate de \u00eentreruperea opera\u021biunilor normale din cauza nefunc\u021bion\u0103rii sistemelor \u0219i a costurilor legate de gestionarea consecin\u021belor unui incident cibernetic, precum \u0219i a r\u0103spunderii fa\u021b\u0103 de ter\u021bi legate de confiden\u021bialitatea \u0219i reputa\u021bia datelor. Abordarea noastr\u0103 combin\u0103 protec\u021bia financiar\u0103 cu o gam\u0103 complet\u0103 de solu\u021bii tehnice de evaluare \u0219i gestionare a riscurilor \u00een cadrul centrelor noastre opera\u021bionale de securitate, care asigur\u0103 reducerea real\u0103 a riscurilor cibernetice pentru clien\u021bii no\u0219tri.<\/span><\/p>\t\t\t\t\t\t\t\t<\/div>\n\t\t\t\t<\/div>\n\t\t\t\t<div class=\"elementor-element elementor-element-13c7b4f elementor-widget elementor-widget-heading\" data-id=\"13c7b4f\" data-element_type=\"widget\" data-widget_type=\"heading.default\">\n\t\t\t\t<div class=\"elementor-widget-container\">\n\t\t\t\t\t<h4 class=\"elementor-heading-title elementor-size-default\">Ce se asigur\u0103?<\/h4>\t\t\t\t<\/div>\n\t\t\t\t<\/div>\n\t\t\t\t<div class=\"elementor-element elementor-element-be0ab99 elementor-widget elementor-widget-text-editor\" data-id=\"be0ab99\" data-element_type=\"widget\" data-widget_type=\"text-editor.default\">\n\t\t\t\t<div class=\"elementor-widget-container\">\n\t\t\t\t\t\t\t\t\t<p style=\"text-align: left;\"><span data-sheets-value=\"{\" data-sheets-userformat=\"{\">Riscurile cibernetice proprii:<\/span><\/p><ul style=\"text-align: left;\"><li><span data-sheets-value=\"{\" data-sheets-userformat=\"{\">Deteriorarea activelor digitale<\/span><\/li><li><span data-sheets-value=\"{\" data-sheets-userformat=\"{\">\u00centreruperea afacerii cibernetice<\/span><\/li><li><span data-sheets-value=\"{\" data-sheets-userformat=\"{\">Extorcarea cibernetic\u0103<\/span><\/li><li><span data-sheets-value=\"{\" data-sheets-userformat=\"{\">Restric\u021bionarea accesului<\/span><\/li><li><span data-sheets-value=\"{\" data-sheets-userformat=\"{\">R\u0103spunsul la incidentele cibernetice<\/span><\/li><li><span data-sheets-value=\"{\" data-sheets-userformat=\"{\">Terorismul cibernetic<\/span><\/li><li><span data-sheets-value=\"{\" data-sheets-userformat=\"{\">Cheltuielile de restabilire a reputa\u021biei, inclusiv pentru membrii executivi<\/span><\/li><\/ul><p style=\"text-align: left;\"><span data-sheets-value=\"{\" data-sheets-userformat=\"{\">R\u0103spunderea fa\u021b\u0103 de ter\u021bi:<\/span><\/p><ul><li style=\"text-align: left;\"><span data-sheets-value=\"{\" data-sheets-userformat=\"{\">Desp\u0103gubiri \u00een cazul \u00eenc\u0103lc\u0103rilor confiden\u021bialit\u0103\u021bii datelor<\/span><\/li><li style=\"text-align: left;\"><span data-sheets-value=\"{\" data-sheets-userformat=\"{\">Reclama\u021bii privind r\u0103spunderea \u00een mediile internet<\/span><\/li><li style=\"text-align: left;\"><span data-sheets-value=\"{\" data-sheets-userformat=\"{\">Cheltuieli legate de \u00eenc\u0103lcarea standardelor de securitate PCI<\/span><\/li><li style=\"text-align: left;\"><span data-sheets-value=\"{\" data-sheets-userformat=\"{\">Cheltuieli legale \u0219i amenzi administrative (inclusiv pentru \u00eenc\u0103lc\u0103ri ale GDPR)<\/span><\/li><\/ul>\t\t\t\t\t\t\t\t<\/div>\n\t\t\t\t<\/div>\n\t\t\t\t<div class=\"elementor-element elementor-element-13da65f elementor-align-left elementor-mobile-align-center elementor-widget elementor-widget-button\" data-id=\"13da65f\" data-element_type=\"widget\" data-widget_type=\"button.default\">\n\t\t\t\t<div class=\"elementor-widget-container\">\n\t\t\t\t\t\t\t\t\t<div class=\"elementor-button-wrapper\">\n\t\t\t\t\t<a class=\"elementor-button elementor-button-link elementor-size-md\" href=\"https:\/\/cyberlevins.com\/ro\/cyber-one-questionnaire\">\n\t\t\t\t\t\t<span class=\"elementor-button-content-wrapper\">\n\t\t\t\t\t\t\t\t\t<span class=\"elementor-button-text\">Ob\u021bine\u021bi o ofert\u0103<\/span>\n\t\t\t\t\t<\/span>\n\t\t\t\t\t<\/a>\n\t\t\t\t<\/div>\n\t\t\t\t\t\t\t\t<\/div>\n\t\t\t\t<\/div>\n\t\t\t\t\t<\/div>\n\t\t<\/div>\n\t\t\t\t\t<\/div>\n\t\t<\/section>\n\t\t\t\t\t<\/div>\n\t\t<\/div>\n\t\t\t\t\t<\/div>\n\t\t<\/section>\n\t\t\t\t<section class=\"elementor-section elementor-top-section elementor-element elementor-element-8dee561 elementor-section-content-middle elementor-section-boxed elementor-section-height-default elementor-section-height-default\" data-id=\"8dee561\" data-element_type=\"section\" data-settings=\"{&quot;background_background&quot;:&quot;classic&quot;}\">\n\t\t\t\t\t\t<div class=\"elementor-container elementor-column-gap-no\">\n\t\t\t\t\t<div class=\"elementor-column elementor-col-100 elementor-top-column elementor-element elementor-element-2fa39b7\" data-id=\"2fa39b7\" data-element_type=\"column\">\n\t\t\t<div class=\"elementor-widget-wrap elementor-element-populated\">\n\t\t\t\t\t\t<section class=\"elementor-section elementor-inner-section elementor-element elementor-element-c35c7f3 elementor-reverse-mobile elementor-section-boxed elementor-section-height-default elementor-section-height-default\" data-id=\"c35c7f3\" data-element_type=\"section\">\n\t\t\t\t\t\t<div class=\"elementor-container elementor-column-gap-no\">\n\t\t\t\t\t<div class=\"elementor-column elementor-col-50 elementor-inner-column elementor-element elementor-element-7e32c6a\" data-id=\"7e32c6a\" data-element_type=\"column\">\n\t\t\t<div class=\"elementor-widget-wrap elementor-element-populated\">\n\t\t\t\t\t\t<div class=\"elementor-element elementor-element-b557efc elementor-widget elementor-widget-heading\" data-id=\"b557efc\" data-element_type=\"widget\" data-widget_type=\"heading.default\">\n\t\t\t\t<div class=\"elementor-widget-container\">\n\t\t\t\t\t<h2 class=\"elementor-heading-title elementor-size-default\">Cyber Lev Business<\/h2>\t\t\t\t<\/div>\n\t\t\t\t<\/div>\n\t\t\t\t<div class=\"elementor-element elementor-element-ddb6714 elementor-widget elementor-widget-heading\" data-id=\"ddb6714\" data-element_type=\"widget\" data-widget_type=\"heading.default\">\n\t\t\t\t<div class=\"elementor-widget-container\">\n\t\t\t\t\t<h4 class=\"elementor-heading-title elementor-size-default\">Ce este aceast\u0103 asigurare?<\/h4>\t\t\t\t<\/div>\n\t\t\t\t<\/div>\n\t\t\t\t<div class=\"elementor-element elementor-element-e6c3169 elementor-widget elementor-widget-text-editor\" data-id=\"e6c3169\" data-element_type=\"widget\" data-widget_type=\"text-editor.default\">\n\t\t\t\t<div class=\"elementor-widget-container\">\n\t\t\t\t\t\t\t\t\t<p style=\"text-align: left;\"><span data-sheets-value=\"{\" data-sheets-userformat=\"{\">Solu\u021bia noastr\u0103 de asigurare pentru companiile mici \u0219i mijlocii v\u0103 ofer\u0103 stabilitatea afacerii, lini\u0219te sufleteasc\u0103 \u0219i avantajul de a reu\u0219i \u00een lumea digital\u0103 la un pre\u021b accesibil. Pentru a garanta siguran\u021ba IMM-urilor, am inclus un serviciu de gestionare a securit\u0103\u021bii Endpoint Detection and Response (EDR) \u00een pachetul de asigur\u0103ri cibernetice. Aceast\u0103 tehnologie de v\u00e2rf nu numai c\u0103 monitorizeaz\u0103 toate activit\u0103\u021bile neautorizate \u0219i suspecte, dar r\u0103spunde \u0219i blocheaz\u0103 poten\u021bialele atacuri cibernetice.<\/span><\/p>\t\t\t\t\t\t\t\t<\/div>\n\t\t\t\t<\/div>\n\t\t\t\t<div class=\"elementor-element elementor-element-e7c6d57 elementor-widget elementor-widget-heading\" data-id=\"e7c6d57\" data-element_type=\"widget\" data-widget_type=\"heading.default\">\n\t\t\t\t<div class=\"elementor-widget-container\">\n\t\t\t\t\t<h4 class=\"elementor-heading-title elementor-size-default\">Ce se asigur\u0103?<\/h4>\t\t\t\t<\/div>\n\t\t\t\t<\/div>\n\t\t\t\t<div class=\"elementor-element elementor-element-675f57b elementor-widget elementor-widget-text-editor\" data-id=\"675f57b\" data-element_type=\"widget\" data-widget_type=\"text-editor.default\">\n\t\t\t\t<div class=\"elementor-widget-container\">\n\t\t\t\t\t\t\t\t\t<ul><li style=\"text-align: left;\"><span data-sheets-value=\"{\" data-sheets-userformat=\"{\">R\u0103spunsul la \u00eenc\u0103lcarea confiden\u021bialit\u0103\u021bii datelor<\/span><\/li><li style=\"text-align: left;\"><span data-sheets-value=\"{\" data-sheets-userformat=\"{\">Ajutor expert \u00een gestionarea unei amenin\u021b\u0103ri cibernetice sau a unui atac cibernetic<\/span><\/li><li style=\"text-align: left;\"><span data-sheets-value=\"{\" data-sheets-userformat=\"{\">Asisten\u021b\u0103 \u00een caz de furt cibernetic<\/span><\/li><li style=\"text-align: left;\"><span data-sheets-value=\"{\" data-sheets-userformat=\"{\">Asisten\u021b\u0103 \u00een cazul imposibilit\u0103\u021bii accesului la sistemele de operare<\/span><\/li><li style=\"text-align: left;\"><span data-sheets-value=\"{\" data-sheets-userformat=\"{\">P\u00e2n\u0103 la 25 de ore de asisten\u021b\u0103 juridic\u0103 specializat\u0103 oferite pentru mitigarea r\u0103spunderii fa\u021b\u0103 de ter\u021bi \u00a0<\/span><\/li><\/ul>\t\t\t\t\t\t\t\t<\/div>\n\t\t\t\t<\/div>\n\t\t\t\t<div class=\"elementor-element elementor-element-d261770 elementor-align-left elementor-mobile-align-center elementor-widget elementor-widget-button\" data-id=\"d261770\" data-element_type=\"widget\" data-widget_type=\"button.default\">\n\t\t\t\t<div class=\"elementor-widget-container\">\n\t\t\t\t\t\t\t\t\t<div class=\"elementor-button-wrapper\">\n\t\t\t\t\t<a class=\"elementor-button elementor-button-link elementor-size-md\" href=\"https:\/\/cyberlevins.com\/ro\/cyber-lev-order\">\n\t\t\t\t\t\t<span class=\"elementor-button-content-wrapper\">\n\t\t\t\t\t\t\t\t\t<span class=\"elementor-button-text\">Asigur\u0103-te acum<\/span>\n\t\t\t\t\t<\/span>\n\t\t\t\t\t<\/a>\n\t\t\t\t<\/div>\n\t\t\t\t\t\t\t\t<\/div>\n\t\t\t\t<\/div>\n\t\t\t\t\t<\/div>\n\t\t<\/div>\n\t\t\t\t<div class=\"elementor-column elementor-col-50 elementor-inner-column elementor-element elementor-element-d9a83c5\" data-id=\"d9a83c5\" data-element_type=\"column\" data-settings=\"{&quot;background_background&quot;:&quot;classic&quot;}\">\n\t\t\t<div class=\"elementor-widget-wrap elementor-element-populated\">\n\t\t\t\t\t\t<div class=\"elementor-element elementor-element-6636005 elementor-widget elementor-widget-image\" data-id=\"6636005\" data-element_type=\"widget\" data-widget_type=\"image.default\">\n\t\t\t\t<div class=\"elementor-widget-container\">\n\t\t\t\t\t\t\t\t\t\t\t\t\t\t\t<img decoding=\"async\" width=\"768\" height=\"512\" src=\"https:\/\/cyberlevins.com\/wp-content\/uploads\/2021\/04\/slider_2-768x512.jpg\" class=\"attachment-medium_large size-medium_large wp-image-630\" alt=\"Cyber Lev Ins benefits\" srcset=\"https:\/\/cyberlevins.com\/wp-content\/uploads\/2021\/04\/slider_2-768x512.jpg 768w, https:\/\/cyberlevins.com\/wp-content\/uploads\/2021\/04\/slider_2-300x200.jpg 300w, https:\/\/cyberlevins.com\/wp-content\/uploads\/2021\/04\/slider_2-1024x683.jpg 1024w, https:\/\/cyberlevins.com\/wp-content\/uploads\/2021\/04\/slider_2-1536x1024.jpg 1536w, https:\/\/cyberlevins.com\/wp-content\/uploads\/2021\/04\/slider_2-600x400.jpg 600w, https:\/\/cyberlevins.com\/wp-content\/uploads\/2021\/04\/slider_2.jpg 1920w\" sizes=\"(max-width: 768px) 100vw, 768px\" \/>\t\t\t\t\t\t\t\t\t\t\t\t\t\t\t<\/div>\n\t\t\t\t<\/div>\n\t\t\t\t\t<\/div>\n\t\t<\/div>\n\t\t\t\t\t<\/div>\n\t\t<\/section>\n\t\t\t\t\t<\/div>\n\t\t<\/div>\n\t\t\t\t\t<\/div>\n\t\t<\/section>\n\t\t\t\t<section class=\"elementor-section elementor-top-section elementor-element elementor-element-3d72de5 elementor-section-boxed elementor-section-height-default elementor-section-height-default\" data-id=\"3d72de5\" data-element_type=\"section\">\n\t\t\t\t\t\t<div class=\"elementor-container elementor-column-gap-default\">\n\t\t\t\t\t<div class=\"elementor-column elementor-col-100 elementor-top-column elementor-element elementor-element-ba3f0b9\" data-id=\"ba3f0b9\" data-element_type=\"column\">\n\t\t\t<div class=\"elementor-widget-wrap elementor-element-populated\">\n\t\t\t\t\t\t<section class=\"elementor-section elementor-inner-section elementor-element elementor-element-9c81e0f elementor-section-boxed elementor-section-height-default elementor-section-height-default\" data-id=\"9c81e0f\" data-element_type=\"section\">\n\t\t\t\t\t\t<div class=\"elementor-container elementor-column-gap-no\">\n\t\t\t\t\t<div class=\"elementor-column elementor-col-50 elementor-inner-column elementor-element elementor-element-d433f80\" data-id=\"d433f80\" data-element_type=\"column\" data-settings=\"{&quot;background_background&quot;:&quot;classic&quot;}\">\n\t\t\t<div class=\"elementor-widget-wrap elementor-element-populated\">\n\t\t\t\t\t\t<div class=\"elementor-element elementor-element-ef66f5e elementor-widget elementor-widget-image\" data-id=\"ef66f5e\" data-element_type=\"widget\" data-widget_type=\"image.default\">\n\t\t\t\t<div class=\"elementor-widget-container\">\n\t\t\t\t\t\t\t\t\t\t\t\t\t\t\t<img decoding=\"async\" width=\"768\" height=\"512\" src=\"https:\/\/cyberlevins.com\/wp-content\/uploads\/2021\/04\/main_slider-768x512.jpg\" class=\"attachment-medium_large size-medium_large wp-image-407\" alt=\"Cyber insurance\" srcset=\"https:\/\/cyberlevins.com\/wp-content\/uploads\/2021\/04\/main_slider-768x512.jpg 768w, https:\/\/cyberlevins.com\/wp-content\/uploads\/2021\/04\/main_slider-300x200.jpg 300w, https:\/\/cyberlevins.com\/wp-content\/uploads\/2021\/04\/main_slider-1024x683.jpg 1024w, https:\/\/cyberlevins.com\/wp-content\/uploads\/2021\/04\/main_slider-1536x1024.jpg 1536w, https:\/\/cyberlevins.com\/wp-content\/uploads\/2021\/04\/main_slider-600x400.jpg 600w, https:\/\/cyberlevins.com\/wp-content\/uploads\/2021\/04\/main_slider.jpg 1920w\" sizes=\"(max-width: 768px) 100vw, 768px\" \/>\t\t\t\t\t\t\t\t\t\t\t\t\t\t\t<\/div>\n\t\t\t\t<\/div>\n\t\t\t\t\t<\/div>\n\t\t<\/div>\n\t\t\t\t<div class=\"elementor-column elementor-col-50 elementor-inner-column elementor-element elementor-element-c1f67ee\" data-id=\"c1f67ee\" data-element_type=\"column\">\n\t\t\t<div class=\"elementor-widget-wrap elementor-element-populated\">\n\t\t\t\t\t\t<div class=\"elementor-element elementor-element-67ebfdc elementor-widget elementor-widget-heading\" data-id=\"67ebfdc\" data-element_type=\"widget\" data-widget_type=\"heading.default\">\n\t\t\t\t<div class=\"elementor-widget-container\">\n\t\t\t\t\t<h2 class=\"elementor-heading-title elementor-size-default\">Asigurarea cibernetic\u0103 personal\u0103 <\/h2>\t\t\t\t<\/div>\n\t\t\t\t<\/div>\n\t\t\t\t<div class=\"elementor-element elementor-element-bb57440 elementor-align-left elementor-mobile-align-center elementor-widget elementor-widget-button\" data-id=\"bb57440\" data-element_type=\"widget\" data-widget_type=\"button.default\">\n\t\t\t\t<div class=\"elementor-widget-container\">\n\t\t\t\t\t\t\t\t\t<div class=\"elementor-button-wrapper\">\n\t\t\t\t\t<a class=\"elementor-button elementor-size-sm\" role=\"button\">\n\t\t\t\t\t\t<span class=\"elementor-button-content-wrapper\">\n\t\t\t\t\t\t\t\t\t<span class=\"elementor-button-text\">In curand<\/span>\n\t\t\t\t\t<\/span>\n\t\t\t\t\t<\/a>\n\t\t\t\t<\/div>\n\t\t\t\t\t\t\t\t<\/div>\n\t\t\t\t<\/div>\n\t\t\t\t\t<\/div>\n\t\t<\/div>\n\t\t\t\t\t<\/div>\n\t\t<\/section>\n\t\t\t\t\t<\/div>\n\t\t<\/div>\n\t\t\t\t\t<\/div>\n\t\t<\/section>\n\t\t\t\t<\/div>\n\t\t","protected":false},"excerpt":{"rendered":"<p>Asigurarea Cyber One Ce este aceast\u0103 asigurare? Asigurarea CyberOne ofer\u0103 protec\u021bie financiar\u0103 \u00eempotriva pierderilor companiei cauzate de \u00eentreruperea opera\u021biunilor normale din cauza nefunc\u021bion\u0103rii sistemelor \u0219i a costurilor legate de gestionarea consecin\u021belor unui incident cibernetic, precum \u0219i a r\u0103spunderii fa\u021b\u0103 de ter\u021bi legate de confiden\u021bialitatea \u0219i reputa\u021bia datelor. Abordarea noastr\u0103 combin\u0103 protec\u021bia financiar\u0103 cu o gam\u0103 [&hellip;]<\/p>\n","protected":false},"author":1,"featured_media":0,"parent":0,"menu_order":0,"comment_status":"closed","ping_status":"closed","template":"","meta":{"site-sidebar-layout":"default","site-content-layout":"page-builder","ast-site-content-layout":"default","site-content-style":"default","site-sidebar-style":"default","ast-global-header-display":"","ast-banner-title-visibility":"","ast-main-header-display":"","ast-hfb-above-header-display":"","ast-hfb-below-header-display":"","ast-hfb-mobile-header-display":"","site-post-title":"disabled","ast-breadcrumbs-content":"","ast-featured-img":"disabled","footer-sml-layout":"","theme-transparent-header-meta":"disabled","adv-header-id-meta":"755","stick-header-meta":"default","header-above-stick-meta":"","header-main-stick-meta":"","header-below-stick-meta":"","astra-migrate-meta-layouts":"default","ast-page-background-enabled":"default","ast-page-background-meta":{"desktop":{"background-color":"","background-image":"","background-repeat":"repeat","background-position":"center center","background-size":"auto","background-attachment":"scroll","background-type":"","background-media":"","overlay-type":"","overlay-color":"","overlay-opacity":"","overlay-gradient":""},"tablet":{"background-color":"","background-image":"","background-repeat":"repeat","background-position":"center center","background-size":"auto","background-attachment":"scroll","background-type":"","background-media":"","overlay-type":"","overlay-color":"","overlay-opacity":"","overlay-gradient":""},"mobile":{"background-color":"","background-image":"","background-repeat":"repeat","background-position":"center center","background-size":"auto","background-attachment":"scroll","background-type":"","background-media":"","overlay-type":"","overlay-color":"","overlay-opacity":"","overlay-gradient":""}},"ast-content-background-meta":{"desktop":{"background-color":"var(--ast-global-color-5)","background-image":"","background-repeat":"repeat","background-position":"center center","background-size":"auto","background-attachment":"scroll","background-type":"","background-media":"","overlay-type":"","overlay-color":"","overlay-opacity":"","overlay-gradient":""},"tablet":{"background-color":"var(--ast-global-color-5)","background-image":"","background-repeat":"repeat","background-position":"center center","background-size":"auto","background-attachment":"scroll","background-type":"","background-media":"","overlay-type":"","overlay-color":"","overlay-opacity":"","overlay-gradient":""},"mobile":{"background-color":"var(--ast-global-color-5)","background-image":"","background-repeat":"repeat","background-position":"center center","background-size":"auto","background-attachment":"scroll","background-type":"","background-media":"","overlay-type":"","overlay-color":"","overlay-opacity":"","overlay-gradient":""}},"footnotes":""},"class_list":["post-5138","page","type-page","status-publish","hentry"],"aioseo_notices":[],"_links":{"self":[{"href":"https:\/\/cyberlevins.com\/ro\/wp-json\/wp\/v2\/pages\/5138","targetHints":{"allow":["GET"]}}],"collection":[{"href":"https:\/\/cyberlevins.com\/ro\/wp-json\/wp\/v2\/pages"}],"about":[{"href":"https:\/\/cyberlevins.com\/ro\/wp-json\/wp\/v2\/types\/page"}],"author":[{"embeddable":true,"href":"https:\/\/cyberlevins.com\/ro\/wp-json\/wp\/v2\/users\/1"}],"replies":[{"embeddable":true,"href":"https:\/\/cyberlevins.com\/ro\/wp-json\/wp\/v2\/comments?post=5138"}],"version-history":[{"count":9,"href":"https:\/\/cyberlevins.com\/ro\/wp-json\/wp\/v2\/pages\/5138\/revisions"}],"predecessor-version":[{"id":5516,"href":"https:\/\/cyberlevins.com\/ro\/wp-json\/wp\/v2\/pages\/5138\/revisions\/5516"}],"wp:attachment":[{"href":"https:\/\/cyberlevins.com\/ro\/wp-json\/wp\/v2\/media?parent=5138"}],"curies":[{"name":"wp","href":"https:\/\/api.w.org\/{rel}","templated":true}]}}