{"id":5126,"date":"2021-07-21T15:43:10","date_gmt":"2021-07-21T12:43:10","guid":{"rendered":"https:\/\/cyberlevins.com\/?page_id=5126"},"modified":"2021-10-06T08:16:47","modified_gmt":"2021-10-06T05:16:47","slug":"our-blog","status":"publish","type":"page","link":"https:\/\/cyberlevins.com\/ro\/our-blog","title":{"rendered":"Our Blog"},"content":{"rendered":"\t\t<div data-elementor-type=\"wp-page\" data-elementor-id=\"5126\" class=\"elementor elementor-5126 elementor-2095\" data-elementor-post-type=\"page\">\n\t\t\t\t\t\t<section class=\"elementor-section elementor-top-section elementor-element elementor-element-1f6ad80 elementor-section-boxed elementor-section-height-default elementor-section-height-default\" data-id=\"1f6ad80\" data-element_type=\"section\" data-settings=\"{&quot;background_background&quot;:&quot;classic&quot;}\">\n\t\t\t\t\t\t<div class=\"elementor-container elementor-column-gap-default\">\n\t\t\t\t\t<div class=\"elementor-column elementor-col-100 elementor-top-column elementor-element elementor-element-e5f2701\" data-id=\"e5f2701\" data-element_type=\"column\">\n\t\t\t<div class=\"elementor-widget-wrap elementor-element-populated\">\n\t\t\t\t\t\t<div class=\"elementor-element elementor-element-05191f7 elementor-widget elementor-widget-bdt-post-gallery\" data-id=\"05191f7\" data-element_type=\"widget\" data-settings=\"{&quot;columns&quot;:&quot;3&quot;,&quot;columns_tablet&quot;:&quot;2&quot;,&quot;columns_mobile&quot;:&quot;1&quot;}\" data-widget_type=\"bdt-post-gallery.bdt-trosia\">\n\t\t\t\t<div class=\"elementor-widget-container\">\n\t\t\t\t\t\t\t<div class=\"bdt-post-gallery-wrapper\" data-bdt-filter=\"target: #bdt-post-gallery05191f7\">\r\n\r\n\t\t\t\t\t<div id=\"bdt-post-gallery-05191f7\" class=\"bdt-ep-grid-filters-wrapper\" data-hash-settings=\"{&quot;id&quot;:&quot;bdt-post-gallery-05191f7&quot;,&quot;activeHash&quot;:true}\">\r\n\r\n\t\t\t<button class=\"bdt-button bdt-button-default bdt-hidden@m\" type=\"button\">\r\n\t\t\t\t\t\t\t\t\tFilter\t\t\t\t\t\t\t<\/button>\r\n\r\n\t\t\t<div data-bdt-dropdown=\"mode: click;\" class=\"bdt-dropdown bdt-margin-remove-top bdt-margin-remove-bottom\">\r\n\t\t\t\t<ul class=\"bdt-nav bdt-dropdown-nav\">\r\n\r\n\t\t\t\t\t\t\t\t\t\t\t<li class=\"bdt-active\" data-bdt-filter-control>All<\/li>\r\n\t\t\t\t\t\r\n\t\t\t\t\t\t\t\t\t\t\t<li class=\"\" data-bdt-filter-control=\"[data-filter*='evenimente']\">\r\n\t\t\t\t\t\t\tEvenimente\t\t\t\t\t\t<\/li>\r\n\t\t\t\t\t\t\t\t\t\t\t<li class=\"\" data-bdt-filter-control=\"[data-filter*='tendinte']\">\r\n\t\t\t\t\t\t\ttendinte\t\t\t\t\t\t<\/li>\r\n\t\t\t\t\t\r\n\t\t\t\t<\/ul>\r\n\t\t\t<\/div>\r\n\r\n\t\t\t<ul id=\"bdt-ep-grid-filters05191f7\" class=\"bdt-ep-grid-filters bdt-visible@m\" data-bdt-margin>\r\n\t\t\t\t<li class=\"bdt-ep-grid-filter bdt-active\" data-bdt-filter-control>\r\n\t\t\t\t\t\t\t\t\t\t\tAll\t\t\t\t\t\t\t\t\t<\/li>\r\n\r\n\t\t\t\t\t\t\t\t\t<li class=\"bdt-ep-grid-filter\" data-bdt-filter-control=\"[data-filter*='evenimente']\">\r\n\t\t\t\t\t\tEvenimente\t\t\t\t\t<\/li>\r\n\t\t\t\t\t\t\t\t\t<li class=\"bdt-ep-grid-filter\" data-bdt-filter-control=\"[data-filter*='tendinte']\">\r\n\t\t\t\t\t\ttendinte\t\t\t\t\t<\/li>\r\n\t\t\t\t\t\t\t<\/ul>\r\n\t\t<\/div>\r\n\t\t\t\t<div id=\"bdt-post-gallery05191f7\" class=\"bdt-post-gallery bdt-ep-grid-filter-container bdt-post-gallery-skin-trosia bdt-grid bdt-grid-medium\" data-bdt-grid=\"\" data-bdt-lightbox=\"toggle: .bdt-gallery-lightbox-item; animation:fade; autoplay: 500;\" data-settings=\"{&quot;id&quot;:&quot;#bdt-post-gallery05191f7&quot;,&quot;tiltShow&quot;:false}\" bdt-scrollspy=\"cls: bdt-animation-fade; delay: 300; target: &gt; div &gt; .bdt-post-gallery-inner;\">\r\n\r\n\t\t\t\t\t<div class=\"bdt-gallery-item bdt-transition-toggle bdt-width-1-1 bdt-width-1-2@s bdt-width-1-3@m\" data-filter=\"evenimente\">\r\n\t\t\t<div class=\"bdt-post-gallery-inner\" >\r\n\t\t\t\t\t\t<div class=\"bdt-gallery-thumbnail bdt-image-mask\">\r\n\t\t\t<img fetchpriority=\"high\" decoding=\"async\" width=\"1024\" height=\"461\" src=\"https:\/\/cyberlevins.com\/wp-content\/uploads\/2022\/03\/cybertech-rome-italy-image-1024x461.webp\" class=\"attachment-large size-large wp-image-6964\" alt=\"cybertech europe\" srcset=\"https:\/\/cyberlevins.com\/wp-content\/uploads\/2022\/03\/cybertech-rome-italy-image-1024x461.webp 1024w, https:\/\/cyberlevins.com\/wp-content\/uploads\/2022\/03\/cybertech-rome-italy-image-300x135.webp 300w, https:\/\/cyberlevins.com\/wp-content\/uploads\/2022\/03\/cybertech-rome-italy-image-768x346.webp 768w, https:\/\/cyberlevins.com\/wp-content\/uploads\/2022\/03\/cybertech-rome-italy-image.webp 1328w\" sizes=\"(max-width: 1024px) 100vw, 1024px\" \/>\t\t<\/div>\r\n\t\t\t<div class=\"bdt-position-cover bdt-overlay bdt-overlay-default\">\r\n\t\t\t<div class=\"bdt-post-gallery-content\">\r\n\t\t\t\t<div class=\"bdt-gallery-content-inner bdt-transition-fade\">\r\n\t\t\t\t\t\t\t\t\t\t\t<div class=\"bdt-flex-inline bdt-gallery-item-link-wrapper\">\r\n\t\t\t\t\t\t\t\t\t\t\t\t\t\t\t<a class=\"bdt-gallery-item-link bdt-gallery-lightbox-item bdt-link-text\" data-elementor-open-lightbox=\"no\" data-caption=\"Cybertech Europe Revine La Roma Pe 10-11 Mai\" href=\"https:\/\/cyberlevins.com\/wp-content\/uploads\/2022\/03\/cybertech-rome-italy-image.webp\">\r\n\t\t\t\t\t\t\t\t\t\t\t\t\t\t\t\t\t\t\t<span>ZOOM<\/span>\r\n\t\t\t\t\t\t\t\t\t\t\t\t\t\t\t\t\t<\/a>\r\n\t\t\t\t\t\t\t\r\n\t\t\t\t\t\t\t\t\t\t\t\t\t\t\t\t\t\t\t\t\t\t\t<a class=\"bdt-gallery-item-link bdt-link-text\" href=\"https:\/\/cyberlevins.com\/ro\/cybertech-europe-revine-la-roma-pe-10-11-mai\" >\r\n\t\t\t\t\t\t\t\t\t\t\t\t\t\t\t\t\t\t\t<span>VIEW<\/span>\r\n\t\t\t\t\t\t\t\t\t\t\t\t\t\t\t\t\t<\/a>\r\n\t\t\t\t\t\t\t\t\t\t\t\t\t<\/div>\r\n\t\t\t\t\t\t\t\t\t<\/div>\r\n\t\t\t<\/div>\r\n\t\t<\/div>\r\n\t\t\t\t\t<div class=\"bdt-post-gallery-desc bdt-text-left bdt-position-z-index bdt-position-bottom\">\r\n\t\t\t\t\t\t\t<a href=\"https:\/\/cyberlevins.com\/ro\/cybertech-europe-revine-la-roma-pe-10-11-mai\" >\r\n\t\t\t<h3 class=\"bdt-gallery-item-title bdt-margin-remove\">\r\n\t\t\t\tCybertech Europe Revine La Roma Pe 10-11 Mai\t\t\t<\/h3>\r\n\t\t<\/a>\r\n\t\t\t<div class=\"bdt-post-gallery-excerpt\">\r\n\t\t\t<p>Dup\u0103 o scurt\u0103 pauz\u0103, Cybertech Europe se \u00eentoarce la Roma \u0219i ofer\u0103 noi tehnologii progresive,<\/p>\n\t\t<\/div>\r\n\t\t\t\t\t<\/div>\r\n\t\t\t\t<div class=\"bdt-position-top-left\">\r\n\t\t\t\t\t\t\t\t\t<\/div>\r\n\t\t\t<\/div>\r\n\t\t<\/div>\r\n\t\t<div class=\"bdt-gallery-item bdt-transition-toggle bdt-width-1-1 bdt-width-1-2@s bdt-width-1-3@m\" data-filter=\"tendinte\">\r\n\t\t\t<div class=\"bdt-post-gallery-inner\" >\r\n\t\t\t\t\t\t<div class=\"bdt-gallery-thumbnail bdt-image-mask\">\r\n\t\t\t<img decoding=\"async\" width=\"1024\" height=\"256\" src=\"https:\/\/cyberlevins.com\/wp-content\/uploads\/2022\/03\/Metaverse-1-1024x256.png\" class=\"attachment-large size-large wp-image-7066\" alt=\"\" srcset=\"https:\/\/cyberlevins.com\/wp-content\/uploads\/2022\/03\/Metaverse-1-1024x256.png 1024w, https:\/\/cyberlevins.com\/wp-content\/uploads\/2022\/03\/Metaverse-1-300x75.png 300w, https:\/\/cyberlevins.com\/wp-content\/uploads\/2022\/03\/Metaverse-1-768x192.png 768w, https:\/\/cyberlevins.com\/wp-content\/uploads\/2022\/03\/Metaverse-1-1536x384.png 1536w, https:\/\/cyberlevins.com\/wp-content\/uploads\/2022\/03\/Metaverse-1.png 1584w\" sizes=\"(max-width: 1024px) 100vw, 1024px\" \/>\t\t<\/div>\r\n\t\t\t<div class=\"bdt-position-cover bdt-overlay bdt-overlay-default\">\r\n\t\t\t<div class=\"bdt-post-gallery-content\">\r\n\t\t\t\t<div class=\"bdt-gallery-content-inner bdt-transition-fade\">\r\n\t\t\t\t\t\t\t\t\t\t\t<div class=\"bdt-flex-inline bdt-gallery-item-link-wrapper\">\r\n\t\t\t\t\t\t\t\t\t\t\t\t\t\t\t<a class=\"bdt-gallery-item-link bdt-gallery-lightbox-item bdt-link-text\" data-elementor-open-lightbox=\"no\" data-caption=\"Metaverse &#8211; Vine Schimbarea. Fi\u021bi Preg\u0103ti\u021bi!\" href=\"https:\/\/cyberlevins.com\/wp-content\/uploads\/2022\/03\/Metaverse-1.png\">\r\n\t\t\t\t\t\t\t\t\t\t\t\t\t\t\t\t\t\t\t<span>ZOOM<\/span>\r\n\t\t\t\t\t\t\t\t\t\t\t\t\t\t\t\t\t<\/a>\r\n\t\t\t\t\t\t\t\r\n\t\t\t\t\t\t\t\t\t\t\t\t\t\t\t\t\t\t\t\t\t\t\t<a class=\"bdt-gallery-item-link bdt-link-text\" href=\"https:\/\/cyberlevins.com\/ro\/metaverse-vine-schimbarea-fiti-pregatiti\" >\r\n\t\t\t\t\t\t\t\t\t\t\t\t\t\t\t\t\t\t\t<span>VIEW<\/span>\r\n\t\t\t\t\t\t\t\t\t\t\t\t\t\t\t\t\t<\/a>\r\n\t\t\t\t\t\t\t\t\t\t\t\t\t<\/div>\r\n\t\t\t\t\t\t\t\t\t<\/div>\r\n\t\t\t<\/div>\r\n\t\t<\/div>\r\n\t\t\t\t\t<div class=\"bdt-post-gallery-desc bdt-text-left bdt-position-z-index bdt-position-bottom\">\r\n\t\t\t\t\t\t\t<a href=\"https:\/\/cyberlevins.com\/ro\/metaverse-vine-schimbarea-fiti-pregatiti\" >\r\n\t\t\t<h3 class=\"bdt-gallery-item-title bdt-margin-remove\">\r\n\t\t\t\tMetaverse &#8211; Vine Schimbarea. Fi\u021bi Preg\u0103ti\u021bi!\t\t\t<\/h3>\r\n\t\t<\/a>\r\n\t\t\t<div class=\"bdt-post-gallery-excerpt\">\r\n\t\t\t<p>\"Metaversul este un set de spa\u021bii virtuale \u00een care po\u021bi crea \u0219i explora \u00eempreun\u0103 cu<\/p>\n\t\t<\/div>\r\n\t\t\t\t\t<\/div>\r\n\t\t\t\t<div class=\"bdt-position-top-left\">\r\n\t\t\t\t\t\t\t\t\t<\/div>\r\n\t\t\t<\/div>\r\n\t\t<\/div>\r\n\t\t<div class=\"bdt-gallery-item bdt-transition-toggle bdt-width-1-1 bdt-width-1-2@s bdt-width-1-3@m\" data-filter=\"tendinte\">\r\n\t\t\t<div class=\"bdt-post-gallery-inner\" >\r\n\t\t\t\t\t\t<div class=\"bdt-gallery-thumbnail bdt-image-mask\">\r\n\t\t\t<img decoding=\"async\" width=\"1000\" height=\"398\" src=\"https:\/\/cyberlevins.com\/wp-content\/uploads\/2022\/03\/1-2.png\" class=\"attachment-large size-large wp-image-6525\" alt=\"cyber war\" srcset=\"https:\/\/cyberlevins.com\/wp-content\/uploads\/2022\/03\/1-2.png 1000w, https:\/\/cyberlevins.com\/wp-content\/uploads\/2022\/03\/1-2-300x119.png 300w, https:\/\/cyberlevins.com\/wp-content\/uploads\/2022\/03\/1-2-768x306.png 768w\" sizes=\"(max-width: 1000px) 100vw, 1000px\" \/>\t\t<\/div>\r\n\t\t\t<div class=\"bdt-position-cover bdt-overlay bdt-overlay-default\">\r\n\t\t\t<div class=\"bdt-post-gallery-content\">\r\n\t\t\t\t<div class=\"bdt-gallery-content-inner bdt-transition-fade\">\r\n\t\t\t\t\t\t\t\t\t\t\t<div class=\"bdt-flex-inline bdt-gallery-item-link-wrapper\">\r\n\t\t\t\t\t\t\t\t\t\t\t\t\t\t\t<a class=\"bdt-gallery-item-link bdt-gallery-lightbox-item bdt-link-text\" data-elementor-open-lightbox=\"no\" data-caption=\"Arta R\u0103zboiului Cibernetic\" href=\"https:\/\/cyberlevins.com\/wp-content\/uploads\/2022\/03\/1-2.png\">\r\n\t\t\t\t\t\t\t\t\t\t\t\t\t\t\t\t\t\t\t<span>ZOOM<\/span>\r\n\t\t\t\t\t\t\t\t\t\t\t\t\t\t\t\t\t<\/a>\r\n\t\t\t\t\t\t\t\r\n\t\t\t\t\t\t\t\t\t\t\t\t\t\t\t\t\t\t\t\t\t\t\t<a class=\"bdt-gallery-item-link bdt-link-text\" href=\"https:\/\/cyberlevins.com\/ro\/arta-razboiului-cibernetic\" >\r\n\t\t\t\t\t\t\t\t\t\t\t\t\t\t\t\t\t\t\t<span>VIEW<\/span>\r\n\t\t\t\t\t\t\t\t\t\t\t\t\t\t\t\t\t<\/a>\r\n\t\t\t\t\t\t\t\t\t\t\t\t\t<\/div>\r\n\t\t\t\t\t\t\t\t\t<\/div>\r\n\t\t\t<\/div>\r\n\t\t<\/div>\r\n\t\t\t\t\t<div class=\"bdt-post-gallery-desc bdt-text-left bdt-position-z-index bdt-position-bottom\">\r\n\t\t\t\t\t\t\t<a href=\"https:\/\/cyberlevins.com\/ro\/arta-razboiului-cibernetic\" >\r\n\t\t\t<h3 class=\"bdt-gallery-item-title bdt-margin-remove\">\r\n\t\t\t\tArta R\u0103zboiului Cibernetic\t\t\t<\/h3>\r\n\t\t<\/a>\r\n\t\t\t<div class=\"bdt-post-gallery-excerpt\">\r\n\t\t\t<p>Cunoa\u0219terea inamicului: \"DAC\u0102 \u00ce\u021aI CUNO\u0218TI INAMICUL \u0218I TE CUNO\u0218TI \u0218I PE TINE \u00ceNSU\u021aI, NU TREBUIE<\/p>\n\t\t<\/div>\r\n\t\t\t\t\t<\/div>\r\n\t\t\t\t<div class=\"bdt-position-top-left\">\r\n\t\t\t\t\t\t\t\t\t<\/div>\r\n\t\t\t<\/div>\r\n\t\t<\/div>\r\n\t\t<div class=\"bdt-gallery-item bdt-transition-toggle bdt-width-1-1 bdt-width-1-2@s bdt-width-1-3@m\" data-filter=\"tendinte\">\r\n\t\t\t<div class=\"bdt-post-gallery-inner\" >\r\n\t\t\t\t\t\t<div class=\"bdt-gallery-thumbnail bdt-image-mask\">\r\n\t\t\t<img loading=\"lazy\" decoding=\"async\" width=\"1024\" height=\"407\" src=\"https:\/\/cyberlevins.com\/wp-content\/uploads\/2021\/06\/Phishing-1.jpg\" class=\"attachment-large size-large wp-image-4020\" alt=\"\" srcset=\"https:\/\/cyberlevins.com\/wp-content\/uploads\/2021\/06\/Phishing-1.jpg 1024w, https:\/\/cyberlevins.com\/wp-content\/uploads\/2021\/06\/Phishing-1-300x119.jpg 300w, https:\/\/cyberlevins.com\/wp-content\/uploads\/2021\/06\/Phishing-1-768x305.jpg 768w\" sizes=\"(max-width: 1024px) 100vw, 1024px\" \/>\t\t<\/div>\r\n\t\t\t<div class=\"bdt-position-cover bdt-overlay bdt-overlay-default\">\r\n\t\t\t<div class=\"bdt-post-gallery-content\">\r\n\t\t\t\t<div class=\"bdt-gallery-content-inner bdt-transition-fade\">\r\n\t\t\t\t\t\t\t\t\t\t\t<div class=\"bdt-flex-inline bdt-gallery-item-link-wrapper\">\r\n\t\t\t\t\t\t\t\t\t\t\t\t\t\t\t<a class=\"bdt-gallery-item-link bdt-gallery-lightbox-item bdt-link-text\" data-elementor-open-lightbox=\"no\" data-caption=\"Phishing-Ul Este \u00een Continuare Cel Mai Popular Tip de Criminalitate Cibernetic\u0103\" href=\"https:\/\/cyberlevins.com\/wp-content\/uploads\/2021\/06\/Phishing-1.jpg\">\r\n\t\t\t\t\t\t\t\t\t\t\t\t\t\t\t\t\t\t\t<span>ZOOM<\/span>\r\n\t\t\t\t\t\t\t\t\t\t\t\t\t\t\t\t\t<\/a>\r\n\t\t\t\t\t\t\t\r\n\t\t\t\t\t\t\t\t\t\t\t\t\t\t\t\t\t\t\t\t\t\t\t<a class=\"bdt-gallery-item-link bdt-link-text\" href=\"https:\/\/cyberlevins.com\/ro\/phishing-ul-este-in-continuare-cel-mai-popular-tip-de-criminalitate-cibernetica\" >\r\n\t\t\t\t\t\t\t\t\t\t\t\t\t\t\t\t\t\t\t<span>VIEW<\/span>\r\n\t\t\t\t\t\t\t\t\t\t\t\t\t\t\t\t\t<\/a>\r\n\t\t\t\t\t\t\t\t\t\t\t\t\t<\/div>\r\n\t\t\t\t\t\t\t\t\t<\/div>\r\n\t\t\t<\/div>\r\n\t\t<\/div>\r\n\t\t\t\t\t<div class=\"bdt-post-gallery-desc bdt-text-left bdt-position-z-index bdt-position-bottom\">\r\n\t\t\t\t\t\t\t<a href=\"https:\/\/cyberlevins.com\/ro\/phishing-ul-este-in-continuare-cel-mai-popular-tip-de-criminalitate-cibernetica\" >\r\n\t\t\t<h3 class=\"bdt-gallery-item-title bdt-margin-remove\">\r\n\t\t\t\tPhishing-Ul Este \u00een Continuare Cel Mai Popular Tip de Criminalitate Cibernetic\u0103\t\t\t<\/h3>\r\n\t\t<\/a>\r\n\t\t\t<div class=\"bdt-post-gallery-excerpt\">\r\n\t\t\t<p>Phishing-ul este o infrac\u021biune cibernetic\u0103 \u00een care \u021bintele sunt contactate prin e-mail, telefon sau mesaj<\/p>\n\t\t<\/div>\r\n\t\t\t\t\t<\/div>\r\n\t\t\t\t<div class=\"bdt-position-top-left\">\r\n\t\t\t\t\t\t\t\t\t<\/div>\r\n\t\t\t<\/div>\r\n\t\t<\/div>\r\n\t\t<div class=\"bdt-gallery-item bdt-transition-toggle bdt-width-1-1 bdt-width-1-2@s bdt-width-1-3@m\" data-filter=\"tendinte\">\r\n\t\t\t<div class=\"bdt-post-gallery-inner\" >\r\n\t\t\t\t\t\t<div class=\"bdt-gallery-thumbnail bdt-image-mask\">\r\n\t\t\t<img loading=\"lazy\" decoding=\"async\" width=\"1024\" height=\"407\" src=\"https:\/\/cyberlevins.com\/wp-content\/uploads\/2021\/06\/Cyber-Extortion-1.jpg\" class=\"attachment-large size-large wp-image-4038\" alt=\"Phishing\" srcset=\"https:\/\/cyberlevins.com\/wp-content\/uploads\/2021\/06\/Cyber-Extortion-1.jpg 1024w, https:\/\/cyberlevins.com\/wp-content\/uploads\/2021\/06\/Cyber-Extortion-1-300x119.jpg 300w, https:\/\/cyberlevins.com\/wp-content\/uploads\/2021\/06\/Cyber-Extortion-1-768x305.jpg 768w\" sizes=\"(max-width: 1024px) 100vw, 1024px\" \/>\t\t<\/div>\r\n\t\t\t<div class=\"bdt-position-cover bdt-overlay bdt-overlay-default\">\r\n\t\t\t<div class=\"bdt-post-gallery-content\">\r\n\t\t\t\t<div class=\"bdt-gallery-content-inner bdt-transition-fade\">\r\n\t\t\t\t\t\t\t\t\t\t\t<div class=\"bdt-flex-inline bdt-gallery-item-link-wrapper\">\r\n\t\t\t\t\t\t\t\t\t\t\t\t\t\t\t<a class=\"bdt-gallery-item-link bdt-gallery-lightbox-item bdt-link-text\" data-elementor-open-lightbox=\"no\" data-caption=\"Extorcarea cibernetic\u0103 &#8211; cel mai de temut atac cibernetic. De ce?\" href=\"https:\/\/cyberlevins.com\/wp-content\/uploads\/2021\/06\/Cyber-Extortion-1.jpg\">\r\n\t\t\t\t\t\t\t\t\t\t\t\t\t\t\t\t\t\t\t<span>ZOOM<\/span>\r\n\t\t\t\t\t\t\t\t\t\t\t\t\t\t\t\t\t<\/a>\r\n\t\t\t\t\t\t\t\r\n\t\t\t\t\t\t\t\t\t\t\t\t\t\t\t\t\t\t\t\t\t\t\t<a class=\"bdt-gallery-item-link bdt-link-text\" href=\"https:\/\/cyberlevins.com\/ro\/extorcarea-cibernetica-cel-mai-de-temut-atac-cibernetic-de-ce\" >\r\n\t\t\t\t\t\t\t\t\t\t\t\t\t\t\t\t\t\t\t<span>VIEW<\/span>\r\n\t\t\t\t\t\t\t\t\t\t\t\t\t\t\t\t\t<\/a>\r\n\t\t\t\t\t\t\t\t\t\t\t\t\t<\/div>\r\n\t\t\t\t\t\t\t\t\t<\/div>\r\n\t\t\t<\/div>\r\n\t\t<\/div>\r\n\t\t\t\t\t<div class=\"bdt-post-gallery-desc bdt-text-left bdt-position-z-index bdt-position-bottom\">\r\n\t\t\t\t\t\t\t<a href=\"https:\/\/cyberlevins.com\/ro\/extorcarea-cibernetica-cel-mai-de-temut-atac-cibernetic-de-ce\" >\r\n\t\t\t<h3 class=\"bdt-gallery-item-title bdt-margin-remove\">\r\n\t\t\t\tExtorcarea cibernetic\u0103 &#8211; cel mai de temut atac cibernetic. De ce?\t\t\t<\/h3>\r\n\t\t<\/a>\r\n\t\t\t<div class=\"bdt-post-gallery-excerpt\">\r\n\t\t\t<p>Blocarea tuturor sistemelor \u0219i plasarea dvs. \u00eentr \u2013 o pozi\u021bie de blocaj complet - acesta<\/p>\n\t\t<\/div>\r\n\t\t\t\t\t<\/div>\r\n\t\t\t\t<div class=\"bdt-position-top-left\">\r\n\t\t\t\t\t\t\t\t\t<\/div>\r\n\t\t\t<\/div>\r\n\t\t<\/div>\r\n\r\n\t\t\t<\/div>\r\n\t\t<\/div>\r\n\t\t\t\t\t<\/div>\n\t\t\t\t<\/div>\n\t\t\t\t\t<\/div>\n\t\t<\/div>\n\t\t\t\t\t<\/div>\n\t\t<\/section>\n\t\t\t\t<section class=\"elementor-section elementor-top-section elementor-element elementor-element-623562cc elementor-section-boxed elementor-section-height-default elementor-section-height-default\" data-id=\"623562cc\" data-element_type=\"section\">\n\t\t\t\t\t\t<div class=\"elementor-container elementor-column-gap-default\">\n\t\t\t\t\t<div class=\"elementor-column elementor-col-50 elementor-top-column elementor-element elementor-element-1d38e807\" data-id=\"1d38e807\" data-element_type=\"column\">\n\t\t\t<div class=\"elementor-widget-wrap elementor-element-populated\">\n\t\t\t\t\t\t<div class=\"elementor-element elementor-element-649bdfbd elementor-widget elementor-widget-heading\" data-id=\"649bdfbd\" data-element_type=\"widget\" data-widget_type=\"heading.default\">\n\t\t\t\t<div class=\"elementor-widget-container\">\n\t\t\t\t\t<h2 class=\"elementor-heading-title elementor-size-default\">Get in touch<\/h2>\t\t\t\t<\/div>\n\t\t\t\t<\/div>\n\t\t\t\t<div class=\"elementor-element elementor-element-4d50d2df elementor-widget elementor-widget-text-editor\" data-id=\"4d50d2df\" data-element_type=\"widget\" data-widget_type=\"text-editor.default\">\n\t\t\t\t<div class=\"elementor-widget-container\">\n\t\t\t\t\t\t\t\t\t<p>We are ready to assist you in any situation and unfamiliar environment. You can simply call us on our free 24-hours phones.<\/p>\t\t\t\t\t\t\t\t<\/div>\n\t\t\t\t<\/div>\n\t\t\t\t\t<\/div>\n\t\t<\/div>\n\t\t\t\t<div class=\"elementor-column elementor-col-50 elementor-top-column elementor-element elementor-element-14d3fbc0\" data-id=\"14d3fbc0\" data-element_type=\"column\">\n\t\t\t<div class=\"elementor-widget-wrap elementor-element-populated\">\n\t\t\t\t\t\t<div class=\"elementor-element elementor-element-59a774d1 elementor-widget elementor-widget-image\" data-id=\"59a774d1\" data-element_type=\"widget\" data-widget_type=\"image.default\">\n\t\t\t\t<div class=\"elementor-widget-container\">\n\t\t\t\t\t\t\t\t\t\t\t\t\t\t\t<img loading=\"lazy\" decoding=\"async\" width=\"74\" height=\"74\" src=\"https:\/\/cyberlevins.com\/wp-content\/uploads\/2021\/04\/24h.png\" class=\"attachment-large size-large wp-image-714\" alt=\"\" \/>\t\t\t\t\t\t\t\t\t\t\t\t\t\t\t<\/div>\n\t\t\t\t<\/div>\n\t\t\t\t<div class=\"elementor-element elementor-element-6182ac82 elementor-align-center elementor-widget elementor-widget-button\" data-id=\"6182ac82\" data-element_type=\"widget\" data-widget_type=\"button.default\">\n\t\t\t\t<div class=\"elementor-widget-container\">\n\t\t\t\t\t\t\t\t\t<div class=\"elementor-button-wrapper\">\n\t\t\t\t\t<a class=\"elementor-button elementor-button-link elementor-size-xl\" href=\"tel:00%20080%2010%20200%20000\">\n\t\t\t\t\t\t<span class=\"elementor-button-content-wrapper\">\n\t\t\t\t\t\t\t\t\t<span class=\"elementor-button-text\">00 080 10 200 000<\/span>\n\t\t\t\t\t<\/span>\n\t\t\t\t\t<\/a>\n\t\t\t\t<\/div>\n\t\t\t\t\t\t\t\t<\/div>\n\t\t\t\t<\/div>\n\t\t\t\t\t<\/div>\n\t\t<\/div>\n\t\t\t\t\t<\/div>\n\t\t<\/section>\n\t\t\t\t<\/div>\n\t\t","protected":false},"excerpt":{"rendered":"<p>Filter All Case studies Trends All Case studies Trends ZOOM VIEW Cyber Extortion Is The Most Feared Cyber Attack. Why? &nbsp; Blocking all your systems and placing you in a completely helpless position \u2013 this is Trends ZOOM VIEW Cyber Insurance Explained &nbsp; It is not just about paying coverage, the insurers now help their [&hellip;]<\/p>\n","protected":false},"author":1,"featured_media":0,"parent":0,"menu_order":0,"comment_status":"closed","ping_status":"closed","template":"","meta":{"site-sidebar-layout":"no-sidebar","site-content-layout":"plain-container","ast-site-content-layout":"default","site-content-style":"default","site-sidebar-style":"default","ast-global-header-display":"","ast-banner-title-visibility":"","ast-main-header-display":"","ast-hfb-above-header-display":"","ast-hfb-below-header-display":"","ast-hfb-mobile-header-display":"","site-post-title":"disabled","ast-breadcrumbs-content":"","ast-featured-img":"disabled","footer-sml-layout":"","theme-transparent-header-meta":"disabled","adv-header-id-meta":"755","stick-header-meta":"default","header-above-stick-meta":"","header-main-stick-meta":"","header-below-stick-meta":"","astra-migrate-meta-layouts":"default","ast-page-background-enabled":"default","ast-page-background-meta":{"desktop":{"background-color":"","background-image":"","background-repeat":"repeat","background-position":"center center","background-size":"auto","background-attachment":"scroll","background-type":"","background-media":"","overlay-type":"","overlay-color":"","overlay-opacity":"","overlay-gradient":""},"tablet":{"background-color":"","background-image":"","background-repeat":"repeat","background-position":"center center","background-size":"auto","background-attachment":"scroll","background-type":"","background-media":"","overlay-type":"","overlay-color":"","overlay-opacity":"","overlay-gradient":""},"mobile":{"background-color":"","background-image":"","background-repeat":"repeat","background-position":"center center","background-size":"auto","background-attachment":"scroll","background-type":"","background-media":"","overlay-type":"","overlay-color":"","overlay-opacity":"","overlay-gradient":""}},"ast-content-background-meta":{"desktop":{"background-color":"var(--ast-global-color-5)","background-image":"","background-repeat":"repeat","background-position":"center center","background-size":"auto","background-attachment":"scroll","background-type":"","background-media":"","overlay-type":"","overlay-color":"","overlay-opacity":"","overlay-gradient":""},"tablet":{"background-color":"var(--ast-global-color-5)","background-image":"","background-repeat":"repeat","background-position":"center center","background-size":"auto","background-attachment":"scroll","background-type":"","background-media":"","overlay-type":"","overlay-color":"","overlay-opacity":"","overlay-gradient":""},"mobile":{"background-color":"var(--ast-global-color-5)","background-image":"","background-repeat":"repeat","background-position":"center center","background-size":"auto","background-attachment":"scroll","background-type":"","background-media":"","overlay-type":"","overlay-color":"","overlay-opacity":"","overlay-gradient":""}},"footnotes":""},"class_list":["post-5126","page","type-page","status-publish","hentry"],"aioseo_notices":[],"_links":{"self":[{"href":"https:\/\/cyberlevins.com\/ro\/wp-json\/wp\/v2\/pages\/5126","targetHints":{"allow":["GET"]}}],"collection":[{"href":"https:\/\/cyberlevins.com\/ro\/wp-json\/wp\/v2\/pages"}],"about":[{"href":"https:\/\/cyberlevins.com\/ro\/wp-json\/wp\/v2\/types\/page"}],"author":[{"embeddable":true,"href":"https:\/\/cyberlevins.com\/ro\/wp-json\/wp\/v2\/users\/1"}],"replies":[{"embeddable":true,"href":"https:\/\/cyberlevins.com\/ro\/wp-json\/wp\/v2\/comments?post=5126"}],"version-history":[{"count":1,"href":"https:\/\/cyberlevins.com\/ro\/wp-json\/wp\/v2\/pages\/5126\/revisions"}],"predecessor-version":[{"id":5807,"href":"https:\/\/cyberlevins.com\/ro\/wp-json\/wp\/v2\/pages\/5126\/revisions\/5807"}],"wp:attachment":[{"href":"https:\/\/cyberlevins.com\/ro\/wp-json\/wp\/v2\/media?parent=5126"}],"curies":[{"name":"wp","href":"https:\/\/api.w.org\/{rel}","templated":true}]}}