{"id":4877,"date":"2021-07-19T16:42:18","date_gmt":"2021-07-19T13:42:18","guid":{"rendered":"https:\/\/cyberlevins.com\/?page_id=4877"},"modified":"2022-03-22T15:41:03","modified_gmt":"2022-03-22T13:41:03","slug":"resources","status":"publish","type":"page","link":"https:\/\/cyberlevins.com\/pl\/resources","title":{"rendered":"Resources"},"content":{"rendered":"\t\t<div data-elementor-type=\"wp-page\" data-elementor-id=\"4877\" class=\"elementor elementor-4877 elementor-2934\" data-elementor-post-type=\"page\">\n\t\t\t\t\t\t<section class=\"elementor-section elementor-top-section elementor-element elementor-element-fe10cb4 elementor-section-boxed elementor-section-height-default elementor-section-height-default\" data-id=\"fe10cb4\" data-element_type=\"section\" data-settings=\"{&quot;background_background&quot;:&quot;classic&quot;}\">\n\t\t\t\t\t\t<div class=\"elementor-container elementor-column-gap-default\">\n\t\t\t\t\t<div class=\"elementor-column elementor-col-100 elementor-top-column elementor-element elementor-element-7f9acfa\" data-id=\"7f9acfa\" data-element_type=\"column\">\n\t\t\t<div class=\"elementor-widget-wrap elementor-element-populated\">\n\t\t\t\t\t\t<div class=\"elementor-element elementor-element-50ac5da elementor-widget elementor-widget-text-editor\" data-id=\"50ac5da\" data-element_type=\"widget\" data-widget_type=\"text-editor.default\">\n\t\t\t\t<div class=\"elementor-widget-container\">\n\t\t\t\t\t\t\t\t\t<p><span style=\"color: #333333;\" data-sheets-value=\"{&quot;1&quot;:2,&quot;2&quot;:&quot;Zasoby&quot;}\" data-sheets-userformat=\"{&quot;2&quot;:897,&quot;3&quot;:{&quot;1&quot;:0},&quot;10&quot;:1,&quot;11&quot;:4,&quot;12&quot;:0}\">Zasoby<\/span><\/p><p><span style=\"color: #ee0979;\"><span data-sheets-value=\"{&quot;1&quot;:2,&quot;2&quot;:&quot;Wykaz kategorii&quot;}\" data-sheets-userformat=\"{&quot;2&quot;:897,&quot;3&quot;:{&quot;1&quot;:0},&quot;10&quot;:1,&quot;11&quot;:4,&quot;12&quot;:0}\">Wykaz kategorii<\/span><\/span><\/p>\t\t\t\t\t\t\t\t<\/div>\n\t\t\t\t<\/div>\n\t\t\t\t<div class=\"elementor-element elementor-element-c7d430d elementor-invisible elementor-widget elementor-widget-bdt-tabs\" data-id=\"c7d430d\" data-element_type=\"widget\" data-settings=\"{&quot;_animation&quot;:&quot;fadeIn&quot;}\" data-widget_type=\"bdt-tabs.default\">\n\t\t\t\t<div class=\"elementor-widget-container\">\n\t\t\t\t\t\r\n\r\n        <div class=\"bdt-tabs-area\">\r\n\r\n            <div id=\"bdt-tabs-c7d430d\" class=\"bdt-tabs  bdt-tabs-default\" data-settings=\"{&quot;id&quot;:&quot;bdt-tabs-c7d430d&quot;,&quot;activeHash&quot;:&quot;no&quot;,&quot;hashTopOffset&quot;:70,&quot;hashScrollspyTime&quot;:1500,&quot;navStickyOffset&quot;:1,&quot;linkWidgetId&quot;:&quot;c7d430d&quot;}\">\r\n                \r\n                \r\n                        <div >\r\n            <div >\r\n                <div class=\"bdt-tab bdt-tab-default \" data-bdt-tab=\"connect: #bdt-tab-content-c7d430d; animation: bdt-animation-fade; duration: 200;\" data-bdt-height-match=\"target: &gt; .bdt-tabs-item &gt; .bdt-tabs-item-title; row: false;\">\r\n                                            <div class=\"bdt-tabs-item\">\r\n                            <a data-title=\"Ulotki\" class=\"bdt-tabs-item-title\" id=\"bdt-tab-Ulotki\" data-tab-index=\"0\" href=\"#\">\r\n                                <div class=\"bdt-tab-text-wrapper bdt-flex-column\">\r\n\r\n                                    <div class=\"bdt-tab-title-icon-wrapper\">\r\n\r\n                                        \r\n                                                                                    <span class=\"bdt-tab-text\">\r\n                                                Ulotki                                            <\/span>\r\n                                        \r\n                                        \r\n                                    <\/div>\r\n\r\n                                    \r\n                                <\/div>\r\n                            <\/a>\r\n                        <\/div>\r\n                                            <div class=\"bdt-tabs-item\">\r\n                            <a data-title=\"Bia\u0142a-Ksi\u0119ga\" class=\"bdt-tabs-item-title\" id=\"bdt-tab-Bia\u0142a-Ksi\u0119ga\" data-tab-index=\"1\" href=\"#\">\r\n                                <div class=\"bdt-tab-text-wrapper bdt-flex-column\">\r\n\r\n                                    <div class=\"bdt-tab-title-icon-wrapper\">\r\n\r\n                                        \r\n                                                                                    <span class=\"bdt-tab-text\">\r\n                                                Bia\u0142a Ksi\u0119ga                                            <\/span>\r\n                                        \r\n                                        \r\n                                    <\/div>\r\n\r\n                                    \r\n                                <\/div>\r\n                            <\/a>\r\n                        <\/div>\r\n                                            <div class=\"bdt-tabs-item\">\r\n                            <a data-title=\"Badania\" class=\"bdt-tabs-item-title\" id=\"bdt-tab-Badania\" data-tab-index=\"2\" href=\"#\">\r\n                                <div class=\"bdt-tab-text-wrapper bdt-flex-column\">\r\n\r\n                                    <div class=\"bdt-tab-title-icon-wrapper\">\r\n\r\n                                        \r\n                                                                                    <span class=\"bdt-tab-text\">\r\n                                                Badania                                            <\/span>\r\n                                        \r\n                                        \r\n                                    <\/div>\r\n\r\n                                    \r\n                                <\/div>\r\n                            <\/a>\r\n                        <\/div>\r\n                                            <div class=\"bdt-tabs-item\">\r\n                            <a data-title=\"Og\u00f3lne-warunki\" class=\"bdt-tabs-item-title\" id=\"bdt-tab-Og\u00f3lne-warunki\" data-tab-index=\"3\" href=\"#\">\r\n                                <div class=\"bdt-tab-text-wrapper bdt-flex-column\">\r\n\r\n                                    <div class=\"bdt-tab-title-icon-wrapper\">\r\n\r\n                                        \r\n                                                                                    <span class=\"bdt-tab-text\">\r\n                                                Og\u00f3lne warunki                                            <\/span>\r\n                                        \r\n                                        \r\n                                    <\/div>\r\n\r\n                                    \r\n                                <\/div>\r\n                            <\/a>\r\n                        <\/div>\r\n                                            <div class=\"bdt-tabs-item\">\r\n                            <a data-title=\"Styatystyka\" class=\"bdt-tabs-item-title\" id=\"bdt-tab-Styatystyka\" data-tab-index=\"4\" href=\"#\">\r\n                                <div class=\"bdt-tab-text-wrapper bdt-flex-column\">\r\n\r\n                                    <div class=\"bdt-tab-title-icon-wrapper\">\r\n\r\n                                        \r\n                                                                                    <span class=\"bdt-tab-text\">\r\n                                                Styatystyka                                            <\/span>\r\n                                        \r\n                                        \r\n                                    <\/div>\r\n\r\n                                    \r\n                                <\/div>\r\n                            <\/a>\r\n                        <\/div>\r\n                                            <div class=\"bdt-tabs-item\">\r\n                            <a data-title=\"Infografiki\" class=\"bdt-tabs-item-title\" id=\"bdt-tab-Infografiki\" data-tab-index=\"5\" href=\"#\">\r\n                                <div class=\"bdt-tab-text-wrapper bdt-flex-column\">\r\n\r\n                                    <div class=\"bdt-tab-title-icon-wrapper\">\r\n\r\n                                        \r\n                                                                                    <span class=\"bdt-tab-text\">\r\n                                                Infografiki                                            <\/span>\r\n                                        \r\n                                        \r\n                                    <\/div>\r\n\r\n                                    \r\n                                <\/div>\r\n                            <\/a>\r\n                        <\/div>\r\n                                            <div class=\"bdt-tabs-item\">\r\n                            <a data-title=\"Regulacje-Dokumenty\" class=\"bdt-tabs-item-title\" id=\"bdt-tab-Regulacje-Dokumenty\" data-tab-index=\"6\" href=\"#\">\r\n                                <div class=\"bdt-tab-text-wrapper bdt-flex-column\">\r\n\r\n                                    <div class=\"bdt-tab-title-icon-wrapper\">\r\n\r\n                                        \r\n                                                                                    <span class=\"bdt-tab-text\">\r\n                                                Regulacje Dokumenty                                            <\/span>\r\n                                        \r\n                                        \r\n                                    <\/div>\r\n\r\n                                    \r\n                                <\/div>\r\n                            <\/a>\r\n                        <\/div>\r\n                                            <div class=\"bdt-tabs-item\">\r\n                            <a data-title=\"Wideo\" class=\"bdt-tabs-item-title\" id=\"bdt-tab-Wideo\" data-tab-index=\"7\" href=\"#\">\r\n                                <div class=\"bdt-tab-text-wrapper bdt-flex-column\">\r\n\r\n                                    <div class=\"bdt-tab-title-icon-wrapper\">\r\n\r\n                                        \r\n                                                                                    <span class=\"bdt-tab-text\">\r\n                                                Wideo                                            <\/span>\r\n                                        \r\n                                        \r\n                                    <\/div>\r\n\r\n                                    \r\n                                <\/div>\r\n                            <\/a>\r\n                        <\/div>\r\n                                    <\/div>\r\n            <\/div>\r\n        <\/div>\r\n\r\n\r\n                                    \r\n        <div class=\"bdt-switcher-wrapper\">\r\n            <div id=\"bdt-tab-content-c7d430d\" class=\"bdt-switcher bdt-switcher-item-content\">\r\n                                                        <div class=\"bdt-tab-content-item \" data-content-id=\"ulotki\">\r\n                        <div>\r\n                            <p style=\"padding-left: 40px;\"><a href=\"https:\/\/cyberlevins.com\/wp-content\/uploads\/2022\/01\/Corporate-Cyber-Insurance-Clients-Brochure-PL.pdf\"><span style=\"color: #fe6309;\">Cyber One Insurance <\/span><\/a><a href=\"https:\/\/cyberlevins.com\/wp-content\/uploads\/2022\/01\/Corporate-Cyber-Insurance-Clients-Brochure-PL.pdf\"><img decoding=\"async\" class=\"alignnone wp-image-2996\" style=\"font-weight: inherit;\" src=\"https:\/\/cyberlevins.com\/wp-content\/uploads\/2021\/06\/Cloud.svg\" alt=\"\" width=\"30\" height=\"150\" \/><\/a><\/p><p style=\"padding-left: 40px;\"><a href=\"https:\/\/cyberlevins.com\/wp-content\/uploads\/2022\/01\/Cyber-Insurance-Policy-for-SME-Brochure-PL.pdf\"><span style=\"color: #fe6309;\">Cyber Lev Business Insurance <\/span><\/a><a href=\"https:\/\/cyberlevins.com\/wp-content\/uploads\/2022\/01\/Cyber-Insurance-Policy-for-SME-Brochure-PL.pdf\"><img decoding=\"async\" class=\"alignnone wp-image-2996\" src=\"https:\/\/cyberlevins.com\/wp-content\/uploads\/2021\/06\/Cloud.svg\" alt=\"\" width=\"30\" height=\"150\" \/><\/a><\/p><p style=\"padding-left: 40px;\"><a href=\"https:\/\/cyberlevins.com\/wp-content\/uploads\/2022\/01\/Cyber-Lev-Ins-Brokers-Brochure-PL.pdf\"><span style=\"color: #fe6309;\">Cyber Policy Broker&#8217;s brochure <\/span><\/a><a href=\"https:\/\/cyberlevins.com\/wp-content\/uploads\/2022\/01\/Cyber-Lev-Ins-Brokers-Brochure-PL.pdf\"><img decoding=\"async\" class=\"alignnone wp-image-2996\" src=\"https:\/\/cyberlevins.com\/wp-content\/uploads\/2021\/06\/Cloud.svg\" alt=\"\" width=\"30\" height=\"150\" \/><\/a><\/p><p>\u00a0<\/p><p style=\"padding-left: 40px;\"><span style=\"color: #fe6309;\">\u00a0\u00a0<\/span><\/p><p style=\"padding-left: 40px;\">\u00a0<\/p>                        <\/div>\r\n                    <\/div>\r\n                                                        <div class=\"bdt-tab-content-item \" data-content-id=\"bia-a-ksi-ga\">\r\n                        <div>\r\n                            <p><a href=\"https:\/\/cyberlevins.com\/wp-content\/uploads\/2021\/07\/Cyber-Lev-EDR-leaflet.pdf\"><span style=\"color: #fe6309;\">Endpoint Detection and Response (EDR) <\/span><img decoding=\"async\" class=\"alignnone wp-image-2996\" src=\"https:\/\/cyberlevins.com\/wp-content\/uploads\/2021\/06\/Cloud.svg\" alt=\"\" width=\"30\" \/><\/a><\/p><p><a href=\"https:\/\/cyberlevins.com\/wp-content\/uploads\/2021\/07\/Cyber-Lev-SIEM-leaflet.pdf\"><span style=\"color: #fe6309;\">Security Information and Event Management <\/span><img decoding=\"async\" class=\"alignnone wp-image-2996\" src=\"https:\/\/cyberlevins.com\/wp-content\/uploads\/2021\/06\/Cloud.svg\" alt=\"\" width=\"30\" \/><\/a><\/p><p><a href=\"https:\/\/cyberlevins.com\/wp-content\/uploads\/2021\/07\/Cyber-Lev-Safe-mail-leaflet.pdf\"><span style=\"color: #fe6309;\">Safe Mail <\/span><img decoding=\"async\" class=\"alignnone wp-image-2996\" src=\"https:\/\/cyberlevins.com\/wp-content\/uploads\/2021\/06\/Cloud.svg\" alt=\"\" width=\"30\" \/><\/a><\/p><p><a href=\"https:\/\/cyberlevins.com\/wp-content\/uploads\/2021\/07\/Cyber-Lev-Safe-Net-leaflet.pdf\"><span style=\"color: #fe6309;\">Safe\u00a0Net <\/span><img decoding=\"async\" class=\"alignnone wp-image-2996\" src=\"https:\/\/cyberlevins.com\/wp-content\/uploads\/2021\/06\/Cloud.svg\" alt=\"\" width=\"30\" \/><\/a><\/p>                        <\/div>\r\n                    <\/div>\r\n                                                        <div class=\"bdt-tab-content-item \" data-content-id=\"badania\">\r\n                        <div>\r\n                            <p><a href=\"file:\/\/\/C:\/Users\/emiliya.strahilova\/Downloads\/Cyber%20Lev%20Ins%20Blog%20Articles\/Polish\/Analiza%20zagro%C5%BCe%C5%84%20cybernetycznych.pdf\"><span style=\"color: #fe6309;\">Analiza zagro\u017ce\u0144 cybernetycznych \u2013 wyzwania i <br \/>problemy <\/span><\/a><a href=\"https:\/\/cyberlevins.com\/wp-content\/uploads\/2022\/01\/Cyber-Insurance-Policy-for-SME-Brochure-PL.pdf\"><img decoding=\"async\" class=\"alignnone wp-image-2996\" src=\"https:\/\/cyberlevins.com\/wp-content\/uploads\/2021\/06\/Cloud.svg\" alt=\"\" width=\"30\" height=\"150\" \/><\/a><\/p>                        <\/div>\r\n                    <\/div>\r\n                                                        <div class=\"bdt-tab-content-item \" data-content-id=\"og-lne-warunki\">\r\n                        <div>\r\n                            <p style=\"padding-left: 40px;\"><a href=\"https:\/\/cyberlevins.com\/wp-content\/uploads\/2022\/02\/Poland-Cyber-One-Wording.pdf\"><span style=\"color: #fe6309;\">Cyber One Insurance Wording <\/span><\/a><img decoding=\"async\" class=\"alignnone wp-image-2996\" style=\"font-weight: inherit;\" src=\"https:\/\/cyberlevins.com\/wp-content\/uploads\/2021\/06\/Cloud.svg\" alt=\"\" width=\"30\" \/><\/p>\n<p style=\"padding-left: 40px;\"><a href=\"https:\/\/cyberlevins.com\/wp-content\/uploads\/2022\/02\/Poland-Cyber-One-IPID.pdf\"><span style=\"color: #fe6309;\">Cyber One Insurance IPID <\/span><\/a><img decoding=\"async\" class=\"alignnone wp-image-2996\" style=\"font-weight: inherit;\" src=\"https:\/\/cyberlevins.com\/wp-content\/uploads\/2021\/06\/Cloud.svg\" alt=\"\" width=\"30\" \/><\/p>\n<p style=\"padding-left: 40px;\"><a href=\"https:\/\/cyberlevins.com\/wp-content\/uploads\/2022\/02\/Poland-Cyber-Lev-Business-Wording.pdf\"><span style=\"color: #fe6309;\">Cyber Lev Business Insurance Wording <\/span><\/a><img decoding=\"async\" class=\"alignnone wp-image-2996\" style=\"font-weight: inherit;\" src=\"https:\/\/cyberlevins.com\/wp-content\/uploads\/2021\/06\/Cloud.svg\" alt=\"\" width=\"30\" \/><\/p>\n<p style=\"padding-left: 40px;\"><a href=\"https:\/\/cyberlevins.com\/wp-content\/uploads\/2022\/02\/Poland-Cyber-Lev-Business-IPID.pdf\"><span style=\"color: #fe6309;\">Cyber Lev Business Insurance IPID <\/span><\/a><img decoding=\"async\" class=\"alignnone wp-image-2996\" style=\"font-weight: inherit;\" src=\"https:\/\/cyberlevins.com\/wp-content\/uploads\/2021\/06\/Cloud.svg\" alt=\"\" width=\"30\" \/><\/p>                        <\/div>\r\n                    <\/div>\r\n                                                        <div class=\"bdt-tab-content-item \" data-content-id=\"styatystyka\">\r\n                        <div>\r\n                                                    <\/div>\r\n                    <\/div>\r\n                                                        <div class=\"bdt-tab-content-item \" data-content-id=\"infografiki\">\r\n                        <div>\r\n                                                    <\/div>\r\n                    <\/div>\r\n                                                        <div class=\"bdt-tab-content-item \" data-content-id=\"regulacje-dokumenty\">\r\n                        <div>\r\n                                                    <\/div>\r\n                    <\/div>\r\n                                                        <div class=\"bdt-tab-content-item \" data-content-id=\"wideo\">\r\n                        <div>\r\n                                                    <\/div>\r\n                    <\/div>\r\n                            <\/div>\r\n        <\/div>\r\n                    \r\n                                <a href=\"#\" id=\"bottom-anchor-c7d430d\" data-bdt-hidden><\/a>\r\n            <\/div>\r\n        <\/div>\r\n    \t\t\t\t<\/div>\n\t\t\t\t<\/div>\n\t\t\t\t\t<\/div>\n\t\t<\/div>\n\t\t\t\t\t<\/div>\n\t\t<\/section>\n\t\t\t\t<section class=\"elementor-section elementor-top-section elementor-element elementor-element-659c13da elementor-section-boxed elementor-section-height-default elementor-section-height-default\" data-id=\"659c13da\" data-element_type=\"section\">\n\t\t\t\t\t\t<div class=\"elementor-container elementor-column-gap-default\">\n\t\t\t\t\t<div class=\"elementor-column elementor-col-50 elementor-top-column elementor-element elementor-element-76e3c677\" data-id=\"76e3c677\" data-element_type=\"column\">\n\t\t\t<div class=\"elementor-widget-wrap elementor-element-populated\">\n\t\t\t\t\t\t<div class=\"elementor-element elementor-element-396a06d7 elementor-widget elementor-widget-heading\" data-id=\"396a06d7\" data-element_type=\"widget\" data-widget_type=\"heading.default\">\n\t\t\t\t<div class=\"elementor-widget-container\">\n\t\t\t\t\t<h2 class=\"elementor-heading-title elementor-size-default\">Skontaktuj si\u0119 z nami<\/h2>\t\t\t\t<\/div>\n\t\t\t\t<\/div>\n\t\t\t\t<div class=\"elementor-element elementor-element-4721ed1d elementor-widget elementor-widget-text-editor\" data-id=\"4721ed1d\" data-element_type=\"widget\" data-widget_type=\"text-editor.default\">\n\t\t\t\t<div class=\"elementor-widget-container\">\n\t\t\t\t\t\t\t\t\t<p><span data-sheets-value=\"{&quot;1&quot;:2,&quot;2&quot;:&quot;Jeste\u015bmy gotowi pom\u00f3c Pa\u0144stwu w ka\u017cdej sytuacji i nieznanym otoczeniu. Mo\u017cesz po prostu zadzwoni\u0107 do nas pod nasz bezp\u0142atny, ca\u0142odobowy telefon.&quot;}\" data-sheets-userformat=\"{&quot;2&quot;:897,&quot;3&quot;:{&quot;1&quot;:0},&quot;10&quot;:1,&quot;11&quot;:4,&quot;12&quot;:0}\">Jeste\u015bmy gotowi pom\u00f3c Pa\u0144stwu w ka\u017cdej sytuacji i nieznanym otoczeniu. Mo\u017cesz po prostu zadzwoni\u0107 do nas pod nasz bezp\u0142atny, ca\u0142odobowy telefon.<\/span><\/p>\t\t\t\t\t\t\t\t<\/div>\n\t\t\t\t<\/div>\n\t\t\t\t\t<\/div>\n\t\t<\/div>\n\t\t\t\t<div class=\"elementor-column elementor-col-50 elementor-top-column elementor-element elementor-element-65a42fc2\" data-id=\"65a42fc2\" data-element_type=\"column\">\n\t\t\t<div class=\"elementor-widget-wrap elementor-element-populated\">\n\t\t\t\t\t\t<div class=\"elementor-element elementor-element-1df78dcb elementor-widget elementor-widget-image\" data-id=\"1df78dcb\" data-element_type=\"widget\" data-widget_type=\"image.default\">\n\t\t\t\t<div class=\"elementor-widget-container\">\n\t\t\t\t\t\t\t\t\t\t\t\t\t\t\t<img decoding=\"async\" width=\"74\" height=\"74\" src=\"https:\/\/cyberlevins.com\/wp-content\/uploads\/2021\/04\/24h.png\" class=\"attachment-large size-large wp-image-714\" alt=\"\" \/>\t\t\t\t\t\t\t\t\t\t\t\t\t\t\t<\/div>\n\t\t\t\t<\/div>\n\t\t\t\t<div class=\"elementor-element elementor-element-48af4ade elementor-align-center elementor-widget elementor-widget-button\" data-id=\"48af4ade\" data-element_type=\"widget\" data-widget_type=\"button.default\">\n\t\t\t\t<div class=\"elementor-widget-container\">\n\t\t\t\t\t\t\t\t\t<div class=\"elementor-button-wrapper\">\n\t\t\t\t\t<a class=\"elementor-button elementor-button-link elementor-size-xl\" href=\"tel:00%20080%2010%20200%20000\">\n\t\t\t\t\t\t<span class=\"elementor-button-content-wrapper\">\n\t\t\t\t\t\t\t\t\t<span class=\"elementor-button-text\">00 080 10 200 000<\/span>\n\t\t\t\t\t<\/span>\n\t\t\t\t\t<\/a>\n\t\t\t\t<\/div>\n\t\t\t\t\t\t\t\t<\/div>\n\t\t\t\t<\/div>\n\t\t\t\t\t<\/div>\n\t\t<\/div>\n\t\t\t\t\t<\/div>\n\t\t<\/section>\n\t\t\t\t<\/div>\n\t\t","protected":false},"excerpt":{"rendered":"<p>Zasoby Wykaz kategorii Ulotki Bia\u0142a Ksi\u0119ga Badania Og\u00f3lne warunki Styatystyka Infografiki Regulacje Dokumenty Wideo Cyber One Insurance Cyber Lev Business Insurance Cyber Policy Broker&#8217;s brochure \u00a0 \u00a0\u00a0 \u00a0 Endpoint Detection and Response (EDR) Security Information and Event Management Safe Mail Safe\u00a0Net Analiza zagro\u017ce\u0144 cybernetycznych \u2013 wyzwania i problemy Cyber One Insurance Wording Cyber One Insurance [&hellip;]<\/p>\n","protected":false},"author":1,"featured_media":0,"parent":0,"menu_order":0,"comment_status":"closed","ping_status":"closed","template":"","meta":{"site-sidebar-layout":"no-sidebar","site-content-layout":"page-builder","ast-site-content-layout":"default","site-content-style":"default","site-sidebar-style":"default","ast-global-header-display":"","ast-banner-title-visibility":"","ast-main-header-display":"","ast-hfb-above-header-display":"","ast-hfb-below-header-display":"","ast-hfb-mobile-header-display":"","site-post-title":"disabled","ast-breadcrumbs-content":"","ast-featured-img":"disabled","footer-sml-layout":"","theme-transparent-header-meta":"disabled","adv-header-id-meta":"755","stick-header-meta":"default","header-above-stick-meta":"","header-main-stick-meta":"","header-below-stick-meta":"","astra-migrate-meta-layouts":"default","ast-page-background-enabled":"default","ast-page-background-meta":{"desktop":{"background-color":"","background-image":"","background-repeat":"repeat","background-position":"center center","background-size":"auto","background-attachment":"scroll","background-type":"","background-media":"","overlay-type":"","overlay-color":"","overlay-opacity":"","overlay-gradient":""},"tablet":{"background-color":"","background-image":"","background-repeat":"repeat","background-position":"center center","background-size":"auto","background-attachment":"scroll","background-type":"","background-media":"","overlay-type":"","overlay-color":"","overlay-opacity":"","overlay-gradient":""},"mobile":{"background-color":"","background-image":"","background-repeat":"repeat","background-position":"center center","background-size":"auto","background-attachment":"scroll","background-type":"","background-media":"","overlay-type":"","overlay-color":"","overlay-opacity":"","overlay-gradient":""}},"ast-content-background-meta":{"desktop":{"background-color":"var(--ast-global-color-5)","background-image":"","background-repeat":"repeat","background-position":"center center","background-size":"auto","background-attachment":"scroll","background-type":"","background-media":"","overlay-type":"","overlay-color":"","overlay-opacity":"","overlay-gradient":""},"tablet":{"background-color":"var(--ast-global-color-5)","background-image":"","background-repeat":"repeat","background-position":"center center","background-size":"auto","background-attachment":"scroll","background-type":"","background-media":"","overlay-type":"","overlay-color":"","overlay-opacity":"","overlay-gradient":""},"mobile":{"background-color":"var(--ast-global-color-5)","background-image":"","background-repeat":"repeat","background-position":"center center","background-size":"auto","background-attachment":"scroll","background-type":"","background-media":"","overlay-type":"","overlay-color":"","overlay-opacity":"","overlay-gradient":""}},"footnotes":""},"class_list":["post-4877","page","type-page","status-publish","hentry"],"aioseo_notices":[],"_links":{"self":[{"href":"https:\/\/cyberlevins.com\/pl\/wp-json\/wp\/v2\/pages\/4877","targetHints":{"allow":["GET"]}}],"collection":[{"href":"https:\/\/cyberlevins.com\/pl\/wp-json\/wp\/v2\/pages"}],"about":[{"href":"https:\/\/cyberlevins.com\/pl\/wp-json\/wp\/v2\/types\/page"}],"author":[{"embeddable":true,"href":"https:\/\/cyberlevins.com\/pl\/wp-json\/wp\/v2\/users\/1"}],"replies":[{"embeddable":true,"href":"https:\/\/cyberlevins.com\/pl\/wp-json\/wp\/v2\/comments?post=4877"}],"version-history":[{"count":21,"href":"https:\/\/cyberlevins.com\/pl\/wp-json\/wp\/v2\/pages\/4877\/revisions"}],"predecessor-version":[{"id":7003,"href":"https:\/\/cyberlevins.com\/pl\/wp-json\/wp\/v2\/pages\/4877\/revisions\/7003"}],"wp:attachment":[{"href":"https:\/\/cyberlevins.com\/pl\/wp-json\/wp\/v2\/media?parent=4877"}],"curies":[{"name":"wp","href":"https:\/\/api.w.org\/{rel}","templated":true}]}}