{"id":4806,"date":"2021-07-19T15:52:00","date_gmt":"2021-07-19T12:52:00","guid":{"rendered":"https:\/\/cyberlevins.com\/?page_id=4806"},"modified":"2021-07-26T13:37:35","modified_gmt":"2021-07-26T10:37:35","slug":"about-us","status":"publish","type":"page","link":"https:\/\/cyberlevins.com\/pl\/about-us","title":{"rendered":"About us"},"content":{"rendered":"\t\t<div data-elementor-type=\"wp-post\" data-elementor-id=\"4806\" class=\"elementor elementor-4806 elementor-8\" data-elementor-post-type=\"page\">\n\t\t\t\t\t\t<section class=\"elementor-section elementor-top-section elementor-element elementor-element-3b09db3b elementor-section-full_width elementor-section-height-min-height animated-slow elementor-hidden-phone elementor-section-height-default elementor-section-items-middle elementor-invisible\" data-id=\"3b09db3b\" data-element_type=\"section\" data-settings=\"{&quot;background_background&quot;:&quot;classic&quot;,&quot;animation&quot;:&quot;fadeIn&quot;}\">\n\t\t\t\t\t\t<div class=\"elementor-container elementor-column-gap-default\">\n\t\t\t\t\t<div class=\"elementor-column elementor-col-50 elementor-top-column elementor-element elementor-element-4eac1427\" data-id=\"4eac1427\" data-element_type=\"column\">\n\t\t\t<div class=\"elementor-widget-wrap elementor-element-populated\">\n\t\t\t\t\t\t<div class=\"elementor-element elementor-element-75cf2f2 elementor-widget elementor-widget-text-editor\" data-id=\"75cf2f2\" data-element_type=\"widget\" data-widget_type=\"text-editor.default\">\n\t\t\t\t<div class=\"elementor-widget-container\">\n\t\t\t\t\t\t\t\t\t<p><span style=\"color: #333333;\"><span style=\"color: #ee0979;\">Ubezpieczamy<\/span> Twoje dane, wi\u0119c rozw\u00f3j Twojego biznesu jest <span style=\"color: #fe6309;\">zabezpieczony<\/span>.<\/span><\/p>\t\t\t\t\t\t\t\t<\/div>\n\t\t\t\t<\/div>\n\t\t\t\t\t<\/div>\n\t\t<\/div>\n\t\t\t\t<div class=\"elementor-column elementor-col-50 elementor-top-column elementor-element elementor-element-6d524f96\" data-id=\"6d524f96\" data-element_type=\"column\">\n\t\t\t<div class=\"elementor-widget-wrap\">\n\t\t\t\t\t\t\t<\/div>\n\t\t<\/div>\n\t\t\t\t\t<\/div>\n\t\t<\/section>\n\t\t\t\t<section class=\"elementor-section elementor-top-section elementor-element elementor-element-fb44a92 elementor-section-boxed elementor-section-height-default elementor-section-height-default\" data-id=\"fb44a92\" data-element_type=\"section\">\n\t\t\t\t\t\t<div class=\"elementor-container elementor-column-gap-default\">\n\t\t\t\t\t<div class=\"elementor-column elementor-col-50 elementor-top-column elementor-element elementor-element-38fa6b7\" data-id=\"38fa6b7\" data-element_type=\"column\">\n\t\t\t<div class=\"elementor-widget-wrap elementor-element-populated\">\n\t\t\t\t\t\t<div class=\"elementor-element elementor-element-168ab76 elementor-widget elementor-widget-heading\" data-id=\"168ab76\" data-element_type=\"widget\" data-widget_type=\"heading.default\">\n\t\t\t\t<div class=\"elementor-widget-container\">\n\t\t\t\t\t<h5 class=\"elementor-heading-title elementor-size-default\">O nas<\/h5>\t\t\t\t<\/div>\n\t\t\t\t<\/div>\n\t\t\t\t<div class=\"elementor-element elementor-element-d8da7aa elementor-widget elementor-widget-text-editor\" data-id=\"d8da7aa\" data-element_type=\"widget\" data-widget_type=\"text-editor.default\">\n\t\t\t\t<div class=\"elementor-widget-container\">\n\t\t\t\t\t\t\t\t\t<p><span data-sheets-value=\"{&quot;1&quot;:2,&quot;2&quot;:&quot;Cyber Lev Ins jest cz\u0119\u015bci\u0105 Lev Ins, firmy z 25-letnim do\u015bwiadczeniem w zarz\u0105dzaniu ryzykiem na rynkach europejskich. Nasze kompleksowe produkty ubezpieczeniowe s\u0105 opracowywane we wsp\u00f3\u0142pracy z jednymi z czo\u0142owych ekspert\u00f3w w dziedzinie cyberbezpiecze\u0144stwa na \u015bwiecie \u2013 Orenem Elimelechem i jego zespo\u0142em. \u0141\u0105czymy izraelski know-how z zaawansowanymi rozwi\u0105zaniami technologicznymi, aby zapewni\u0107 bezpieczne \u015brodowisko i zasi\u0119g dla wszystkich naszych klient\u00f3w. Nasz zakres rozwi\u0105za\u0144 ubezpieczeniowych jest szeroki \u2013 wsp\u00f3\u0142pracujemy z du\u017cymi i z\u0142o\u017conymi korporacjami; ma\u0142e i \u015brednie przedsi\u0119biorstwa; a nawet z osobami.&quot;}\" data-sheets-userformat=\"{&quot;2&quot;:897,&quot;3&quot;:{&quot;1&quot;:0},&quot;10&quot;:1,&quot;11&quot;:4,&quot;12&quot;:0}\">Cyber Lev Ins jest cz\u0119\u015bci\u0105 Lev Ins, firmy z 25-letnim do\u015bwiadczeniem w zarz\u0105dzaniu ryzykiem na rynkach europejskich. Nasze kompleksowe produkty ubezpieczeniowe s\u0105 opracowywane we wsp\u00f3\u0142pracy z jednymi z czo\u0142owych ekspert\u00f3w w dziedzinie cyberbezpiecze\u0144stwa na \u015bwiecie \u2013 Orenem Elimelechem i jego zespo\u0142em. \u0141\u0105czymy izraelski know-how z zaawansowanymi rozwi\u0105zaniami technologicznymi, aby zapewni\u0107 bezpieczne \u015brodowisko i zasi\u0119g dla wszystkich naszych klient\u00f3w. Nasz zakres rozwi\u0105za\u0144 ubezpieczeniowych jest szeroki \u2013 wsp\u00f3\u0142pracujemy z du\u017cymi i z\u0142o\u017conymi korporacjami; ma\u0142e i \u015brednie przedsi\u0119biorstwa; a nawet z osobami.<\/span><\/p>\t\t\t\t\t\t\t\t<\/div>\n\t\t\t\t<\/div>\n\t\t\t\t\t<\/div>\n\t\t<\/div>\n\t\t\t\t<div class=\"elementor-column elementor-col-50 elementor-top-column elementor-element elementor-element-9d9e26b\" data-id=\"9d9e26b\" data-element_type=\"column\">\n\t\t\t<div class=\"elementor-widget-wrap\">\n\t\t\t\t\t\t\t<\/div>\n\t\t<\/div>\n\t\t\t\t\t<\/div>\n\t\t<\/section>\n\t\t\t\t<section class=\"elementor-section elementor-top-section elementor-element elementor-element-9e0c07d elementor-section-boxed elementor-section-height-default elementor-section-height-default\" data-id=\"9e0c07d\" data-element_type=\"section\">\n\t\t\t\t\t\t<div class=\"elementor-container elementor-column-gap-default\">\n\t\t\t\t\t<div class=\"elementor-column elementor-col-100 elementor-top-column elementor-element elementor-element-d37563c\" data-id=\"d37563c\" data-element_type=\"column\">\n\t\t\t<div class=\"elementor-widget-wrap elementor-element-populated\">\n\t\t\t\t\t\t<div class=\"elementor-element elementor-element-dbacf32 elementor-widget elementor-widget-heading\" data-id=\"dbacf32\" data-element_type=\"widget\" data-widget_type=\"heading.default\">\n\t\t\t\t<div class=\"elementor-widget-container\">\n\t\t\t\t\t<h2 class=\"elementor-heading-title elementor-size-default\">Czym si\u0119 r\u00f3\u017cnimy?<\/h2>\t\t\t\t<\/div>\n\t\t\t\t<\/div>\n\t\t\t\t<section class=\"elementor-section elementor-inner-section elementor-element elementor-element-757d59d elementor-section-boxed elementor-section-height-default elementor-section-height-default\" data-id=\"757d59d\" data-element_type=\"section\">\n\t\t\t\t\t\t<div class=\"elementor-container elementor-column-gap-default\">\n\t\t\t\t\t<div class=\"elementor-column elementor-col-33 elementor-inner-column elementor-element elementor-element-6bdace36\" data-id=\"6bdace36\" data-element_type=\"column\" data-settings=\"{&quot;background_background&quot;:&quot;classic&quot;}\">\n\t\t\t<div class=\"elementor-widget-wrap elementor-element-populated\">\n\t\t\t\t\t\t<div class=\"elementor-element elementor-element-de57bbd elementor-widget elementor-widget-image\" data-id=\"de57bbd\" data-element_type=\"widget\" data-widget_type=\"image.default\">\n\t\t\t\t<div class=\"elementor-widget-container\">\n\t\t\t\t\t\t\t\t\t\t\t\t\t\t\t<img decoding=\"async\" width=\"83\" height=\"83\" src=\"https:\/\/cyberlevins.com\/wp-content\/uploads\/2021\/05\/pc_protected-1.png\" class=\"attachment-full size-full wp-image-1880\" alt=\"Cyber Lev Ins benefits\" \/>\t\t\t\t\t\t\t\t\t\t\t\t\t\t\t<\/div>\n\t\t\t\t<\/div>\n\t\t\t\t<div class=\"elementor-element elementor-element-3b5338d3 elementor-widget elementor-widget-text-editor\" data-id=\"3b5338d3\" data-element_type=\"widget\" data-widget_type=\"text-editor.default\">\n\t\t\t\t<div class=\"elementor-widget-container\">\n\t\t\t\t\t\t\t\t\t<p><span data-sheets-value=\"{&quot;1&quot;:2,&quot;2&quot;:&quot;Jeste\u015bmy ubezpieczycielem wykorzystuj\u0105cym technologi\u0119. Cyber Lev Ins to pot\u0119\u017cne narz\u0119dzie ograniczania ryzyka - nasze wewn\u0119trzne Centrum Operacji Bezpiecze\u0144stwa - gwarantuje Pa\u0144stwu natychmiastow\u0105 reakcj\u0119 na istniej\u0105ce lub pojawiaj\u0105ce si\u0119 zagro\u017cenia cybernetyczne.&quot;}\" data-sheets-userformat=\"{&quot;2&quot;:897,&quot;3&quot;:{&quot;1&quot;:0},&quot;10&quot;:1,&quot;11&quot;:4,&quot;12&quot;:0}\">Jeste\u015bmy ubezpieczycielem wykorzystuj\u0105cym technologi\u0119. Cyber Lev Ins to pot\u0119\u017cne narz\u0119dzie ograniczania ryzyka &#8211; nasze wewn\u0119trzne Centrum Operacji Bezpiecze\u0144stwa &#8211; gwarantuje Pa\u0144stwu natychmiastow\u0105 reakcj\u0119 na istniej\u0105ce lub pojawiaj\u0105ce si\u0119 zagro\u017cenia cybernetyczne.<\/span><\/p>\t\t\t\t\t\t\t\t<\/div>\n\t\t\t\t<\/div>\n\t\t\t\t\t<\/div>\n\t\t<\/div>\n\t\t\t\t<div class=\"elementor-column elementor-col-33 elementor-inner-column elementor-element elementor-element-314a309a\" data-id=\"314a309a\" data-element_type=\"column\" data-settings=\"{&quot;background_background&quot;:&quot;classic&quot;}\">\n\t\t\t<div class=\"elementor-widget-wrap elementor-element-populated\">\n\t\t\t\t\t\t<div class=\"elementor-element elementor-element-39c04b6 elementor-widget elementor-widget-image\" data-id=\"39c04b6\" data-element_type=\"widget\" data-widget_type=\"image.default\">\n\t\t\t\t<div class=\"elementor-widget-container\">\n\t\t\t\t\t\t\t\t\t\t\t\t\t\t\t<img decoding=\"async\" width=\"83\" height=\"83\" src=\"https:\/\/cyberlevins.com\/wp-content\/uploads\/2021\/05\/24_7-1.png\" class=\"attachment-full size-full wp-image-1874\" alt=\"call center\" \/>\t\t\t\t\t\t\t\t\t\t\t\t\t\t\t<\/div>\n\t\t\t\t<\/div>\n\t\t\t\t<div class=\"elementor-element elementor-element-a9789a9 elementor-widget elementor-widget-text-editor\" data-id=\"a9789a9\" data-element_type=\"widget\" data-widget_type=\"text-editor.default\">\n\t\t\t\t<div class=\"elementor-widget-container\">\n\t\t\t\t\t\t\t\t\t<p><span data-sheets-value=\"{&quot;1&quot;:2,&quot;2&quot;:&quot;Ponadto, posiadamy mi\u0119dzynarodow\u0105 infolini\u0119 czynn\u0105 24\/7, gdzie zapewniamy trzy poziomy pomocy dla naszych klient\u00f3w.&quot;}\" data-sheets-userformat=\"{&quot;2&quot;:897,&quot;3&quot;:{&quot;1&quot;:0},&quot;10&quot;:1,&quot;11&quot;:4,&quot;12&quot;:0}\">Ponadto, posiadamy mi\u0119dzynarodow\u0105 infolini\u0119 czynn\u0105 24\/7, gdzie zapewniamy trzy poziomy pomocy dla naszych klient\u00f3w.<\/span><\/p>\t\t\t\t\t\t\t\t<\/div>\n\t\t\t\t<\/div>\n\t\t\t\t\t<\/div>\n\t\t<\/div>\n\t\t\t\t<div class=\"elementor-column elementor-col-33 elementor-inner-column elementor-element elementor-element-37d70e72\" data-id=\"37d70e72\" data-element_type=\"column\" data-settings=\"{&quot;background_background&quot;:&quot;classic&quot;}\">\n\t\t\t<div class=\"elementor-widget-wrap elementor-element-populated\">\n\t\t\t\t\t\t<div class=\"elementor-element elementor-element-a994b81 elementor-widget elementor-widget-image\" data-id=\"a994b81\" data-element_type=\"widget\" data-widget_type=\"image.default\">\n\t\t\t\t<div class=\"elementor-widget-container\">\n\t\t\t\t\t\t\t\t\t\t\t\t\t\t\t<img decoding=\"async\" width=\"83\" height=\"83\" src=\"https:\/\/cyberlevins.com\/wp-content\/uploads\/2021\/05\/SOC-1.png\" class=\"attachment-full size-full wp-image-1868\" alt=\"\" \/>\t\t\t\t\t\t\t\t\t\t\t\t\t\t\t<\/div>\n\t\t\t\t<\/div>\n\t\t\t\t<div class=\"elementor-element elementor-element-1b71d7b4 elementor-widget elementor-widget-text-editor\" data-id=\"1b71d7b4\" data-element_type=\"widget\" data-widget_type=\"text-editor.default\">\n\t\t\t\t<div class=\"elementor-widget-container\">\n\t\t\t\t\t\t\t\t\t<p><span data-sheets-value=\"{&quot;1&quot;:2,&quot;2&quot;:&quot;D\u0105\u017c\u0105c do ci\u0105g\u0142ego poszerzania i udoskonalania naszych rozwi\u0105za\u0144 w zakresie ubezpiecze\u0144 cybernetycznych, ci\u0119\u017cko pracujemy dla Pa\u0144stwa spokoju ducha. Cyber Lev Ins pomo\u017ce Ci zapobiega\u0107 cyberatakom i rozwija\u0107 Tw\u00f3j biznes w bezpieczny spos\u00f3b.&quot;}\" data-sheets-userformat=\"{&quot;2&quot;:897,&quot;3&quot;:{&quot;1&quot;:0},&quot;10&quot;:1,&quot;11&quot;:4,&quot;12&quot;:0}\">D\u0105\u017c\u0105c do ci\u0105g\u0142ego poszerzania i udoskonalania naszych rozwi\u0105za\u0144 w zakresie ubezpiecze\u0144 cybernetycznych, ci\u0119\u017cko pracujemy dla Pa\u0144stwa spokoju ducha. Cyber Lev Ins pomo\u017ce Ci zapobiega\u0107 cyberatakom i rozwija\u0107 Tw\u00f3j biznes w bezpieczny spos\u00f3b.<\/span><\/p>\t\t\t\t\t\t\t\t<\/div>\n\t\t\t\t<\/div>\n\t\t\t\t\t<\/div>\n\t\t<\/div>\n\t\t\t\t\t<\/div>\n\t\t<\/section>\n\t\t\t\t\t<\/div>\n\t\t<\/div>\n\t\t\t\t\t<\/div>\n\t\t<\/section>\n\t\t\t\t<section class=\"elementor-section elementor-top-section elementor-element elementor-element-c70506a elementor-section-boxed elementor-section-height-default elementor-section-height-default\" data-id=\"c70506a\" data-element_type=\"section\">\n\t\t\t\t\t\t<div class=\"elementor-container elementor-column-gap-default\">\n\t\t\t\t\t<div class=\"elementor-column elementor-col-100 elementor-top-column elementor-element elementor-element-9f2b74b\" data-id=\"9f2b74b\" data-element_type=\"column\">\n\t\t\t<div class=\"elementor-widget-wrap elementor-element-populated\">\n\t\t\t\t\t\t<div class=\"elementor-element elementor-element-1047de9 elementor-widget elementor-widget-heading\" data-id=\"1047de9\" data-element_type=\"widget\" data-widget_type=\"heading.default\">\n\t\t\t\t<div class=\"elementor-widget-container\">\n\t\t\t\t\t<h2 class=\"elementor-heading-title elementor-size-default\">W ten spos\u00f3b zapewniamy aktywn\u0105 ochron\u0119 przed dynamicznymi w\u0142amaniami.<\/h2>\t\t\t\t<\/div>\n\t\t\t\t<\/div>\n\t\t\t\t\t<\/div>\n\t\t<\/div>\n\t\t\t\t\t<\/div>\n\t\t<\/section>\n\t\t\t\t<section class=\"elementor-section elementor-inner-section elementor-element elementor-element-730653e7 elementor-section-boxed elementor-section-height-default elementor-section-height-default\" data-id=\"730653e7\" data-element_type=\"section\">\n\t\t\t\t\t\t<div class=\"elementor-container elementor-column-gap-no\">\n\t\t\t\t\t\t<\/div>\n\t\t<\/section>\n\t\t\t\t<section class=\"elementor-section elementor-inner-section elementor-element elementor-element-31e1fba2 elementor-section-boxed elementor-section-height-default elementor-section-height-default\" data-id=\"31e1fba2\" data-element_type=\"section\">\n\t\t\t\t\t\t<div class=\"elementor-container elementor-column-gap-no\">\n\t\t\t\t\t<div class=\"elementor-column elementor-col-33 elementor-inner-column elementor-element elementor-element-5fb20ddd\" data-id=\"5fb20ddd\" data-element_type=\"column\">\n\t\t\t<div class=\"elementor-widget-wrap elementor-element-populated\">\n\t\t\t\t\t\t<div class=\"elementor-element elementor-element-18f4f501 elementor-widget elementor-widget-button\" data-id=\"18f4f501\" data-element_type=\"widget\" data-widget_type=\"button.default\">\n\t\t\t\t<div class=\"elementor-widget-container\">\n\t\t\t\t\t\t\t\t\t<div class=\"elementor-button-wrapper\">\n\t\t\t\t\t<a class=\"elementor-button elementor-button-link elementor-size-lg\" href=\"https:\/\/cyberlevins.com\/pl\/insurance-products\">\n\t\t\t\t\t\t<span class=\"elementor-button-content-wrapper\">\n\t\t\t\t\t\t\t\t\t<span class=\"elementor-button-text\">Zobacz nasze produkty<\/span>\n\t\t\t\t\t<\/span>\n\t\t\t\t\t<\/a>\n\t\t\t\t<\/div>\n\t\t\t\t\t\t\t\t<\/div>\n\t\t\t\t<\/div>\n\t\t\t\t\t<\/div>\n\t\t<\/div>\n\t\t\t\t<div class=\"elementor-column elementor-col-33 elementor-inner-column elementor-element elementor-element-7f6e6d2\" data-id=\"7f6e6d2\" data-element_type=\"column\">\n\t\t\t<div class=\"elementor-widget-wrap\">\n\t\t\t\t\t\t\t<\/div>\n\t\t<\/div>\n\t\t\t\t<div class=\"elementor-column elementor-col-33 elementor-inner-column elementor-element elementor-element-12d81cf\" data-id=\"12d81cf\" data-element_type=\"column\">\n\t\t\t<div class=\"elementor-widget-wrap elementor-element-populated\">\n\t\t\t\t\t\t<div class=\"elementor-element elementor-element-bb94c2e elementor-widget elementor-widget-button\" data-id=\"bb94c2e\" data-element_type=\"widget\" data-widget_type=\"button.default\">\n\t\t\t\t<div class=\"elementor-widget-container\">\n\t\t\t\t\t\t\t\t\t<div class=\"elementor-button-wrapper\">\n\t\t\t\t\t<a class=\"elementor-button elementor-button-link elementor-size-lg\" href=\"https:\/\/cyberlevins.com\/pl\/resources\">\n\t\t\t\t\t\t<span class=\"elementor-button-content-wrapper\">\n\t\t\t\t\t\t\t\t\t<span class=\"elementor-button-text\">Pobierz ulotk\u0119<\/span>\n\t\t\t\t\t<\/span>\n\t\t\t\t\t<\/a>\n\t\t\t\t<\/div>\n\t\t\t\t\t\t\t\t<\/div>\n\t\t\t\t<\/div>\n\t\t\t\t\t<\/div>\n\t\t<\/div>\n\t\t\t\t\t<\/div>\n\t\t<\/section>\n\t\t\t\t<section class=\"elementor-section elementor-inner-section elementor-element elementor-element-1417b203 elementor-section-boxed elementor-section-height-default elementor-section-height-default\" data-id=\"1417b203\" data-element_type=\"section\">\n\t\t\t\t\t\t<div class=\"elementor-container elementor-column-gap-no\">\n\t\t\t\t\t\t<\/div>\n\t\t<\/section>\n\t\t\t\t<section class=\"elementor-section elementor-top-section elementor-element elementor-element-302cfdee elementor-section-boxed elementor-section-height-default elementor-section-height-default\" data-id=\"302cfdee\" data-element_type=\"section\">\n\t\t\t\t\t\t<div class=\"elementor-container elementor-column-gap-default\">\n\t\t\t\t\t<div class=\"elementor-column elementor-col-50 elementor-top-column elementor-element elementor-element-7bd68606\" data-id=\"7bd68606\" data-element_type=\"column\">\n\t\t\t<div class=\"elementor-widget-wrap elementor-element-populated\">\n\t\t\t\t\t\t<div class=\"elementor-element elementor-element-4f34a7db elementor-widget elementor-widget-heading\" data-id=\"4f34a7db\" data-element_type=\"widget\" data-widget_type=\"heading.default\">\n\t\t\t\t<div class=\"elementor-widget-container\">\n\t\t\t\t\t<h2 class=\"elementor-heading-title elementor-size-default\">Skontaktuj si\u0119 z nami<\/h2>\t\t\t\t<\/div>\n\t\t\t\t<\/div>\n\t\t\t\t<div class=\"elementor-element elementor-element-2b3bdaee elementor-widget elementor-widget-text-editor\" data-id=\"2b3bdaee\" data-element_type=\"widget\" data-widget_type=\"text-editor.default\">\n\t\t\t\t<div class=\"elementor-widget-container\">\n\t\t\t\t\t\t\t\t\t<p><span data-sheets-value=\"{&quot;1&quot;:2,&quot;2&quot;:&quot;Jeste\u015bmy gotowi pom\u00f3c Pa\u0144stwu w ka\u017cdej sytuacji i nieznanym otoczeniu. Mo\u017cesz po prostu zadzwoni\u0107 do nas pod nasz bezp\u0142atny, ca\u0142odobowy telefon.&quot;}\" data-sheets-userformat=\"{&quot;2&quot;:897,&quot;3&quot;:{&quot;1&quot;:0},&quot;10&quot;:1,&quot;11&quot;:4,&quot;12&quot;:0}\">Jeste\u015bmy gotowi pom\u00f3c Pa\u0144stwu w ka\u017cdej sytuacji i nieznanym otoczeniu. Mo\u017cesz po prostu zadzwoni\u0107 do nas pod nasz bezp\u0142atny, ca\u0142odobowy telefon.<\/span><\/p>\t\t\t\t\t\t\t\t<\/div>\n\t\t\t\t<\/div>\n\t\t\t\t\t<\/div>\n\t\t<\/div>\n\t\t\t\t<div class=\"elementor-column elementor-col-50 elementor-top-column elementor-element elementor-element-60b61b60\" data-id=\"60b61b60\" data-element_type=\"column\">\n\t\t\t<div class=\"elementor-widget-wrap elementor-element-populated\">\n\t\t\t\t\t\t<div class=\"elementor-element elementor-element-62cc08f7 elementor-widget elementor-widget-image\" data-id=\"62cc08f7\" data-element_type=\"widget\" data-widget_type=\"image.default\">\n\t\t\t\t<div class=\"elementor-widget-container\">\n\t\t\t\t\t\t\t\t\t\t\t\t\t\t\t<img loading=\"lazy\" decoding=\"async\" width=\"74\" height=\"74\" src=\"https:\/\/cyberlevins.com\/wp-content\/uploads\/2021\/04\/24h.png\" class=\"attachment-large size-large wp-image-714\" alt=\"\" \/>\t\t\t\t\t\t\t\t\t\t\t\t\t\t\t<\/div>\n\t\t\t\t<\/div>\n\t\t\t\t<div class=\"elementor-element elementor-element-1e0e81fc elementor-align-center elementor-widget elementor-widget-button\" data-id=\"1e0e81fc\" data-element_type=\"widget\" data-widget_type=\"button.default\">\n\t\t\t\t<div class=\"elementor-widget-container\">\n\t\t\t\t\t\t\t\t\t<div class=\"elementor-button-wrapper\">\n\t\t\t\t\t<a class=\"elementor-button elementor-button-link elementor-size-xl\" href=\"tel:00%20800%2010%20200%20000\">\n\t\t\t\t\t\t<span class=\"elementor-button-content-wrapper\">\n\t\t\t\t\t\t\t\t\t<span class=\"elementor-button-text\">00 800 10 200 000<\/span>\n\t\t\t\t\t<\/span>\n\t\t\t\t\t<\/a>\n\t\t\t\t<\/div>\n\t\t\t\t\t\t\t\t<\/div>\n\t\t\t\t<\/div>\n\t\t\t\t\t<\/div>\n\t\t<\/div>\n\t\t\t\t\t<\/div>\n\t\t<\/section>\n\t\t\t\t<\/div>\n\t\t","protected":false},"excerpt":{"rendered":"<p>Ubezpieczamy Twoje dane, wi\u0119c rozw\u00f3j Twojego biznesu jest zabezpieczony. O nas Cyber Lev Ins jest cz\u0119\u015bci\u0105 Lev Ins, firmy z 25-letnim do\u015bwiadczeniem w zarz\u0105dzaniu ryzykiem na rynkach europejskich. Nasze kompleksowe produkty ubezpieczeniowe s\u0105 opracowywane we wsp\u00f3\u0142pracy z jednymi z czo\u0142owych ekspert\u00f3w w dziedzinie cyberbezpiecze\u0144stwa na \u015bwiecie \u2013 Orenem Elimelechem i jego zespo\u0142em. \u0141\u0105czymy izraelski know-how [&hellip;]<\/p>\n","protected":false},"author":1,"featured_media":0,"parent":0,"menu_order":0,"comment_status":"closed","ping_status":"closed","template":"","meta":{"site-sidebar-layout":"default","site-content-layout":"page-builder","ast-site-content-layout":"default","site-content-style":"default","site-sidebar-style":"default","ast-global-header-display":"","ast-banner-title-visibility":"","ast-main-header-display":"","ast-hfb-above-header-display":"","ast-hfb-below-header-display":"","ast-hfb-mobile-header-display":"","site-post-title":"disabled","ast-breadcrumbs-content":"","ast-featured-img":"disabled","footer-sml-layout":"","theme-transparent-header-meta":"disabled","adv-header-id-meta":"755","stick-header-meta":"default","header-above-stick-meta":"","header-main-stick-meta":"","header-below-stick-meta":"","astra-migrate-meta-layouts":"default","ast-page-background-enabled":"default","ast-page-background-meta":{"desktop":{"background-color":"","background-image":"","background-repeat":"repeat","background-position":"center center","background-size":"auto","background-attachment":"scroll","background-type":"","background-media":"","overlay-type":"","overlay-color":"","overlay-opacity":"","overlay-gradient":""},"tablet":{"background-color":"","background-image":"","background-repeat":"repeat","background-position":"center center","background-size":"auto","background-attachment":"scroll","background-type":"","background-media":"","overlay-type":"","overlay-color":"","overlay-opacity":"","overlay-gradient":""},"mobile":{"background-color":"","background-image":"","background-repeat":"repeat","background-position":"center center","background-size":"auto","background-attachment":"scroll","background-type":"","background-media":"","overlay-type":"","overlay-color":"","overlay-opacity":"","overlay-gradient":""}},"ast-content-background-meta":{"desktop":{"background-color":"var(--ast-global-color-5)","background-image":"","background-repeat":"repeat","background-position":"center center","background-size":"auto","background-attachment":"scroll","background-type":"","background-media":"","overlay-type":"","overlay-color":"","overlay-opacity":"","overlay-gradient":""},"tablet":{"background-color":"var(--ast-global-color-5)","background-image":"","background-repeat":"repeat","background-position":"center center","background-size":"auto","background-attachment":"scroll","background-type":"","background-media":"","overlay-type":"","overlay-color":"","overlay-opacity":"","overlay-gradient":""},"mobile":{"background-color":"var(--ast-global-color-5)","background-image":"","background-repeat":"repeat","background-position":"center center","background-size":"auto","background-attachment":"scroll","background-type":"","background-media":"","overlay-type":"","overlay-color":"","overlay-opacity":"","overlay-gradient":""}},"footnotes":""},"class_list":["post-4806","page","type-page","status-publish","hentry"],"aioseo_notices":[],"_links":{"self":[{"href":"https:\/\/cyberlevins.com\/pl\/wp-json\/wp\/v2\/pages\/4806","targetHints":{"allow":["GET"]}}],"collection":[{"href":"https:\/\/cyberlevins.com\/pl\/wp-json\/wp\/v2\/pages"}],"about":[{"href":"https:\/\/cyberlevins.com\/pl\/wp-json\/wp\/v2\/types\/page"}],"author":[{"embeddable":true,"href":"https:\/\/cyberlevins.com\/pl\/wp-json\/wp\/v2\/users\/1"}],"replies":[{"embeddable":true,"href":"https:\/\/cyberlevins.com\/pl\/wp-json\/wp\/v2\/comments?post=4806"}],"version-history":[{"count":0,"href":"https:\/\/cyberlevins.com\/pl\/wp-json\/wp\/v2\/pages\/4806\/revisions"}],"wp:attachment":[{"href":"https:\/\/cyberlevins.com\/pl\/wp-json\/wp\/v2\/media?parent=4806"}],"curies":[{"name":"wp","href":"https:\/\/api.w.org\/{rel}","templated":true}]}}