{"id":5025,"date":"2021-07-20T15:38:19","date_gmt":"2021-07-20T12:38:19","guid":{"rendered":"https:\/\/cyberlevins.com\/?page_id=5025"},"modified":"2021-07-30T10:55:59","modified_gmt":"2021-07-30T07:55:59","slug":"insurance-products","status":"publish","type":"page","link":"https:\/\/cyberlevins.com\/it\/insurance-products","title":{"rendered":"Insurance Products"},"content":{"rendered":"\t\t<div data-elementor-type=\"wp-post\" data-elementor-id=\"5025\" class=\"elementor elementor-5025 elementor-309\" data-elementor-post-type=\"page\">\n\t\t\t\t\t\t<section class=\"elementor-section elementor-top-section elementor-element elementor-element-df83d1b elementor-section-boxed elementor-section-height-default elementor-section-height-default\" data-id=\"df83d1b\" data-element_type=\"section\">\n\t\t\t\t\t\t<div class=\"elementor-container elementor-column-gap-default\">\n\t\t\t\t\t<div class=\"elementor-column elementor-col-100 elementor-top-column elementor-element elementor-element-c7a12ec\" data-id=\"c7a12ec\" data-element_type=\"column\">\n\t\t\t<div class=\"elementor-widget-wrap elementor-element-populated\">\n\t\t\t\t\t\t<section class=\"elementor-section elementor-inner-section elementor-element elementor-element-9cae0d9 elementor-section-boxed elementor-section-height-default elementor-section-height-default\" data-id=\"9cae0d9\" data-element_type=\"section\">\n\t\t\t\t\t\t<div class=\"elementor-container elementor-column-gap-no\">\n\t\t\t\t\t<div class=\"elementor-column elementor-col-50 elementor-inner-column elementor-element elementor-element-d87b051\" data-id=\"d87b051\" data-element_type=\"column\" data-settings=\"{&quot;background_background&quot;:&quot;classic&quot;}\">\n\t\t\t<div class=\"elementor-widget-wrap elementor-element-populated\">\n\t\t\t\t\t\t<div class=\"elementor-element elementor-element-9a32ec8 elementor-widget elementor-widget-image\" data-id=\"9a32ec8\" data-element_type=\"widget\" data-widget_type=\"image.default\">\n\t\t\t\t<div class=\"elementor-widget-container\">\n\t\t\t\t\t\t\t\t\t\t\t\t\t\t\t<img fetchpriority=\"high\" decoding=\"async\" width=\"300\" height=\"185\" src=\"https:\/\/cyberlevins.com\/wp-content\/uploads\/2021\/06\/corpo_ins-300x185.jpg\" class=\"attachment-medium size-medium wp-image-3714\" alt=\"\" srcset=\"https:\/\/cyberlevins.com\/wp-content\/uploads\/2021\/06\/corpo_ins-300x185.jpg 300w, https:\/\/cyberlevins.com\/wp-content\/uploads\/2021\/06\/corpo_ins-1024x631.jpg 1024w, https:\/\/cyberlevins.com\/wp-content\/uploads\/2021\/06\/corpo_ins-768x473.jpg 768w, https:\/\/cyberlevins.com\/wp-content\/uploads\/2021\/06\/corpo_ins.jpg 1802w\" sizes=\"(max-width: 300px) 100vw, 300px\" \/>\t\t\t\t\t\t\t\t\t\t\t\t\t\t\t<\/div>\n\t\t\t\t<\/div>\n\t\t\t\t\t<\/div>\n\t\t<\/div>\n\t\t\t\t<div class=\"elementor-column elementor-col-50 elementor-inner-column elementor-element elementor-element-62294be\" data-id=\"62294be\" data-element_type=\"column\">\n\t\t\t<div class=\"elementor-widget-wrap elementor-element-populated\">\n\t\t\t\t\t\t<div class=\"elementor-element elementor-element-658d8e1 elementor-widget elementor-widget-heading\" data-id=\"658d8e1\" data-element_type=\"widget\" data-widget_type=\"heading.default\">\n\t\t\t\t<div class=\"elementor-widget-container\">\n\t\t\t\t\t<h2 class=\"elementor-heading-title elementor-size-default\">Cyber One Insurance<\/h2>\t\t\t\t<\/div>\n\t\t\t\t<\/div>\n\t\t\t\t<div class=\"elementor-element elementor-element-aa03340 elementor-widget elementor-widget-heading\" data-id=\"aa03340\" data-element_type=\"widget\" data-widget_type=\"heading.default\">\n\t\t\t\t<div class=\"elementor-widget-container\">\n\t\t\t\t\t<h4 class=\"elementor-heading-title elementor-size-default\">Che cosa \u00e8 questa assicurazione?<\/h4>\t\t\t\t<\/div>\n\t\t\t\t<\/div>\n\t\t\t\t<div class=\"elementor-element elementor-element-973df35 elementor-widget elementor-widget-text-editor\" data-id=\"973df35\" data-element_type=\"widget\" data-widget_type=\"text-editor.default\">\n\t\t\t\t<div class=\"elementor-widget-container\">\n\t\t\t\t\t\t\t\t\t<p><span data-sheets-value=\"{&quot;1&quot;:2,&quot;2&quot;:&quot;L'assicurazione CyberOne fornisce una protezione finanziaria contro le perdite aziendali causate dall'interruzione delle normali operazioni, dovute a arresti di sistema relativi ai tempi e ai costi per la gestione delle consequenze di un incidente, insieme alla responsabilit\u00e0 verso terzi relativa ai dati di privacy e reputazione. Il nostro approccio olistico combina la protezione finanziaria con una gamma completa di soluzioni per la valutazione e la gestione del rischio tecnico, grazie al nostro Centro Operativo di Sicurezza in-house per garantire una reale mitigazione del rischio cyber per i nostri clienti.&quot;}\" data-sheets-userformat=\"{&quot;2&quot;:897,&quot;3&quot;:{&quot;1&quot;:0},&quot;10&quot;:1,&quot;11&quot;:4,&quot;12&quot;:0}\">L&#8217;assicurazione CyberOne fornisce una protezione finanziaria contro le perdite aziendali causate dall&#8217;interruzione delle normali operazioni, dovute a arresti di sistema relativi ai tempi e ai costi per la gestione delle consequenze di un incidente, insieme alla responsabilit\u00e0 verso terzi relativa ai dati di privacy e reputazione. Il nostro approccio olistico combina la protezione finanziaria con una gamma completa di soluzioni per la valutazione e la gestione del rischio tecnico, grazie al nostro Centro Operativo di Sicurezza in-house per garantire una reale mitigazione del rischio cyber per i nostri clienti.<\/span><\/p>\t\t\t\t\t\t\t\t<\/div>\n\t\t\t\t<\/div>\n\t\t\t\t<div class=\"elementor-element elementor-element-13c7b4f elementor-widget elementor-widget-heading\" data-id=\"13c7b4f\" data-element_type=\"widget\" data-widget_type=\"heading.default\">\n\t\t\t\t<div class=\"elementor-widget-container\">\n\t\t\t\t\t<h4 class=\"elementor-heading-title elementor-size-default\">Cos'\u00e8 coperto? <\/h4>\t\t\t\t<\/div>\n\t\t\t\t<\/div>\n\t\t\t\t<div class=\"elementor-element elementor-element-be0ab99 elementor-widget elementor-widget-text-editor\" data-id=\"be0ab99\" data-element_type=\"widget\" data-widget_type=\"text-editor.default\">\n\t\t\t\t<div class=\"elementor-widget-container\">\n\t\t\t\t\t\t\t\t\t<p style=\"text-align: left;\"><span data-sheets-value=\"{\" data-sheets-userformat=\"{\">Copertura first party: <\/span><\/p><ul style=\"text-align: left;\"><li><span data-sheets-value=\"{\" data-sheets-userformat=\"{\">Danni ai beni digitali<\/span><\/li><li><span data-sheets-value=\"{\" data-sheets-userformat=\"{\">Interruzione dell&#8217;attivit\u00e0 informatica <\/span><\/li><li><span data-sheets-value=\"{\" data-sheets-userformat=\"{\">Estorsione informatica<\/span><\/li><li><span data-sheets-value=\"{\" data-sheets-userformat=\"{\">Restrizione di accesso<\/span><\/li><li><span data-sheets-value=\"{\" data-sheets-userformat=\"{\">Risposta in caso di violazione<\/span><\/li><li><span data-sheets-value=\"{\" data-sheets-userformat=\"{\">Terrorismo cyber<\/span><\/li><li><span data-sheets-value=\"{\" data-sheets-userformat=\"{\">Copertura della reputazione personale<\/span><\/li><\/ul><p>\u00a0<\/p><p style=\"text-align: left;\"><span data-sheets-value=\"{\" data-sheets-userformat=\"{\">Copertura third party:<\/span><\/p><ul><li style=\"text-align: left;\"><span data-sheets-value=\"{\" data-sheets-userformat=\"{\">Reclami di responsabilit\u00e0 per violazione della privacy<\/span><\/li><li style=\"text-align: left;\"><span data-sheets-value=\"{\" data-sheets-userformat=\"{\">Reclami di responsabilit\u00e0 per media e Internet<\/span><\/li><li style=\"text-align: left;\"><span data-sheets-value=\"{\" data-sheets-userformat=\"{\">Copertura delle spese relative agli standart di sicurezza PCI<\/span><\/li><li style=\"text-align: left;\"><span data-sheets-value=\"{\" data-sheets-userformat=\"{\">Copertura spese di difesa e sanzioni organi regolatori<\/span><\/li><\/ul>\t\t\t\t\t\t\t\t<\/div>\n\t\t\t\t<\/div>\n\t\t\t\t<div class=\"elementor-element elementor-element-13da65f elementor-align-left elementor-mobile-align-center elementor-widget elementor-widget-button\" data-id=\"13da65f\" data-element_type=\"widget\" data-widget_type=\"button.default\">\n\t\t\t\t<div class=\"elementor-widget-container\">\n\t\t\t\t\t\t\t\t\t<div class=\"elementor-button-wrapper\">\n\t\t\t\t\t<a class=\"elementor-button elementor-button-link elementor-size-md\" href=\"https:\/\/cyberlevins.com\/it\/cyber-one-questionnaire\">\n\t\t\t\t\t\t<span class=\"elementor-button-content-wrapper\">\n\t\t\t\t\t\t\t\t\t<span class=\"elementor-button-text\">Richiedi una quotazione<\/span>\n\t\t\t\t\t<\/span>\n\t\t\t\t\t<\/a>\n\t\t\t\t<\/div>\n\t\t\t\t\t\t\t\t<\/div>\n\t\t\t\t<\/div>\n\t\t\t\t\t<\/div>\n\t\t<\/div>\n\t\t\t\t\t<\/div>\n\t\t<\/section>\n\t\t\t\t\t<\/div>\n\t\t<\/div>\n\t\t\t\t\t<\/div>\n\t\t<\/section>\n\t\t\t\t<section class=\"elementor-section elementor-top-section elementor-element elementor-element-8dee561 elementor-section-content-middle elementor-section-boxed elementor-section-height-default elementor-section-height-default\" data-id=\"8dee561\" data-element_type=\"section\" data-settings=\"{&quot;background_background&quot;:&quot;classic&quot;}\">\n\t\t\t\t\t\t<div class=\"elementor-container elementor-column-gap-no\">\n\t\t\t\t\t<div class=\"elementor-column elementor-col-100 elementor-top-column elementor-element elementor-element-2fa39b7\" data-id=\"2fa39b7\" data-element_type=\"column\">\n\t\t\t<div class=\"elementor-widget-wrap elementor-element-populated\">\n\t\t\t\t\t\t<section class=\"elementor-section elementor-inner-section elementor-element elementor-element-c35c7f3 elementor-reverse-mobile elementor-section-boxed elementor-section-height-default elementor-section-height-default\" data-id=\"c35c7f3\" data-element_type=\"section\">\n\t\t\t\t\t\t<div class=\"elementor-container elementor-column-gap-no\">\n\t\t\t\t\t<div class=\"elementor-column elementor-col-50 elementor-inner-column elementor-element elementor-element-7e32c6a\" data-id=\"7e32c6a\" data-element_type=\"column\">\n\t\t\t<div class=\"elementor-widget-wrap elementor-element-populated\">\n\t\t\t\t\t\t<div class=\"elementor-element elementor-element-b557efc elementor-widget elementor-widget-heading\" data-id=\"b557efc\" data-element_type=\"widget\" data-widget_type=\"heading.default\">\n\t\t\t\t<div class=\"elementor-widget-container\">\n\t\t\t\t\t<h2 class=\"elementor-heading-title elementor-size-default\">Cyber Lev Business<\/h2>\t\t\t\t<\/div>\n\t\t\t\t<\/div>\n\t\t\t\t<div class=\"elementor-element elementor-element-ddb6714 elementor-widget elementor-widget-heading\" data-id=\"ddb6714\" data-element_type=\"widget\" data-widget_type=\"heading.default\">\n\t\t\t\t<div class=\"elementor-widget-container\">\n\t\t\t\t\t<h4 class=\"elementor-heading-title elementor-size-default\">Che cosa \u00e8 questa assicurazione?<\/h4>\t\t\t\t<\/div>\n\t\t\t\t<\/div>\n\t\t\t\t<div class=\"elementor-element elementor-element-e6c3169 elementor-widget elementor-widget-text-editor\" data-id=\"e6c3169\" data-element_type=\"widget\" data-widget_type=\"text-editor.default\">\n\t\t\t\t<div class=\"elementor-widget-container\">\n\t\t\t\t\t\t\t\t\t<p style=\"text-align: left;\"><span data-sheets-value=\"{\" data-sheets-userformat=\"{\" data-sheets-textstyleruns=\"{\">La nostra soluzione assicurativa per piccole e medie imprese rende la tua attivit\u00e0 stabile, ti d\u00e0 tranquillit\u00e0 e il vantaggio di prosperare nel mondo digitale a un prezzo conveniente. Per garantire la sicurezza delle piccole e medie imprese, abbiamo incluso un Endpoint Detection and Response (EDR) servizio di gestione della sicurezza nel loro pacchetto assicurativo Cyber. Questa tecnologia innovativa non solo monitora tutte le attivit\u00e0 non autorizzate e sospette, ma risponde e blocca anche potenziali attacchi informatici.<\/span><\/p>\t\t\t\t\t\t\t\t<\/div>\n\t\t\t\t<\/div>\n\t\t\t\t<div class=\"elementor-element elementor-element-e7c6d57 elementor-widget elementor-widget-heading\" data-id=\"e7c6d57\" data-element_type=\"widget\" data-widget_type=\"heading.default\">\n\t\t\t\t<div class=\"elementor-widget-container\">\n\t\t\t\t\t<h4 class=\"elementor-heading-title elementor-size-default\">Cosa \u00e8 coperto? <\/h4>\t\t\t\t<\/div>\n\t\t\t\t<\/div>\n\t\t\t\t<div class=\"elementor-element elementor-element-675f57b elementor-widget elementor-widget-text-editor\" data-id=\"675f57b\" data-element_type=\"widget\" data-widget_type=\"text-editor.default\">\n\t\t\t\t<div class=\"elementor-widget-container\">\n\t\t\t\t\t\t\t\t\t<ul><li style=\"text-align: left;\"><span data-sheets-value=\"{\" data-sheets-userformat=\"{\">Risposta in caso di violazione<\/span><\/li><li style=\"text-align: left;\"><span data-sheets-value=\"{\" data-sheets-userformat=\"{\">Assistenza di esperti per la gestione di minacce e attacchi informatici<\/span><\/li><li style=\"text-align: left;\"><span data-sheets-value=\"{\" data-sheets-userformat=\"{\">Assistenza in eventi di furti cyber<\/span><\/li><li style=\"text-align: left;\"><span data-sheets-value=\"{\" data-sheets-userformat=\"{\">Consigli per eludere il divieto si accesso ai sistemi di uffico<\/span><\/li><li style=\"text-align: left;\"><span data-sheets-value=\"{\" data-sheets-userformat=\"{\">Fino a 25 ore di assistenza specializzata fornita a terzi<\/span><\/li><\/ul>\t\t\t\t\t\t\t\t<\/div>\n\t\t\t\t<\/div>\n\t\t\t\t<div class=\"elementor-element elementor-element-d261770 elementor-align-left elementor-mobile-align-center elementor-widget elementor-widget-button\" data-id=\"d261770\" data-element_type=\"widget\" data-widget_type=\"button.default\">\n\t\t\t\t<div class=\"elementor-widget-container\">\n\t\t\t\t\t\t\t\t\t<div class=\"elementor-button-wrapper\">\n\t\t\t\t\t<a class=\"elementor-button elementor-button-link elementor-size-md\" href=\"https:\/\/cyberlevins.com\/it\/cyber-lev-order\">\n\t\t\t\t\t\t<span class=\"elementor-button-content-wrapper\">\n\t\t\t\t\t\t\t\t\t<span class=\"elementor-button-text\">Acquista ora<\/span>\n\t\t\t\t\t<\/span>\n\t\t\t\t\t<\/a>\n\t\t\t\t<\/div>\n\t\t\t\t\t\t\t\t<\/div>\n\t\t\t\t<\/div>\n\t\t\t\t\t<\/div>\n\t\t<\/div>\n\t\t\t\t<div class=\"elementor-column elementor-col-50 elementor-inner-column elementor-element elementor-element-d9a83c5\" data-id=\"d9a83c5\" data-element_type=\"column\" data-settings=\"{&quot;background_background&quot;:&quot;classic&quot;}\">\n\t\t\t<div class=\"elementor-widget-wrap elementor-element-populated\">\n\t\t\t\t\t\t<div class=\"elementor-element elementor-element-6636005 elementor-widget elementor-widget-image\" data-id=\"6636005\" data-element_type=\"widget\" data-widget_type=\"image.default\">\n\t\t\t\t<div class=\"elementor-widget-container\">\n\t\t\t\t\t\t\t\t\t\t\t\t\t\t\t<img decoding=\"async\" width=\"768\" height=\"512\" src=\"https:\/\/cyberlevins.com\/wp-content\/uploads\/2021\/04\/slider_2-768x512.jpg\" class=\"attachment-medium_large size-medium_large wp-image-630\" alt=\"Cyber Lev Ins benefits\" srcset=\"https:\/\/cyberlevins.com\/wp-content\/uploads\/2021\/04\/slider_2-768x512.jpg 768w, https:\/\/cyberlevins.com\/wp-content\/uploads\/2021\/04\/slider_2-300x200.jpg 300w, https:\/\/cyberlevins.com\/wp-content\/uploads\/2021\/04\/slider_2-1024x683.jpg 1024w, https:\/\/cyberlevins.com\/wp-content\/uploads\/2021\/04\/slider_2-1536x1024.jpg 1536w, https:\/\/cyberlevins.com\/wp-content\/uploads\/2021\/04\/slider_2-600x400.jpg 600w, https:\/\/cyberlevins.com\/wp-content\/uploads\/2021\/04\/slider_2.jpg 1920w\" sizes=\"(max-width: 768px) 100vw, 768px\" \/>\t\t\t\t\t\t\t\t\t\t\t\t\t\t\t<\/div>\n\t\t\t\t<\/div>\n\t\t\t\t\t<\/div>\n\t\t<\/div>\n\t\t\t\t\t<\/div>\n\t\t<\/section>\n\t\t\t\t\t<\/div>\n\t\t<\/div>\n\t\t\t\t\t<\/div>\n\t\t<\/section>\n\t\t\t\t<section class=\"elementor-section elementor-top-section elementor-element elementor-element-3d72de5 elementor-section-boxed elementor-section-height-default elementor-section-height-default\" data-id=\"3d72de5\" data-element_type=\"section\">\n\t\t\t\t\t\t<div class=\"elementor-container elementor-column-gap-default\">\n\t\t\t\t\t<div class=\"elementor-column elementor-col-100 elementor-top-column elementor-element elementor-element-ba3f0b9\" data-id=\"ba3f0b9\" data-element_type=\"column\">\n\t\t\t<div class=\"elementor-widget-wrap elementor-element-populated\">\n\t\t\t\t\t\t<section class=\"elementor-section elementor-inner-section elementor-element elementor-element-9c81e0f elementor-section-boxed elementor-section-height-default elementor-section-height-default\" data-id=\"9c81e0f\" data-element_type=\"section\">\n\t\t\t\t\t\t<div class=\"elementor-container elementor-column-gap-no\">\n\t\t\t\t\t<div class=\"elementor-column elementor-col-50 elementor-inner-column elementor-element elementor-element-d433f80\" data-id=\"d433f80\" data-element_type=\"column\" data-settings=\"{&quot;background_background&quot;:&quot;classic&quot;}\">\n\t\t\t<div class=\"elementor-widget-wrap elementor-element-populated\">\n\t\t\t\t\t\t<div class=\"elementor-element elementor-element-ef66f5e elementor-widget elementor-widget-image\" data-id=\"ef66f5e\" data-element_type=\"widget\" data-widget_type=\"image.default\">\n\t\t\t\t<div class=\"elementor-widget-container\">\n\t\t\t\t\t\t\t\t\t\t\t\t\t\t\t<img decoding=\"async\" width=\"768\" height=\"512\" src=\"https:\/\/cyberlevins.com\/wp-content\/uploads\/2021\/04\/main_slider-768x512.jpg\" class=\"attachment-medium_large size-medium_large wp-image-407\" alt=\"Cyber insurance\" srcset=\"https:\/\/cyberlevins.com\/wp-content\/uploads\/2021\/04\/main_slider-768x512.jpg 768w, https:\/\/cyberlevins.com\/wp-content\/uploads\/2021\/04\/main_slider-300x200.jpg 300w, https:\/\/cyberlevins.com\/wp-content\/uploads\/2021\/04\/main_slider-1024x683.jpg 1024w, https:\/\/cyberlevins.com\/wp-content\/uploads\/2021\/04\/main_slider-1536x1024.jpg 1536w, https:\/\/cyberlevins.com\/wp-content\/uploads\/2021\/04\/main_slider-600x400.jpg 600w, https:\/\/cyberlevins.com\/wp-content\/uploads\/2021\/04\/main_slider.jpg 1920w\" sizes=\"(max-width: 768px) 100vw, 768px\" \/>\t\t\t\t\t\t\t\t\t\t\t\t\t\t\t<\/div>\n\t\t\t\t<\/div>\n\t\t\t\t\t<\/div>\n\t\t<\/div>\n\t\t\t\t<div class=\"elementor-column elementor-col-50 elementor-inner-column elementor-element elementor-element-c1f67ee\" data-id=\"c1f67ee\" data-element_type=\"column\">\n\t\t\t<div class=\"elementor-widget-wrap elementor-element-populated\">\n\t\t\t\t\t\t<div class=\"elementor-element elementor-element-67ebfdc elementor-widget elementor-widget-heading\" data-id=\"67ebfdc\" data-element_type=\"widget\" data-widget_type=\"heading.default\">\n\t\t\t\t<div class=\"elementor-widget-container\">\n\t\t\t\t\t<h2 class=\"elementor-heading-title elementor-size-default\">Cyber Individual Insurance<\/h2>\t\t\t\t<\/div>\n\t\t\t\t<\/div>\n\t\t\t\t<div class=\"elementor-element elementor-element-bb57440 elementor-align-left elementor-mobile-align-center elementor-widget elementor-widget-button\" data-id=\"bb57440\" data-element_type=\"widget\" data-widget_type=\"button.default\">\n\t\t\t\t<div class=\"elementor-widget-container\">\n\t\t\t\t\t\t\t\t\t<div class=\"elementor-button-wrapper\">\n\t\t\t\t\t<a class=\"elementor-button elementor-size-sm\" role=\"button\">\n\t\t\t\t\t\t<span class=\"elementor-button-content-wrapper\">\n\t\t\t\t\t\t\t\t\t<span class=\"elementor-button-text\">Prossimamente<\/span>\n\t\t\t\t\t<\/span>\n\t\t\t\t\t<\/a>\n\t\t\t\t<\/div>\n\t\t\t\t\t\t\t\t<\/div>\n\t\t\t\t<\/div>\n\t\t\t\t\t<\/div>\n\t\t<\/div>\n\t\t\t\t\t<\/div>\n\t\t<\/section>\n\t\t\t\t\t<\/div>\n\t\t<\/div>\n\t\t\t\t\t<\/div>\n\t\t<\/section>\n\t\t\t\t<\/div>\n\t\t","protected":false},"excerpt":{"rendered":"<p>Cyber One Insurance Che cosa \u00e8 questa assicurazione? L&#8217;assicurazione CyberOne fornisce una protezione finanziaria contro le perdite aziendali causate dall&#8217;interruzione delle normali operazioni, dovute a arresti di sistema relativi ai tempi e ai costi per la gestione delle consequenze di un incidente, insieme alla responsabilit\u00e0 verso terzi relativa ai dati di privacy e reputazione. Il [&hellip;]<\/p>\n","protected":false},"author":1,"featured_media":0,"parent":0,"menu_order":0,"comment_status":"closed","ping_status":"closed","template":"","meta":{"site-sidebar-layout":"default","site-content-layout":"page-builder","ast-site-content-layout":"default","site-content-style":"default","site-sidebar-style":"default","ast-global-header-display":"","ast-banner-title-visibility":"","ast-main-header-display":"","ast-hfb-above-header-display":"","ast-hfb-below-header-display":"","ast-hfb-mobile-header-display":"","site-post-title":"disabled","ast-breadcrumbs-content":"","ast-featured-img":"disabled","footer-sml-layout":"","theme-transparent-header-meta":"disabled","adv-header-id-meta":"755","stick-header-meta":"default","header-above-stick-meta":"","header-main-stick-meta":"","header-below-stick-meta":"","astra-migrate-meta-layouts":"default","ast-page-background-enabled":"default","ast-page-background-meta":{"desktop":{"background-color":"","background-image":"","background-repeat":"repeat","background-position":"center center","background-size":"auto","background-attachment":"scroll","background-type":"","background-media":"","overlay-type":"","overlay-color":"","overlay-opacity":"","overlay-gradient":""},"tablet":{"background-color":"","background-image":"","background-repeat":"repeat","background-position":"center center","background-size":"auto","background-attachment":"scroll","background-type":"","background-media":"","overlay-type":"","overlay-color":"","overlay-opacity":"","overlay-gradient":""},"mobile":{"background-color":"","background-image":"","background-repeat":"repeat","background-position":"center center","background-size":"auto","background-attachment":"scroll","background-type":"","background-media":"","overlay-type":"","overlay-color":"","overlay-opacity":"","overlay-gradient":""}},"ast-content-background-meta":{"desktop":{"background-color":"var(--ast-global-color-5)","background-image":"","background-repeat":"repeat","background-position":"center center","background-size":"auto","background-attachment":"scroll","background-type":"","background-media":"","overlay-type":"","overlay-color":"","overlay-opacity":"","overlay-gradient":""},"tablet":{"background-color":"var(--ast-global-color-5)","background-image":"","background-repeat":"repeat","background-position":"center center","background-size":"auto","background-attachment":"scroll","background-type":"","background-media":"","overlay-type":"","overlay-color":"","overlay-opacity":"","overlay-gradient":""},"mobile":{"background-color":"var(--ast-global-color-5)","background-image":"","background-repeat":"repeat","background-position":"center center","background-size":"auto","background-attachment":"scroll","background-type":"","background-media":"","overlay-type":"","overlay-color":"","overlay-opacity":"","overlay-gradient":""}},"footnotes":""},"class_list":["post-5025","page","type-page","status-publish","hentry"],"aioseo_notices":[],"_links":{"self":[{"href":"https:\/\/cyberlevins.com\/it\/wp-json\/wp\/v2\/pages\/5025","targetHints":{"allow":["GET"]}}],"collection":[{"href":"https:\/\/cyberlevins.com\/it\/wp-json\/wp\/v2\/pages"}],"about":[{"href":"https:\/\/cyberlevins.com\/it\/wp-json\/wp\/v2\/types\/page"}],"author":[{"embeddable":true,"href":"https:\/\/cyberlevins.com\/it\/wp-json\/wp\/v2\/users\/1"}],"replies":[{"embeddable":true,"href":"https:\/\/cyberlevins.com\/it\/wp-json\/wp\/v2\/comments?post=5025"}],"version-history":[{"count":6,"href":"https:\/\/cyberlevins.com\/it\/wp-json\/wp\/v2\/pages\/5025\/revisions"}],"predecessor-version":[{"id":5493,"href":"https:\/\/cyberlevins.com\/it\/wp-json\/wp\/v2\/pages\/5025\/revisions\/5493"}],"wp:attachment":[{"href":"https:\/\/cyberlevins.com\/it\/wp-json\/wp\/v2\/media?parent=5025"}],"curies":[{"name":"wp","href":"https:\/\/api.w.org\/{rel}","templated":true}]}}