{"id":6895,"date":"2022-03-10T12:52:24","date_gmt":"2022-03-10T10:52:24","guid":{"rendered":"https:\/\/cyberlevins.com\/?page_id=6895"},"modified":"2022-03-28T13:18:53","modified_gmt":"2022-03-28T10:18:53","slug":"resources","status":"publish","type":"page","link":"https:\/\/cyberlevins.com\/hr\/resources","title":{"rendered":"Izvor"},"content":{"rendered":"\t\t<div data-elementor-type=\"wp-page\" data-elementor-id=\"6895\" class=\"elementor elementor-6895 elementor-2934\" data-elementor-post-type=\"page\">\n\t\t\t\t\t\t<section class=\"elementor-section elementor-top-section elementor-element elementor-element-fe10cb4 elementor-section-boxed elementor-section-height-default elementor-section-height-default\" data-id=\"fe10cb4\" data-element_type=\"section\" data-settings=\"{&quot;background_background&quot;:&quot;classic&quot;}\">\n\t\t\t\t\t\t<div class=\"elementor-container elementor-column-gap-default\">\n\t\t\t\t\t<div class=\"elementor-column elementor-col-100 elementor-top-column elementor-element elementor-element-7f9acfa\" data-id=\"7f9acfa\" data-element_type=\"column\">\n\t\t\t<div class=\"elementor-widget-wrap elementor-element-populated\">\n\t\t\t\t\t\t<div class=\"elementor-element elementor-element-50ac5da elementor-widget elementor-widget-text-editor\" data-id=\"50ac5da\" data-element_type=\"widget\" data-widget_type=\"text-editor.default\">\n\t\t\t\t<div class=\"elementor-widget-container\">\n\t\t\t\t\t\t\t\t\t<p><span style=\"color: #000000;\">Resursi<\/span><\/p><p><span style=\"color: #ee0979;\">Navedite kategorije<\/span><\/p>\t\t\t\t\t\t\t\t<\/div>\n\t\t\t\t<\/div>\n\t\t\t\t<div class=\"elementor-element elementor-element-c7d430d elementor-invisible elementor-widget elementor-widget-bdt-tabs\" data-id=\"c7d430d\" data-element_type=\"widget\" data-settings=\"{&quot;_animation&quot;:&quot;fadeIn&quot;}\" data-widget_type=\"bdt-tabs.default\">\n\t\t\t\t<div class=\"elementor-widget-container\">\n\t\t\t\t\t\r\n\r\n        <div class=\"bdt-tabs-area\">\r\n\r\n            <div id=\"bdt-tabs-c7d430d\" class=\"bdt-tabs  bdt-tabs-default\" data-settings=\"{&quot;id&quot;:&quot;bdt-tabs-c7d430d&quot;,&quot;activeHash&quot;:&quot;no&quot;,&quot;hashTopOffset&quot;:70,&quot;hashScrollspyTime&quot;:1500,&quot;navStickyOffset&quot;:1,&quot;linkWidgetId&quot;:&quot;c7d430d&quot;}\">\r\n                \r\n                \r\n                        <div >\r\n            <div >\r\n                <div class=\"bdt-tab bdt-tab-default \" data-bdt-tab=\"connect: #bdt-tab-content-c7d430d; animation: bdt-animation-fade; duration: 200;\" data-bdt-height-match=\"target: &gt; .bdt-tabs-item &gt; .bdt-tabs-item-title; row: false;\">\r\n                                            <div class=\"bdt-tabs-item\">\r\n                            <a data-title=\"Bro\u0161ure\" class=\"bdt-tabs-item-title\" id=\"bdt-tab-Bro\u0161ure\" data-tab-index=\"0\" href=\"#\">\r\n                                <div class=\"bdt-tab-text-wrapper bdt-flex-column\">\r\n\r\n                                    <div class=\"bdt-tab-title-icon-wrapper\">\r\n\r\n                                        \r\n                                                                                    <span class=\"bdt-tab-text\">\r\n                                                Bro\u0161ure                                            <\/span>\r\n                                        \r\n                                        \r\n                                    <\/div>\r\n\r\n                                    \r\n                                <\/div>\r\n                            <\/a>\r\n                        <\/div>\r\n                                            <div class=\"bdt-tabs-item\">\r\n                            <a data-title=\"White-Papers\" class=\"bdt-tabs-item-title\" id=\"bdt-tab-White-Papers\" data-tab-index=\"1\" href=\"#\">\r\n                                <div class=\"bdt-tab-text-wrapper bdt-flex-column\">\r\n\r\n                                    <div class=\"bdt-tab-title-icon-wrapper\">\r\n\r\n                                        \r\n                                                                                    <span class=\"bdt-tab-text\">\r\n                                                White Papers                                            <\/span>\r\n                                        \r\n                                        \r\n                                    <\/div>\r\n\r\n                                    \r\n                                <\/div>\r\n                            <\/a>\r\n                        <\/div>\r\n                                            <div class=\"bdt-tabs-item\">\r\n                            <a data-title=\"Istra\u017eivanje\" class=\"bdt-tabs-item-title\" id=\"bdt-tab-Istra\u017eivanje\" data-tab-index=\"2\" href=\"#\">\r\n                                <div class=\"bdt-tab-text-wrapper bdt-flex-column\">\r\n\r\n                                    <div class=\"bdt-tab-title-icon-wrapper\">\r\n\r\n                                        \r\n                                                                                    <span class=\"bdt-tab-text\">\r\n                                                Istra\u017eivanje                                            <\/span>\r\n                                        \r\n                                        \r\n                                    <\/div>\r\n\r\n                                    \r\n                                <\/div>\r\n                            <\/a>\r\n                        <\/div>\r\n                                            <div class=\"bdt-tabs-item\">\r\n                            <a data-title=\"Op\u0107i-uvjeti\" class=\"bdt-tabs-item-title\" id=\"bdt-tab-Op\u0107i-uvjeti\" data-tab-index=\"3\" href=\"#\">\r\n                                <div class=\"bdt-tab-text-wrapper bdt-flex-column\">\r\n\r\n                                    <div class=\"bdt-tab-title-icon-wrapper\">\r\n\r\n                                        \r\n                                                                                    <span class=\"bdt-tab-text\">\r\n                                                Op\u0107i uvjeti                                            <\/span>\r\n                                        \r\n                                        \r\n                                    <\/div>\r\n\r\n                                    \r\n                                <\/div>\r\n                            <\/a>\r\n                        <\/div>\r\n                                            <div class=\"bdt-tabs-item\">\r\n                            <a data-title=\"Statistika\" class=\"bdt-tabs-item-title\" id=\"bdt-tab-Statistika\" data-tab-index=\"4\" href=\"#\">\r\n                                <div class=\"bdt-tab-text-wrapper bdt-flex-column\">\r\n\r\n                                    <div class=\"bdt-tab-title-icon-wrapper\">\r\n\r\n                                        \r\n                                                                                    <span class=\"bdt-tab-text\">\r\n                                                Statistika                                            <\/span>\r\n                                        \r\n                                        \r\n                                    <\/div>\r\n\r\n                                    \r\n                                <\/div>\r\n                            <\/a>\r\n                        <\/div>\r\n                                            <div class=\"bdt-tabs-item\">\r\n                            <a data-title=\"Infografika\" class=\"bdt-tabs-item-title\" id=\"bdt-tab-Infografika\" data-tab-index=\"5\" href=\"#\">\r\n                                <div class=\"bdt-tab-text-wrapper bdt-flex-column\">\r\n\r\n                                    <div class=\"bdt-tab-title-icon-wrapper\">\r\n\r\n                                        \r\n                                                                                    <span class=\"bdt-tab-text\">\r\n                                                Infografika                                            <\/span>\r\n                                        \r\n                                        \r\n                                    <\/div>\r\n\r\n                                    \r\n                                <\/div>\r\n                            <\/a>\r\n                        <\/div>\r\n                                            <div class=\"bdt-tabs-item\">\r\n                            <a data-title=\"Regulativni-dokumenti\" class=\"bdt-tabs-item-title\" id=\"bdt-tab-Regulativni-dokumenti\" data-tab-index=\"6\" href=\"#\">\r\n                                <div class=\"bdt-tab-text-wrapper bdt-flex-column\">\r\n\r\n                                    <div class=\"bdt-tab-title-icon-wrapper\">\r\n\r\n                                        \r\n                                                                                    <span class=\"bdt-tab-text\">\r\n                                                Regulativni dokumenti                                            <\/span>\r\n                                        \r\n                                        \r\n                                    <\/div>\r\n\r\n                                    \r\n                                <\/div>\r\n                            <\/a>\r\n                        <\/div>\r\n                                            <div class=\"bdt-tabs-item\">\r\n                            <a data-title=\"Videozapisi\" class=\"bdt-tabs-item-title\" id=\"bdt-tab-Videozapisi\" data-tab-index=\"7\" href=\"#\">\r\n                                <div class=\"bdt-tab-text-wrapper bdt-flex-column\">\r\n\r\n                                    <div class=\"bdt-tab-title-icon-wrapper\">\r\n\r\n                                        \r\n                                                                                    <span class=\"bdt-tab-text\">\r\n                                                Videozapisi                                            <\/span>\r\n                                        \r\n                                        \r\n                                    <\/div>\r\n\r\n                                    \r\n                                <\/div>\r\n                            <\/a>\r\n                        <\/div>\r\n                                    <\/div>\r\n            <\/div>\r\n        <\/div>\r\n\r\n\r\n                                    \r\n        <div class=\"bdt-switcher-wrapper\">\r\n            <div id=\"bdt-tab-content-c7d430d\" class=\"bdt-switcher bdt-switcher-item-content\">\r\n                                                        <div class=\"bdt-tab-content-item \" data-content-id=\"bro-ure\">\r\n                        <div>\r\n                            <p style=\"padding-left: 40px;\"><a href=\"https:\/\/cyberlevins.com\/wp-content\/uploads\/2021\/06\/Corporate-Cyber-Insurance-Clients-Brochure.pdf\"><span style=\"color: #fe6309;\">Cyber One Insurance <\/span><\/a><img decoding=\"async\" class=\"alignnone wp-image-2996\" style=\"font-weight: inherit;\" src=\"https:\/\/cyberlevins.com\/wp-content\/uploads\/2021\/06\/Cloud.svg\" alt=\"\" width=\"30\" \/><\/p><p style=\"padding-left: 40px;\"><a href=\"https:\/\/cyberlevins.com\/wp-content\/uploads\/2021\/06\/Cyber-Insurance-Policy-for-SME-Brochure.pdf\"><span style=\"color: #fe6309;\">Cyber Lev Business Insurance <\/span><img decoding=\"async\" class=\"alignnone wp-image-2996\" src=\"https:\/\/cyberlevins.com\/wp-content\/uploads\/2021\/06\/Cloud.svg\" alt=\"\" width=\"30\" \/><\/a><\/p><p style=\"padding-left: 40px;\"><span style=\"color: #fe6309;\">\u00a0\u00a0<\/span><\/p><p style=\"padding-left: 40px;\">\u00a0<\/p>                        <\/div>\r\n                    <\/div>\r\n                                                        <div class=\"bdt-tab-content-item \" data-content-id=\"white-papers\">\r\n                        <div>\r\n                            <p><a href=\"https:\/\/cyberlevins.com\/wp-content\/uploads\/2021\/07\/Cyber-Lev-EDR-leaflet.pdf\"><span style=\"color: #fe6309;\">Endpoint Detection and Response (EDR) <\/span><img decoding=\"async\" class=\"alignnone wp-image-2996\" src=\"https:\/\/cyberlevins.com\/wp-content\/uploads\/2021\/06\/Cloud.svg\" alt=\"\" width=\"30\" \/><\/a><\/p><p><a href=\"https:\/\/cyberlevins.com\/wp-content\/uploads\/2021\/07\/Cyber-Lev-SIEM-leaflet.pdf\"><span style=\"color: #fe6309;\">Security Information and Event Management <\/span><img decoding=\"async\" class=\"alignnone wp-image-2996\" src=\"https:\/\/cyberlevins.com\/wp-content\/uploads\/2021\/06\/Cloud.svg\" alt=\"\" width=\"30\" \/><\/a><\/p><p><a href=\"https:\/\/cyberlevins.com\/wp-content\/uploads\/2021\/07\/Cyber-Lev-Safe-mail-leaflet.pdf\"><span style=\"color: #fe6309;\">Safe Mail <\/span><img decoding=\"async\" class=\"alignnone wp-image-2996\" src=\"https:\/\/cyberlevins.com\/wp-content\/uploads\/2021\/06\/Cloud.svg\" alt=\"\" width=\"30\" \/><\/a><\/p><p><a href=\"https:\/\/cyberlevins.com\/wp-content\/uploads\/2021\/07\/Cyber-Lev-Safe-Net-leaflet.pdf\"><span style=\"color: #fe6309;\">Safe\u00a0Net <\/span><img decoding=\"async\" class=\"alignnone wp-image-2996\" src=\"https:\/\/cyberlevins.com\/wp-content\/uploads\/2021\/06\/Cloud.svg\" alt=\"\" width=\"30\" \/><\/a><\/p>                        <\/div>\r\n                    <\/div>\r\n                                                        <div class=\"bdt-tab-content-item \" data-content-id=\"istra-ivanje\">\r\n                        <div>\r\n                                                    <\/div>\r\n                    <\/div>\r\n                                                        <div class=\"bdt-tab-content-item \" data-content-id=\"op-i-uvjeti\">\r\n                        <div>\r\n                            <p style=\"padding-left: 40px;\"><a href=\"https:\/\/cyberlevins.com\/wp-content\/uploads\/2022\/02\/Cyber-One-Wording-English.pdf\"><span style=\"color: #fe6309;\">Cyber One Insurance Wording <\/span><\/a><img decoding=\"async\" class=\"alignnone wp-image-2996\" style=\"font-weight: inherit;\" src=\"https:\/\/cyberlevins.com\/wp-content\/uploads\/2021\/06\/Cloud.svg\" alt=\"\" width=\"30\" \/><\/p>\n<p style=\"padding-left: 40px;\"><a href=\"https:\/\/cyberlevins.com\/wp-content\/uploads\/2022\/02\/Cyber-One-IPID-English.pdf\"><span style=\"color: #fe6309;\">Cyber One Insurance IPID <\/span><\/a><img decoding=\"async\" class=\"alignnone wp-image-2996\" style=\"font-weight: inherit;\" src=\"https:\/\/cyberlevins.com\/wp-content\/uploads\/2021\/06\/Cloud.svg\" alt=\"\" width=\"30\" \/><\/p>\n<p style=\"padding-left: 40px;\"><a href=\"https:\/\/cyberlevins.com\/wp-content\/uploads\/2022\/02\/Cyber-Lev-Wording-English.pdf\"><span style=\"color: #fe6309;\">Cyber Lev Business Insurance Wording <\/span><\/a><img decoding=\"async\" class=\"alignnone wp-image-2996\" style=\"font-weight: inherit;\" src=\"https:\/\/cyberlevins.com\/wp-content\/uploads\/2021\/06\/Cloud.svg\" alt=\"\" width=\"30\" \/><\/p>\n<p style=\"padding-left: 40px;\"><a href=\"https:\/\/cyberlevins.com\/wp-content\/uploads\/2022\/02\/Cyber-Lev-IPID-English.pdf\"><span style=\"color: #fe6309;\">Cyber Lev Business Insurance IPID <\/span><\/a><img decoding=\"async\" class=\"alignnone wp-image-2996\" style=\"font-weight: inherit;\" src=\"https:\/\/cyberlevins.com\/wp-content\/uploads\/2021\/06\/Cloud.svg\" alt=\"\" width=\"30\" \/><\/p>                        <\/div>\r\n                    <\/div>\r\n                                                        <div class=\"bdt-tab-content-item \" data-content-id=\"statistika\">\r\n                        <div>\r\n                                                    <\/div>\r\n                    <\/div>\r\n                                                        <div class=\"bdt-tab-content-item \" data-content-id=\"infografika\">\r\n                        <div>\r\n                                                    <\/div>\r\n                    <\/div>\r\n                                                        <div class=\"bdt-tab-content-item \" data-content-id=\"regulativni-dokumenti\">\r\n                        <div>\r\n                                                    <\/div>\r\n                    <\/div>\r\n                                                        <div class=\"bdt-tab-content-item \" data-content-id=\"videozapisi\">\r\n                        <div>\r\n                                                    <\/div>\r\n                    <\/div>\r\n                            <\/div>\r\n        <\/div>\r\n                    \r\n                                <a href=\"#\" id=\"bottom-anchor-c7d430d\" data-bdt-hidden><\/a>\r\n            <\/div>\r\n        <\/div>\r\n    \t\t\t\t<\/div>\n\t\t\t\t<\/div>\n\t\t\t\t\t<\/div>\n\t\t<\/div>\n\t\t\t\t\t<\/div>\n\t\t<\/section>\n\t\t\t\t<section class=\"elementor-section elementor-top-section elementor-element elementor-element-659c13da elementor-section-boxed elementor-section-height-default elementor-section-height-default\" data-id=\"659c13da\" data-element_type=\"section\">\n\t\t\t\t\t\t<div class=\"elementor-container elementor-column-gap-default\">\n\t\t\t\t\t<div class=\"elementor-column elementor-col-50 elementor-top-column elementor-element elementor-element-76e3c677\" data-id=\"76e3c677\" data-element_type=\"column\">\n\t\t\t<div class=\"elementor-widget-wrap elementor-element-populated\">\n\t\t\t\t\t\t<div class=\"elementor-element elementor-element-396a06d7 elementor-widget elementor-widget-heading\" data-id=\"396a06d7\" data-element_type=\"widget\" data-widget_type=\"heading.default\">\n\t\t\t\t<div class=\"elementor-widget-container\">\n\t\t\t\t\t<h2 class=\"elementor-heading-title elementor-size-default\">Kontaktirajte nas<\/h2>\t\t\t\t<\/div>\n\t\t\t\t<\/div>\n\t\t\t\t<div class=\"elementor-element elementor-element-4721ed1d elementor-widget elementor-widget-text-editor\" data-id=\"4721ed1d\" data-element_type=\"widget\" data-widget_type=\"text-editor.default\">\n\t\t\t\t<div class=\"elementor-widget-container\">\n\t\t\t\t\t\t\t\t\t<p><span data-sheets-value=\"{&quot;1&quot;:2,&quot;2&quot;:&quot;Spremni smo vam pomo\u0107i u svakoj situaciji i nepoznatom okru\u017eenju. Mo\u017eete nas jednostavno kontaktirati na besplatni telefon dostupan 24 sata.&quot;}\" data-sheets-userformat=\"{&quot;2&quot;:6657,&quot;3&quot;:{&quot;1&quot;:0},&quot;12&quot;:0,&quot;14&quot;:{&quot;1&quot;:2,&quot;2&quot;:0},&quot;15&quot;:&quot;Arial&quot;}\">Spremni smo vam pomo\u0107i u svakoj situaciji i nepoznatom okru\u017eenju. Mo\u017eete nas jednostavno kontaktirati na besplatni telefon dostupan 24 sata.<\/span><\/p>\t\t\t\t\t\t\t\t<\/div>\n\t\t\t\t<\/div>\n\t\t\t\t\t<\/div>\n\t\t<\/div>\n\t\t\t\t<div class=\"elementor-column elementor-col-50 elementor-top-column elementor-element elementor-element-65a42fc2\" data-id=\"65a42fc2\" data-element_type=\"column\">\n\t\t\t<div class=\"elementor-widget-wrap elementor-element-populated\">\n\t\t\t\t\t\t<div class=\"elementor-element elementor-element-1df78dcb elementor-widget elementor-widget-image\" data-id=\"1df78dcb\" data-element_type=\"widget\" data-widget_type=\"image.default\">\n\t\t\t\t<div class=\"elementor-widget-container\">\n\t\t\t\t\t\t\t\t\t\t\t\t\t\t\t<img decoding=\"async\" width=\"74\" height=\"74\" src=\"https:\/\/cyberlevins.com\/wp-content\/uploads\/2021\/04\/24h.png\" class=\"attachment-large size-large wp-image-714\" alt=\"\" \/>\t\t\t\t\t\t\t\t\t\t\t\t\t\t\t<\/div>\n\t\t\t\t<\/div>\n\t\t\t\t<div class=\"elementor-element elementor-element-48af4ade elementor-align-center elementor-widget elementor-widget-button\" data-id=\"48af4ade\" data-element_type=\"widget\" data-widget_type=\"button.default\">\n\t\t\t\t<div class=\"elementor-widget-container\">\n\t\t\t\t\t\t\t\t\t<div class=\"elementor-button-wrapper\">\n\t\t\t\t\t<a class=\"elementor-button elementor-button-link elementor-size-xl\" href=\"tel:00%20080%2010%20200%20000\">\n\t\t\t\t\t\t<span class=\"elementor-button-content-wrapper\">\n\t\t\t\t\t\t\t\t\t<span class=\"elementor-button-text\">00 080 10 200 000<\/span>\n\t\t\t\t\t<\/span>\n\t\t\t\t\t<\/a>\n\t\t\t\t<\/div>\n\t\t\t\t\t\t\t\t<\/div>\n\t\t\t\t<\/div>\n\t\t\t\t\t<\/div>\n\t\t<\/div>\n\t\t\t\t\t<\/div>\n\t\t<\/section>\n\t\t\t\t<\/div>\n\t\t","protected":false},"excerpt":{"rendered":"<p>Resursi Navedite kategorije Bro\u0161ure White Papers Istra\u017eivanje Op\u0107i uvjeti Statistika Infografika Regulativni dokumenti Videozapisi Cyber One Insurance Cyber Lev Business Insurance \u00a0\u00a0 \u00a0 Endpoint Detection and Response (EDR) Security Information and Event Management Safe Mail Safe\u00a0Net Cyber One Insurance Wording Cyber One Insurance IPID Cyber Lev Business Insurance Wording Cyber Lev Business Insurance IPID Kontaktirajte [&hellip;]<\/p>\n","protected":false},"author":1,"featured_media":0,"parent":0,"menu_order":0,"comment_status":"closed","ping_status":"closed","template":"","meta":{"site-sidebar-layout":"no-sidebar","site-content-layout":"page-builder","ast-site-content-layout":"default","site-content-style":"default","site-sidebar-style":"default","ast-global-header-display":"","ast-banner-title-visibility":"","ast-main-header-display":"","ast-hfb-above-header-display":"","ast-hfb-below-header-display":"","ast-hfb-mobile-header-display":"","site-post-title":"disabled","ast-breadcrumbs-content":"","ast-featured-img":"disabled","footer-sml-layout":"","theme-transparent-header-meta":"disabled","adv-header-id-meta":"755","stick-header-meta":"default","header-above-stick-meta":"","header-main-stick-meta":"","header-below-stick-meta":"","astra-migrate-meta-layouts":"default","ast-page-background-enabled":"default","ast-page-background-meta":{"desktop":{"background-color":"","background-image":"","background-repeat":"repeat","background-position":"center center","background-size":"auto","background-attachment":"scroll","background-type":"","background-media":"","overlay-type":"","overlay-color":"","overlay-opacity":"","overlay-gradient":""},"tablet":{"background-color":"","background-image":"","background-repeat":"repeat","background-position":"center center","background-size":"auto","background-attachment":"scroll","background-type":"","background-media":"","overlay-type":"","overlay-color":"","overlay-opacity":"","overlay-gradient":""},"mobile":{"background-color":"","background-image":"","background-repeat":"repeat","background-position":"center center","background-size":"auto","background-attachment":"scroll","background-type":"","background-media":"","overlay-type":"","overlay-color":"","overlay-opacity":"","overlay-gradient":""}},"ast-content-background-meta":{"desktop":{"background-color":"var(--ast-global-color-5)","background-image":"","background-repeat":"repeat","background-position":"center center","background-size":"auto","background-attachment":"scroll","background-type":"","background-media":"","overlay-type":"","overlay-color":"","overlay-opacity":"","overlay-gradient":""},"tablet":{"background-color":"var(--ast-global-color-5)","background-image":"","background-repeat":"repeat","background-position":"center center","background-size":"auto","background-attachment":"scroll","background-type":"","background-media":"","overlay-type":"","overlay-color":"","overlay-opacity":"","overlay-gradient":""},"mobile":{"background-color":"var(--ast-global-color-5)","background-image":"","background-repeat":"repeat","background-position":"center center","background-size":"auto","background-attachment":"scroll","background-type":"","background-media":"","overlay-type":"","overlay-color":"","overlay-opacity":"","overlay-gradient":""}},"footnotes":""},"class_list":["post-6895","page","type-page","status-publish","hentry"],"aioseo_notices":[],"_links":{"self":[{"href":"https:\/\/cyberlevins.com\/hr\/wp-json\/wp\/v2\/pages\/6895","targetHints":{"allow":["GET"]}}],"collection":[{"href":"https:\/\/cyberlevins.com\/hr\/wp-json\/wp\/v2\/pages"}],"about":[{"href":"https:\/\/cyberlevins.com\/hr\/wp-json\/wp\/v2\/types\/page"}],"author":[{"embeddable":true,"href":"https:\/\/cyberlevins.com\/hr\/wp-json\/wp\/v2\/users\/1"}],"replies":[{"embeddable":true,"href":"https:\/\/cyberlevins.com\/hr\/wp-json\/wp\/v2\/comments?post=6895"}],"version-history":[{"count":9,"href":"https:\/\/cyberlevins.com\/hr\/wp-json\/wp\/v2\/pages\/6895\/revisions"}],"predecessor-version":[{"id":7049,"href":"https:\/\/cyberlevins.com\/hr\/wp-json\/wp\/v2\/pages\/6895\/revisions\/7049"}],"wp:attachment":[{"href":"https:\/\/cyberlevins.com\/hr\/wp-json\/wp\/v2\/media?parent=6895"}],"curies":[{"name":"wp","href":"https:\/\/api.w.org\/{rel}","templated":true}]}}