{"id":7792,"date":"2022-07-11T14:55:07","date_gmt":"2022-07-11T11:55:07","guid":{"rendered":"https:\/\/cyberlevins.com\/?page_id=7792"},"modified":"2022-07-11T15:05:39","modified_gmt":"2022-07-11T12:05:39","slug":"about-us","status":"publish","type":"page","link":"https:\/\/cyberlevins.com\/es\/about-us","title":{"rendered":"About us"},"content":{"rendered":"\t\t<div data-elementor-type=\"wp-post\" data-elementor-id=\"7792\" class=\"elementor elementor-7792 elementor-8\" data-elementor-post-type=\"page\">\n\t\t\t\t\t\t<section class=\"elementor-section elementor-top-section elementor-element elementor-element-3b09db3b elementor-section-full_width elementor-section-height-min-height animated-slow elementor-hidden-phone elementor-section-height-default elementor-section-items-middle elementor-invisible\" data-id=\"3b09db3b\" data-element_type=\"section\" data-settings=\"{&quot;background_background&quot;:&quot;classic&quot;,&quot;animation&quot;:&quot;fadeIn&quot;}\">\n\t\t\t\t\t\t<div class=\"elementor-container elementor-column-gap-default\">\n\t\t\t\t\t<div class=\"elementor-column elementor-col-50 elementor-top-column elementor-element elementor-element-4eac1427\" data-id=\"4eac1427\" data-element_type=\"column\">\n\t\t\t<div class=\"elementor-widget-wrap elementor-element-populated\">\n\t\t\t\t\t\t<div class=\"elementor-element elementor-element-75cf2f2 elementor-widget elementor-widget-text-editor\" data-id=\"75cf2f2\" data-element_type=\"widget\" data-widget_type=\"text-editor.default\">\n\t\t\t\t<div class=\"elementor-widget-container\">\n\t\t\t\t\t\t\t\t\t<p><span style=\"color: #000000;\" data-sheets-value=\"{&quot;1&quot;:2,&quot;2&quot;:&quot;Mantenemos sus datos asegurados, por lo que el crecimiento de su negocio est\u00e1 asegurado.&quot;}\" data-sheets-userformat=\"{&quot;2&quot;:6785,&quot;3&quot;:{&quot;1&quot;:0},&quot;10&quot;:2,&quot;12&quot;:0,&quot;14&quot;:{&quot;1&quot;:2,&quot;2&quot;:0},&quot;15&quot;:&quot;Arial&quot;}\">Mantenemos sus datos <span style=\"color: #fe6309;\">asegurados<\/span>, por lo que el crecimiento de su negocio est\u00e1 <span style=\"color: #ee0979;\">asegurado<\/span>.<\/span><\/p>\t\t\t\t\t\t\t\t<\/div>\n\t\t\t\t<\/div>\n\t\t\t\t\t<\/div>\n\t\t<\/div>\n\t\t\t\t<div class=\"elementor-column elementor-col-50 elementor-top-column elementor-element elementor-element-6d524f96\" data-id=\"6d524f96\" data-element_type=\"column\">\n\t\t\t<div class=\"elementor-widget-wrap\">\n\t\t\t\t\t\t\t<\/div>\n\t\t<\/div>\n\t\t\t\t\t<\/div>\n\t\t<\/section>\n\t\t\t\t<section class=\"elementor-section elementor-top-section elementor-element elementor-element-fb44a92 elementor-section-boxed elementor-section-height-default elementor-section-height-default\" data-id=\"fb44a92\" data-element_type=\"section\">\n\t\t\t\t\t\t<div class=\"elementor-container elementor-column-gap-default\">\n\t\t\t\t\t<div class=\"elementor-column elementor-col-50 elementor-top-column elementor-element elementor-element-38fa6b7\" data-id=\"38fa6b7\" data-element_type=\"column\">\n\t\t\t<div class=\"elementor-widget-wrap elementor-element-populated\">\n\t\t\t\t\t\t<div class=\"elementor-element elementor-element-168ab76 elementor-widget elementor-widget-heading\" data-id=\"168ab76\" data-element_type=\"widget\" data-widget_type=\"heading.default\">\n\t\t\t\t<div class=\"elementor-widget-container\">\n\t\t\t\t\t<h5 class=\"elementor-heading-title elementor-size-default\">Sobre nosotros<\/h5>\t\t\t\t<\/div>\n\t\t\t\t<\/div>\n\t\t\t\t<div class=\"elementor-element elementor-element-d8da7aa elementor-widget elementor-widget-text-editor\" data-id=\"d8da7aa\" data-element_type=\"widget\" data-widget_type=\"text-editor.default\">\n\t\t\t\t<div class=\"elementor-widget-container\">\n\t\t\t\t\t\t\t\t\t<p><span style=\"font-size: 16px;\">Cyber \u200b\u200bLev Ins es su lugar de referencia para una protecci\u00f3n completa en el mundo digital. Estar sano y salvo en la realidad en l\u00ednea de hoy no es una cuesti\u00f3n de asegurar sus activos digitales. No depende de elegir la tecnolog\u00eda adecuada o llamar a un profesional que pueda ayudarlo cada vez que surja un problema. Finalmente, tampoco es algo que puedas aprender en teor\u00eda. Es la uni\u00f3n de estas cosas, por lo tanto, \u00a1las ponemos todas juntas! Nuestros productos integrales se desarrollan en colaboraci\u00f3n con algunos de los principales expertos en ciberseguridad del mundo: Oren Elimelech y su equipo. Combinamos el conocimiento israel\u00ed con soluciones tecnol\u00f3gicas avanzadas para brindar un entorno seguro y cobertura para todos nuestros clientes. Por \u00faltimo, pero no menos importante, trabajamos arduamente para aumentar la conciencia de todos sobre por qu\u00e9 la protecci\u00f3n cibern\u00e9tica es vital. El alcance de las soluciones de seguros que ofrecemos es amplio: satisfacemos las necesidades de corporaciones grandes y complejas; peque\u00f1as y medianas empresas; e incluso las de personas normales en su vida cotidiana. Cyber \u200b\u200bLev Ins cumple con las normas de seguro de libertad de servicio (FOS) y los requisitos de equidad, no discriminaci\u00f3n y protecci\u00f3n del consumidor. Para obtener m\u00e1s informaci\u00f3n sobre el seguro bajo <a href=\"https:\/\/cyberlevins.com\/wp-content\/uploads\/2021\/11\/Insurance_under_FOS.pdf\">FOS, haga clic aqu\u00ed.<\/a><\/span><\/p>\t\t\t\t\t\t\t\t<\/div>\n\t\t\t\t<\/div>\n\t\t\t\t\t<\/div>\n\t\t<\/div>\n\t\t\t\t<div class=\"elementor-column elementor-col-50 elementor-top-column elementor-element elementor-element-9d9e26b\" data-id=\"9d9e26b\" data-element_type=\"column\">\n\t\t\t<div class=\"elementor-widget-wrap\">\n\t\t\t\t\t\t\t<\/div>\n\t\t<\/div>\n\t\t\t\t\t<\/div>\n\t\t<\/section>\n\t\t\t\t<section class=\"elementor-section elementor-top-section elementor-element elementor-element-9e0c07d elementor-section-boxed elementor-section-height-default elementor-section-height-default\" data-id=\"9e0c07d\" data-element_type=\"section\">\n\t\t\t\t\t\t<div class=\"elementor-container elementor-column-gap-default\">\n\t\t\t\t\t<div class=\"elementor-column elementor-col-100 elementor-top-column elementor-element elementor-element-d37563c\" data-id=\"d37563c\" data-element_type=\"column\">\n\t\t\t<div class=\"elementor-widget-wrap elementor-element-populated\">\n\t\t\t\t\t\t<div class=\"elementor-element elementor-element-dbacf32 elementor-widget elementor-widget-heading\" data-id=\"dbacf32\" data-element_type=\"widget\" data-widget_type=\"heading.default\">\n\t\t\t\t<div class=\"elementor-widget-container\">\n\t\t\t\t\t<h2 class=\"elementor-heading-title elementor-size-default\">\u00bfEn qu\u00e9 nos diferenciamos?<\/h2>\t\t\t\t<\/div>\n\t\t\t\t<\/div>\n\t\t\t\t<section class=\"elementor-section elementor-inner-section elementor-element elementor-element-757d59d elementor-section-boxed elementor-section-height-default elementor-section-height-default\" data-id=\"757d59d\" data-element_type=\"section\">\n\t\t\t\t\t\t<div class=\"elementor-container elementor-column-gap-default\">\n\t\t\t\t\t<div class=\"elementor-column elementor-col-33 elementor-inner-column elementor-element elementor-element-6bdace36\" data-id=\"6bdace36\" data-element_type=\"column\" data-settings=\"{&quot;background_background&quot;:&quot;classic&quot;}\">\n\t\t\t<div class=\"elementor-widget-wrap elementor-element-populated\">\n\t\t\t\t\t\t<div class=\"elementor-element elementor-element-de57bbd elementor-widget elementor-widget-image\" data-id=\"de57bbd\" data-element_type=\"widget\" data-widget_type=\"image.default\">\n\t\t\t\t<div class=\"elementor-widget-container\">\n\t\t\t\t\t\t\t\t\t\t\t\t\t\t\t<img decoding=\"async\" width=\"83\" height=\"83\" src=\"https:\/\/cyberlevins.com\/wp-content\/uploads\/2021\/05\/pc_protected-1.png\" class=\"attachment-full size-full wp-image-1880\" alt=\"Cyber Lev Ins benefits\" \/>\t\t\t\t\t\t\t\t\t\t\t\t\t\t\t<\/div>\n\t\t\t\t<\/div>\n\t\t\t\t<div class=\"elementor-element elementor-element-3b5338d3 elementor-widget elementor-widget-text-editor\" data-id=\"3b5338d3\" data-element_type=\"widget\" data-widget_type=\"text-editor.default\">\n\t\t\t\t<div class=\"elementor-widget-container\">\n\t\t\t\t\t\t\t\t\t<p><span data-sheets-value=\"{&quot;1&quot;:2,&quot;2&quot;:&quot;Somos un asegurador habilitado para tecnolog\u00eda. La poderosa herramienta de mitigaci\u00f3n de riesgos de Cyber Lev Ins, nuestro Centro de Operaciones de Seguridad interno, le garantiza una respuesta inmediata a las amenazas cibern\u00e9ticas existentes o emergentes.&quot;}\" data-sheets-userformat=\"{&quot;2&quot;:14977,&quot;3&quot;:{&quot;1&quot;:0},&quot;10&quot;:2,&quot;12&quot;:0,&quot;14&quot;:{&quot;1&quot;:2,&quot;2&quot;:0},&quot;15&quot;:&quot;Calibri&quot;,&quot;16&quot;:11}\">Somos un asegurador habilitado para tecnolog\u00eda. La poderosa herramienta de mitigaci\u00f3n de riesgos de Cyber Lev Ins, nuestro Centro de Operaciones de Seguridad interno, le garantiza una respuesta inmediata a las amenazas cibern\u00e9ticas existentes o emergentes.<\/span><\/p>\t\t\t\t\t\t\t\t<\/div>\n\t\t\t\t<\/div>\n\t\t\t\t\t<\/div>\n\t\t<\/div>\n\t\t\t\t<div class=\"elementor-column elementor-col-33 elementor-inner-column elementor-element elementor-element-314a309a\" data-id=\"314a309a\" data-element_type=\"column\" data-settings=\"{&quot;background_background&quot;:&quot;classic&quot;}\">\n\t\t\t<div class=\"elementor-widget-wrap elementor-element-populated\">\n\t\t\t\t\t\t<div class=\"elementor-element elementor-element-39c04b6 elementor-widget elementor-widget-image\" data-id=\"39c04b6\" data-element_type=\"widget\" data-widget_type=\"image.default\">\n\t\t\t\t<div class=\"elementor-widget-container\">\n\t\t\t\t\t\t\t\t\t\t\t\t\t\t\t<img decoding=\"async\" width=\"83\" height=\"83\" src=\"https:\/\/cyberlevins.com\/wp-content\/uploads\/2021\/05\/24_7-1.png\" class=\"attachment-full size-full wp-image-1874\" alt=\"call center\" \/>\t\t\t\t\t\t\t\t\t\t\t\t\t\t\t<\/div>\n\t\t\t\t<\/div>\n\t\t\t\t<div class=\"elementor-element elementor-element-a9789a9 elementor-widget elementor-widget-text-editor\" data-id=\"a9789a9\" data-element_type=\"widget\" data-widget_type=\"text-editor.default\">\n\t\t\t\t<div class=\"elementor-widget-container\">\n\t\t\t\t\t\t\t\t\t<p><span data-sheets-value=\"{&quot;1&quot;:2,&quot;2&quot;:&quot;Adem\u00e1s, tenemos una l\u00ednea directa internacional 24\/7 donde proporcionamos tres niveles de asistencia a nuestros clientes.&quot;}\" data-sheets-userformat=\"{&quot;2&quot;:14977,&quot;3&quot;:{&quot;1&quot;:0},&quot;10&quot;:2,&quot;12&quot;:0,&quot;14&quot;:{&quot;1&quot;:2,&quot;2&quot;:0},&quot;15&quot;:&quot;Calibri&quot;,&quot;16&quot;:11}\">Adem\u00e1s, tenemos una l\u00ednea directa internacional 24\/7 donde proporcionamos tres niveles de asistencia a nuestros clientes.<\/span><\/p>\t\t\t\t\t\t\t\t<\/div>\n\t\t\t\t<\/div>\n\t\t\t\t\t<\/div>\n\t\t<\/div>\n\t\t\t\t<div class=\"elementor-column elementor-col-33 elementor-inner-column elementor-element elementor-element-37d70e72\" data-id=\"37d70e72\" data-element_type=\"column\" data-settings=\"{&quot;background_background&quot;:&quot;classic&quot;}\">\n\t\t\t<div class=\"elementor-widget-wrap elementor-element-populated\">\n\t\t\t\t\t\t<div class=\"elementor-element elementor-element-a994b81 elementor-widget elementor-widget-image\" data-id=\"a994b81\" data-element_type=\"widget\" data-widget_type=\"image.default\">\n\t\t\t\t<div class=\"elementor-widget-container\">\n\t\t\t\t\t\t\t\t\t\t\t\t\t\t\t<img decoding=\"async\" width=\"83\" height=\"83\" src=\"https:\/\/cyberlevins.com\/wp-content\/uploads\/2021\/05\/SOC-1.png\" class=\"attachment-full size-full wp-image-1868\" alt=\"\" \/>\t\t\t\t\t\t\t\t\t\t\t\t\t\t\t<\/div>\n\t\t\t\t<\/div>\n\t\t\t\t<div class=\"elementor-element elementor-element-1b71d7b4 elementor-widget elementor-widget-text-editor\" data-id=\"1b71d7b4\" data-element_type=\"widget\" data-widget_type=\"text-editor.default\">\n\t\t\t\t<div class=\"elementor-widget-container\">\n\t\t\t\t\t\t\t\t\t<p><span data-sheets-value=\"{&quot;1&quot;:2,&quot;2&quot;:&quot;Esforz\u00e1ndonos por ampliar y mejorar constantemente nuestras soluciones de seguros cibern\u00e9ticos, trabajamos duro por su tranquilidad. Cyber Lev Ins le ayuda a prevenir ciberataques y hacer crecer su negocio de una manera segura.&quot;}\" data-sheets-userformat=\"{&quot;2&quot;:14977,&quot;3&quot;:{&quot;1&quot;:0},&quot;10&quot;:2,&quot;12&quot;:0,&quot;14&quot;:{&quot;1&quot;:2,&quot;2&quot;:0},&quot;15&quot;:&quot;Calibri&quot;,&quot;16&quot;:11}\">Esforz\u00e1ndonos por ampliar y mejorar constantemente nuestras soluciones de seguros cibern\u00e9ticos, trabajamos duro por su tranquilidad. Cyber Lev Ins le ayuda a prevenir ciberataques y hacer crecer su negocio de una manera segura.<\/span><\/p>\t\t\t\t\t\t\t\t<\/div>\n\t\t\t\t<\/div>\n\t\t\t\t\t<\/div>\n\t\t<\/div>\n\t\t\t\t\t<\/div>\n\t\t<\/section>\n\t\t\t\t\t<\/div>\n\t\t<\/div>\n\t\t\t\t\t<\/div>\n\t\t<\/section>\n\t\t\t\t<section class=\"elementor-section elementor-top-section elementor-element elementor-element-c70506a elementor-section-boxed elementor-section-height-default elementor-section-height-default\" data-id=\"c70506a\" data-element_type=\"section\">\n\t\t\t\t\t\t<div class=\"elementor-container elementor-column-gap-default\">\n\t\t\t\t\t<div class=\"elementor-column elementor-col-100 elementor-top-column elementor-element elementor-element-9f2b74b\" data-id=\"9f2b74b\" data-element_type=\"column\">\n\t\t\t<div class=\"elementor-widget-wrap elementor-element-populated\">\n\t\t\t\t\t\t<div class=\"elementor-element elementor-element-1047de9 elementor-widget elementor-widget-heading\" data-id=\"1047de9\" data-element_type=\"widget\" data-widget_type=\"heading.default\">\n\t\t\t\t<div class=\"elementor-widget-container\">\n\t\t\t\t\t<h2 class=\"elementor-heading-title elementor-size-default\">As\u00ed es como ofrecemos protecci\u00f3n activa contra la intrusi\u00f3n din\u00e1mica.<\/h2>\t\t\t\t<\/div>\n\t\t\t\t<\/div>\n\t\t\t\t\t<\/div>\n\t\t<\/div>\n\t\t\t\t\t<\/div>\n\t\t<\/section>\n\t\t\t\t<section class=\"elementor-section elementor-inner-section elementor-element elementor-element-730653e7 elementor-section-boxed elementor-section-height-default elementor-section-height-default\" data-id=\"730653e7\" data-element_type=\"section\">\n\t\t\t\t\t\t<div class=\"elementor-container elementor-column-gap-no\">\n\t\t\t\t\t\t<\/div>\n\t\t<\/section>\n\t\t\t\t<section class=\"elementor-section elementor-inner-section elementor-element elementor-element-31e1fba2 elementor-section-boxed elementor-section-height-default elementor-section-height-default\" data-id=\"31e1fba2\" data-element_type=\"section\">\n\t\t\t\t\t\t<div class=\"elementor-container elementor-column-gap-no\">\n\t\t\t\t\t<div class=\"elementor-column elementor-col-33 elementor-inner-column elementor-element elementor-element-5fb20ddd\" data-id=\"5fb20ddd\" data-element_type=\"column\">\n\t\t\t<div class=\"elementor-widget-wrap elementor-element-populated\">\n\t\t\t\t\t\t<div class=\"elementor-element elementor-element-18f4f501 elementor-widget elementor-widget-button\" data-id=\"18f4f501\" data-element_type=\"widget\" data-widget_type=\"button.default\">\n\t\t\t\t<div class=\"elementor-widget-container\">\n\t\t\t\t\t\t\t\t\t<div class=\"elementor-button-wrapper\">\n\t\t\t\t\t<a class=\"elementor-button elementor-button-link elementor-size-lg\" href=\"https:\/\/cyberlevins.com\/es\/insurance-products\">\n\t\t\t\t\t\t<span class=\"elementor-button-content-wrapper\">\n\t\t\t\t\t\t\t\t\t<span class=\"elementor-button-text\">Ver nuestros productos<\/span>\n\t\t\t\t\t<\/span>\n\t\t\t\t\t<\/a>\n\t\t\t\t<\/div>\n\t\t\t\t\t\t\t\t<\/div>\n\t\t\t\t<\/div>\n\t\t\t\t\t<\/div>\n\t\t<\/div>\n\t\t\t\t<div class=\"elementor-column elementor-col-33 elementor-inner-column elementor-element elementor-element-7f6e6d2\" data-id=\"7f6e6d2\" data-element_type=\"column\">\n\t\t\t<div class=\"elementor-widget-wrap\">\n\t\t\t\t\t\t\t<\/div>\n\t\t<\/div>\n\t\t\t\t<div class=\"elementor-column elementor-col-33 elementor-inner-column elementor-element elementor-element-12d81cf\" data-id=\"12d81cf\" data-element_type=\"column\">\n\t\t\t<div class=\"elementor-widget-wrap elementor-element-populated\">\n\t\t\t\t\t\t<div class=\"elementor-element elementor-element-bb94c2e elementor-widget elementor-widget-button\" data-id=\"bb94c2e\" data-element_type=\"widget\" data-widget_type=\"button.default\">\n\t\t\t\t<div class=\"elementor-widget-container\">\n\t\t\t\t\t\t\t\t\t<div class=\"elementor-button-wrapper\">\n\t\t\t\t\t<a class=\"elementor-button elementor-button-link elementor-size-lg\" href=\"https:\/\/cyberlevins.com\/es\/resources\">\n\t\t\t\t\t\t<span class=\"elementor-button-content-wrapper\">\n\t\t\t\t\t\t\t\t\t<span class=\"elementor-button-text\">Descargar folletos<\/span>\n\t\t\t\t\t<\/span>\n\t\t\t\t\t<\/a>\n\t\t\t\t<\/div>\n\t\t\t\t\t\t\t\t<\/div>\n\t\t\t\t<\/div>\n\t\t\t\t\t<\/div>\n\t\t<\/div>\n\t\t\t\t\t<\/div>\n\t\t<\/section>\n\t\t\t\t<section class=\"elementor-section elementor-inner-section elementor-element elementor-element-1417b203 elementor-section-boxed elementor-section-height-default elementor-section-height-default\" data-id=\"1417b203\" data-element_type=\"section\">\n\t\t\t\t\t\t<div class=\"elementor-container elementor-column-gap-no\">\n\t\t\t\t\t\t<\/div>\n\t\t<\/section>\n\t\t\t\t<section class=\"elementor-section elementor-top-section elementor-element elementor-element-302cfdee elementor-section-boxed elementor-section-height-default elementor-section-height-default\" data-id=\"302cfdee\" data-element_type=\"section\">\n\t\t\t\t\t\t<div class=\"elementor-container elementor-column-gap-default\">\n\t\t\t\t\t<div class=\"elementor-column elementor-col-50 elementor-top-column elementor-element elementor-element-7bd68606\" data-id=\"7bd68606\" data-element_type=\"column\">\n\t\t\t<div class=\"elementor-widget-wrap elementor-element-populated\">\n\t\t\t\t\t\t<div class=\"elementor-element elementor-element-4f34a7db elementor-widget elementor-widget-heading\" data-id=\"4f34a7db\" data-element_type=\"widget\" data-widget_type=\"heading.default\">\n\t\t\t\t<div class=\"elementor-widget-container\">\n\t\t\t\t\t<h2 class=\"elementor-heading-title elementor-size-default\">Cont\u00e1ctanos<\/h2>\t\t\t\t<\/div>\n\t\t\t\t<\/div>\n\t\t\t\t<div class=\"elementor-element elementor-element-2b3bdaee elementor-widget elementor-widget-text-editor\" data-id=\"2b3bdaee\" data-element_type=\"widget\" data-widget_type=\"text-editor.default\">\n\t\t\t\t<div class=\"elementor-widget-container\">\n\t\t\t\t\t\t\t\t\t<p><span data-sheets-value=\"{&quot;1&quot;:2,&quot;2&quot;:&quot;Estamos listos para ayudarlo en cualquier situaci\u00f3n y entorno desconocido. Simplemente puede llamarnos a nuestros tel\u00e9fonos gratuitos las 24 horas.&quot;}\" data-sheets-userformat=\"{&quot;2&quot;:14977,&quot;3&quot;:{&quot;1&quot;:0},&quot;10&quot;:2,&quot;12&quot;:0,&quot;14&quot;:{&quot;1&quot;:2,&quot;2&quot;:0},&quot;15&quot;:&quot;Calibri&quot;,&quot;16&quot;:11}\">Estamos listos para ayudarlo en cualquier situaci\u00f3n y entorno desconocido. Simplemente puede llamarnos a nuestros tel\u00e9fonos gratuitos las 24 horas.<\/span><\/p>\t\t\t\t\t\t\t\t<\/div>\n\t\t\t\t<\/div>\n\t\t\t\t\t<\/div>\n\t\t<\/div>\n\t\t\t\t<div class=\"elementor-column elementor-col-50 elementor-top-column elementor-element elementor-element-60b61b60\" data-id=\"60b61b60\" data-element_type=\"column\">\n\t\t\t<div class=\"elementor-widget-wrap elementor-element-populated\">\n\t\t\t\t\t\t<div class=\"elementor-element elementor-element-62cc08f7 elementor-widget elementor-widget-image\" data-id=\"62cc08f7\" data-element_type=\"widget\" data-widget_type=\"image.default\">\n\t\t\t\t<div class=\"elementor-widget-container\">\n\t\t\t\t\t\t\t\t\t\t\t\t\t\t\t<img loading=\"lazy\" decoding=\"async\" width=\"74\" height=\"74\" src=\"https:\/\/cyberlevins.com\/wp-content\/uploads\/2021\/04\/24h.png\" class=\"attachment-large size-large wp-image-714\" alt=\"\" \/>\t\t\t\t\t\t\t\t\t\t\t\t\t\t\t<\/div>\n\t\t\t\t<\/div>\n\t\t\t\t<div class=\"elementor-element elementor-element-1e0e81fc elementor-align-center elementor-widget elementor-widget-button\" data-id=\"1e0e81fc\" data-element_type=\"widget\" data-widget_type=\"button.default\">\n\t\t\t\t<div class=\"elementor-widget-container\">\n\t\t\t\t\t\t\t\t\t<div class=\"elementor-button-wrapper\">\n\t\t\t\t\t<a class=\"elementor-button elementor-button-link elementor-size-xl\" href=\"tel:00%20800%2010%20200%20000\">\n\t\t\t\t\t\t<span class=\"elementor-button-content-wrapper\">\n\t\t\t\t\t\t\t\t\t<span class=\"elementor-button-text\">00 800 10 200 000<\/span>\n\t\t\t\t\t<\/span>\n\t\t\t\t\t<\/a>\n\t\t\t\t<\/div>\n\t\t\t\t\t\t\t\t<\/div>\n\t\t\t\t<\/div>\n\t\t\t\t\t<\/div>\n\t\t<\/div>\n\t\t\t\t\t<\/div>\n\t\t<\/section>\n\t\t\t\t<\/div>\n\t\t","protected":false},"excerpt":{"rendered":"<p>Mantenemos sus datos asegurados, por lo que el crecimiento de su negocio est\u00e1 asegurado. Sobre nosotros Cyber \u200b\u200bLev Ins es su lugar de referencia para una protecci\u00f3n completa en el mundo digital. Estar sano y salvo en la realidad en l\u00ednea de hoy no es una cuesti\u00f3n de asegurar sus activos digitales. No depende de [&hellip;]<\/p>\n","protected":false},"author":1,"featured_media":0,"parent":0,"menu_order":0,"comment_status":"closed","ping_status":"closed","template":"","meta":{"site-sidebar-layout":"default","site-content-layout":"page-builder","ast-site-content-layout":"default","site-content-style":"default","site-sidebar-style":"default","ast-global-header-display":"","ast-banner-title-visibility":"","ast-main-header-display":"","ast-hfb-above-header-display":"","ast-hfb-below-header-display":"","ast-hfb-mobile-header-display":"","site-post-title":"disabled","ast-breadcrumbs-content":"","ast-featured-img":"disabled","footer-sml-layout":"","theme-transparent-header-meta":"disabled","adv-header-id-meta":"755","stick-header-meta":"default","header-above-stick-meta":"","header-main-stick-meta":"","header-below-stick-meta":"","astra-migrate-meta-layouts":"default","ast-page-background-enabled":"default","ast-page-background-meta":{"desktop":{"background-color":"","background-image":"","background-repeat":"repeat","background-position":"center center","background-size":"auto","background-attachment":"scroll","background-type":"","background-media":"","overlay-type":"","overlay-color":"","overlay-opacity":"","overlay-gradient":""},"tablet":{"background-color":"","background-image":"","background-repeat":"repeat","background-position":"center center","background-size":"auto","background-attachment":"scroll","background-type":"","background-media":"","overlay-type":"","overlay-color":"","overlay-opacity":"","overlay-gradient":""},"mobile":{"background-color":"","background-image":"","background-repeat":"repeat","background-position":"center center","background-size":"auto","background-attachment":"scroll","background-type":"","background-media":"","overlay-type":"","overlay-color":"","overlay-opacity":"","overlay-gradient":""}},"ast-content-background-meta":{"desktop":{"background-color":"var(--ast-global-color-5)","background-image":"","background-repeat":"repeat","background-position":"center center","background-size":"auto","background-attachment":"scroll","background-type":"","background-media":"","overlay-type":"","overlay-color":"","overlay-opacity":"","overlay-gradient":""},"tablet":{"background-color":"var(--ast-global-color-5)","background-image":"","background-repeat":"repeat","background-position":"center center","background-size":"auto","background-attachment":"scroll","background-type":"","background-media":"","overlay-type":"","overlay-color":"","overlay-opacity":"","overlay-gradient":""},"mobile":{"background-color":"var(--ast-global-color-5)","background-image":"","background-repeat":"repeat","background-position":"center center","background-size":"auto","background-attachment":"scroll","background-type":"","background-media":"","overlay-type":"","overlay-color":"","overlay-opacity":"","overlay-gradient":""}},"footnotes":""},"class_list":["post-7792","page","type-page","status-publish","hentry"],"aioseo_notices":[],"_links":{"self":[{"href":"https:\/\/cyberlevins.com\/es\/wp-json\/wp\/v2\/pages\/7792","targetHints":{"allow":["GET"]}}],"collection":[{"href":"https:\/\/cyberlevins.com\/es\/wp-json\/wp\/v2\/pages"}],"about":[{"href":"https:\/\/cyberlevins.com\/es\/wp-json\/wp\/v2\/types\/page"}],"author":[{"embeddable":true,"href":"https:\/\/cyberlevins.com\/es\/wp-json\/wp\/v2\/users\/1"}],"replies":[{"embeddable":true,"href":"https:\/\/cyberlevins.com\/es\/wp-json\/wp\/v2\/comments?post=7792"}],"version-history":[{"count":8,"href":"https:\/\/cyberlevins.com\/es\/wp-json\/wp\/v2\/pages\/7792\/revisions"}],"predecessor-version":[{"id":7810,"href":"https:\/\/cyberlevins.com\/es\/wp-json\/wp\/v2\/pages\/7792\/revisions\/7810"}],"wp:attachment":[{"href":"https:\/\/cyberlevins.com\/es\/wp-json\/wp\/v2\/media?parent=7792"}],"curies":[{"name":"wp","href":"https:\/\/api.w.org\/{rel}","templated":true}]}}